{"id":709118,"date":"2025-08-27T16:22:01","date_gmt":"2025-08-27T13:22:01","guid":{"rendered":"https:\/\/roveyayinevi.com.tr\/index.php\/urun\/dunyanin-en-guzel-gemisi\/"},"modified":"2026-04-12T02:20:48","modified_gmt":"2026-04-11T23:20:48","slug":"dunyanin-en-guzel-gemisi","status":"publish","type":"product","link":"https:\/\/roveyayinevi.com.tr\/index.php\/urun\/dunyanin-en-guzel-gemisi\/","title":{"rendered":"D\u00fcnyan\u0131n En G\u00fczel Gemisi"},"content":{"rendered":"<p>1950 ile 60 aras\u0131 y\u0131llar \u2026 Ya\u015fad\u0131klar\u0131n\u0131 \u00f6yk\u00fcle\u015ftirmek .. ya da \u00f6yk\u00fclerle ya\u015fam\u0131\u015f olmak\u2026 Yazabilmenin olanca heyecan\u0131 .. O mutluluk\u2026Seni okuyorlar.. ve senden \u00f6yk\u00fcler isteniyor\u2026 Sonra sonra \u00f6yk\u00fclerden kopacak, sinemaya, senaryolara yakla\u015facaks\u0131n\u2026 Bu kitap o \u00f6yk\u00fclere, o \u00f6yk\u00fc insanlar\u0131na, \u00f6yk\u00fclerdeki olaylara veda bir anlamda\u2026 Bunca y\u0131ldan sonra gene bulu\u015fmak varm\u0131\u015f.. Iyi ki yazm\u0131\u015f\u0131m..\u0130yi ki yazm\u0131\u015f\u0131m.   D\u00fcnyan\u0131n En G\u00fczel Gemisi\u2019ni 57 y\u0131l sonra yeniden yay\u0131nlayan Profil Kitap, birka\u00e7 defa yenilenmi\u015f, bir okuyucu nesline yeniden \u00f6zenli bir hizmet veriyor..   Ne Kadar Gaml\u0131 Bu Ak\u015fam Vakti \u2013 Safa \u00d6NAL kitab\u0131 bu bas\u0131m\u0131nda yeni an\u0131lar ve daha \u00f6nce unutulmu\u015f yaz\u0131 ve resim ilaveleriyle \u00e7ok yak\u0131nda sizlere ula\u015fm\u0131\u015f olacak..   Vesikal\u0131 Yarim, Ah G\u00fczel \u0130stanbul, Tatar Ramazan, Umut D\u00fcnyas\u0131 ve Ta\u00e7s\u0131z Kral.. Film olarak d\u00f6nemlerinde patlama yapm\u0131\u015f, be\u015fi de K\u00fclt Film olarak, sinema d\u00fcnyas\u0131n\u0131n haf\u0131zas\u0131na yerle\u015fmi\u015f.. Safa \u00d6NAL\u2019\u0131n senaryolar\u0131 yak\u0131n bir gelecekte kitap olarak g\u00fcn \u0131\u015f\u0131\u011f\u0131na \u00e7\u0131kacak\u2026 Her biri \u00f6zenli bir roman tad\u0131nda ve tarz\u0131nda yaz\u0131lm\u0131\u015f olarak bekleyenlerine ula\u015facak\u2026 <\/p>\n","protected":false},"excerpt":{"rendered":"<p>1950 ile 60 aras\u0131 y\u0131llar \u2026 Ya\u015fad\u0131klar\u0131n\u0131 \u00f6yk\u00fcle\u015ftirmek .. ya da \u00f6yk\u00fclerle ya\u015fam\u0131\u015f olmak\u2026 Yazabilmenin olanca heyecan\u0131 .. O mutluluk\u2026Seni okuyorlar.. ve senden \u00f6yk\u00fcler isteniyor\u2026 Sonra<span class=\"excerpt-hellip\"> [\u2026]<\/span><\/p>\n","protected":false},"featured_media":0,"template":"","meta":{"_monsterinsights_skip_tracking":false,"_monsterinsights_sitenote_active":false,"_monsterinsights_sitenote_note":"","_monsterinsights_sitenote_category":0},"product_brand":[],"product_cat":[12291,12711],"product_tag":[],"class_list":{"0":"post-709118","1":"product","2":"type-product","3":"status-publish","5":"product_cat-edebiyat","6":"product_cat-roman-oyku","7":"pa_cilt-ciltsiz","8":"pa_tur-kitap","9":"pa_yayinevi-profil-kitap","10":"pa_yazar-safa-onal","12":"first","13":"instock","14":"sale","15":"shipping-taxable","16":"purchasable","17":"product-type-simple"},"_links":{"self":[{"href":"https:\/\/roveyayinevi.com.tr\/index.php\/wp-json\/wp\/v2\/product\/709118","targetHints":{"allow":["GET"]}}],"collection":[{"href":"https:\/\/roveyayinevi.com.tr\/index.php\/wp-json\/wp\/v2\/product"}],"about":[{"href":"https:\/\/roveyayinevi.com.tr\/index.php\/wp-json\/wp\/v2\/types\/product"}],"wp:attachment":[{"href":"https:\/\/roveyayinevi.com.tr\/index.php\/wp-json\/wp\/v2\/media?parent=709118"}],"wp:term":[{"taxonomy":"product_brand","embeddable":true,"href":"https:\/\/roveyayinevi.com.tr\/index.php\/wp-json\/wp\/v2\/product_brand?post=709118"},{"taxonomy":"product_cat","embeddable":true,"href":"https:\/\/roveyayinevi.com.tr\/index.php\/wp-json\/wp\/v2\/product_cat?post=709118"},{"taxonomy":"product_tag","embeddable":true,"href":"https:\/\/roveyayinevi.com.tr\/index.php\/wp-json\/wp\/v2\/product_tag?post=709118"}],"curies":[{"name":"wp","href":"https:\/\/api.w.org\/{rel}","templated":true}]}}