{"id":709116,"date":"2025-08-27T16:22:00","date_gmt":"2025-08-27T13:22:00","guid":{"rendered":"https:\/\/roveyayinevi.com.tr\/index.php\/urun\/yaralar-ve-diger-sebeplerden\/"},"modified":"2026-04-16T02:17:56","modified_gmt":"2026-04-15T23:17:56","slug":"yaralar-ve-diger-sebeplerden","status":"publish","type":"product","link":"https:\/\/roveyayinevi.com.tr\/index.php\/urun\/yaralar-ve-diger-sebeplerden\/","title":{"rendered":"Yaralar ve Di\u011fer Sebeplerden"},"content":{"rendered":"<p>Bir samuray g\u00fcne\u015fte parlayan k\u0131l\u0131c\u0131n\u0131 kald\u0131r\u0131p, havada \u0130syan Ahl\u00e2k\u0131n\u0131 temsilen bir harf \u00e7iziyor. K\u00f6ro\u011flu, K\u0131rat\u2019\u0131n\u0131 \u015faha kald\u0131r\u0131p kendini \u00f6l\u00fcms\u00fcz zanneden b\u00fct\u00fcn zalimleri titretecek bir selam g\u00f6nderiyor menzilini a\u015fan oklar gibi. Mike Tyson bir umudu eritip balyoz diye yumruklar\u0131na d\u00f6kerken, \u0130zmir\u2019de bir f\u0131r\u0131nda M\u00fcsl\u00fcm dinleyen \u00e7ocuklar\u0131n elleri havaya kalk\u0131yor. Verem \u00fcretimi d\u00fc\u015f\u00fcrm\u00fc\u015f ama mendillerden kan sesleri, kara hanelerde \u00f6l\u00fcmc\u00fcl bir senfoninin son repertuar\u0131 gibi y\u00fckseliyor. G\u00f6kten kar diye \u201cKars Savunmas\u0131\u201d ya\u011f\u0131yor, bembeyaz bir \u00f6zg\u00fcrl\u00fc\u011f\u00fc ezbere bir T\u00fcrkiye haritas\u0131 gibi \u00e7iziyor \u015fairler. Hong Kong\u2019lu hem\u015ferimiz Bruce Lee kara kafal\u0131 \u00e7ocuklarla kavgaya giriyor. \u00c7\u00f6lde bir kum f\u0131rt\u0131nas\u0131 b\u00fct\u00fcn izlerini silmi\u015fken d\u00fcnya a\u011fr\u0131s\u0131n\u0131n, g\u00fcnler kum taneleri gibi bizi Allah\u2019a g\u00f6t\u00fcr\u00fcyor. Ve kabuklar, yaralara \u00e2\u015f\u0131k oluyor. Derken, zor zamanlarda bir telefonla b\u00fct\u00fcn kelimeler toplan\u0131yor. <\/p>\n","protected":false},"excerpt":{"rendered":"<p>Bir samuray g\u00fcne\u015fte parlayan k\u0131l\u0131c\u0131n\u0131 kald\u0131r\u0131p, havada \u0130syan Ahl\u00e2k\u0131n\u0131 temsilen bir harf \u00e7iziyor. K\u00f6ro\u011flu, K\u0131rat\u2019\u0131n\u0131 \u015faha kald\u0131r\u0131p kendini \u00f6l\u00fcms\u00fcz zanneden b\u00fct\u00fcn zalimleri titretecek bir selam g\u00f6nderiyor<span class=\"excerpt-hellip\"> [\u2026]<\/span><\/p>\n","protected":false},"featured_media":0,"template":"","meta":{"_monsterinsights_skip_tracking":false,"_monsterinsights_sitenote_active":false,"_monsterinsights_sitenote_note":"","_monsterinsights_sitenote_category":0},"product_brand":[],"product_cat":[12777,12291],"product_tag":[],"class_list":{"0":"post-709116","1":"product","2":"type-product","3":"status-publish","5":"product_cat-deneme","6":"product_cat-edebiyat","7":"pa_cilt-ciltsiz","8":"pa_tur-kitap","9":"pa_yayinevi-profil-kitap","10":"pa_yazar-guven-adiguzel","12":"first","13":"instock","14":"sale","15":"shipping-taxable","16":"purchasable","17":"product-type-simple"},"_links":{"self":[{"href":"https:\/\/roveyayinevi.com.tr\/index.php\/wp-json\/wp\/v2\/product\/709116","targetHints":{"allow":["GET"]}}],"collection":[{"href":"https:\/\/roveyayinevi.com.tr\/index.php\/wp-json\/wp\/v2\/product"}],"about":[{"href":"https:\/\/roveyayinevi.com.tr\/index.php\/wp-json\/wp\/v2\/types\/product"}],"wp:attachment":[{"href":"https:\/\/roveyayinevi.com.tr\/index.php\/wp-json\/wp\/v2\/media?parent=709116"}],"wp:term":[{"taxonomy":"product_brand","embeddable":true,"href":"https:\/\/roveyayinevi.com.tr\/index.php\/wp-json\/wp\/v2\/product_brand?post=709116"},{"taxonomy":"product_cat","embeddable":true,"href":"https:\/\/roveyayinevi.com.tr\/index.php\/wp-json\/wp\/v2\/product_cat?post=709116"},{"taxonomy":"product_tag","embeddable":true,"href":"https:\/\/roveyayinevi.com.tr\/index.php\/wp-json\/wp\/v2\/product_tag?post=709116"}],"curies":[{"name":"wp","href":"https:\/\/api.w.org\/{rel}","templated":true}]}}