{"id":709114,"date":"2025-08-27T16:21:59","date_gmt":"2025-08-27T13:21:59","guid":{"rendered":"https:\/\/roveyayinevi.com.tr\/index.php\/urun\/one-punch-man-cilt-8\/"},"modified":"2026-04-16T02:17:56","modified_gmt":"2026-04-15T23:17:56","slug":"one-punch-man-cilt-8","status":"publish","type":"product","link":"https:\/\/roveyayinevi.com.tr\/index.php\/urun\/one-punch-man-cilt-8\/","title":{"rendered":"One-Punch Man \u2013 Cilt 8"},"content":{"rendered":"<p>S s\u0131n\u0131f\u0131 kahramanlar\u0131ndan biri olan Kral\u2026 Pek \u00e7oklar\u0131 onu yery\u00fcz\u00fcndeki en g\u00fc\u00e7l\u00fc insan olarak kabulediyor, hatta canavarlar bile korkuyorlar ondan. Gizemli bir \u00f6rg\u00fct, S s\u0131n\u0131f\u0131 kahramanlar\u0131n\u0131n en \u00fcnl\u00fcs\u00fcn\u00fc\u00f6ld\u00fcrmek i\u00e7in bir suikast\u00e7\u0131 g\u00f6nderiyor ve S s\u0131n\u0131f\u0131 bir kahraman olan Kral ile ilgili \u015fa\u015f\u0131rt\u0131c\u0131 ger\u00e7ekler birerbirer if\u015fa oluyor\u2026 Bakal\u0131m Kral b\u00f6yle zorlu bir durumdayken, bizim kahramanlar\u0131m\u0131z Genos ve Saitamane yapacak?! <\/p>\n","protected":false},"excerpt":{"rendered":"<p>S s\u0131n\u0131f\u0131 kahramanlar\u0131ndan biri olan Kral\u2026 Pek \u00e7oklar\u0131 onu yery\u00fcz\u00fcndeki en g\u00fc\u00e7l\u00fc insan olarak kabulediyor, hatta canavarlar bile korkuyorlar ondan. Gizemli bir \u00f6rg\u00fct, S s\u0131n\u0131f\u0131 kahramanlar\u0131n\u0131n<span class=\"excerpt-hellip\"> [\u2026]<\/span><\/p>\n","protected":false},"featured_media":0,"template":"","meta":{"_monsterinsights_skip_tracking":false,"_monsterinsights_sitenote_active":false,"_monsterinsights_sitenote_note":"","_monsterinsights_sitenote_category":0},"product_brand":[],"product_cat":[12689,12274],"product_tag":[],"class_list":{"0":"post-709114","1":"product","2":"type-product","3":"status-publish","5":"product_cat-cizgi-roman-cocuk-ve-genclik-kitaplari","6":"product_cat-cocuk-ve-genclik-kitaplari","7":"pa_cilt-ciltsiz","8":"pa_tur-kitap","9":"pa_yayinevi-akil-celen-kitaplar","10":"pa_yazar-kolektif","12":"first","13":"instock","14":"sale","15":"shipping-taxable","16":"purchasable","17":"product-type-simple"},"_links":{"self":[{"href":"https:\/\/roveyayinevi.com.tr\/index.php\/wp-json\/wp\/v2\/product\/709114","targetHints":{"allow":["GET"]}}],"collection":[{"href":"https:\/\/roveyayinevi.com.tr\/index.php\/wp-json\/wp\/v2\/product"}],"about":[{"href":"https:\/\/roveyayinevi.com.tr\/index.php\/wp-json\/wp\/v2\/types\/product"}],"wp:attachment":[{"href":"https:\/\/roveyayinevi.com.tr\/index.php\/wp-json\/wp\/v2\/media?parent=709114"}],"wp:term":[{"taxonomy":"product_brand","embeddable":true,"href":"https:\/\/roveyayinevi.com.tr\/index.php\/wp-json\/wp\/v2\/product_brand?post=709114"},{"taxonomy":"product_cat","embeddable":true,"href":"https:\/\/roveyayinevi.com.tr\/index.php\/wp-json\/wp\/v2\/product_cat?post=709114"},{"taxonomy":"product_tag","embeddable":true,"href":"https:\/\/roveyayinevi.com.tr\/index.php\/wp-json\/wp\/v2\/product_tag?post=709114"}],"curies":[{"name":"wp","href":"https:\/\/api.w.org\/{rel}","templated":true}]}}