{"id":709111,"date":"2025-08-27T16:21:57","date_gmt":"2025-08-27T13:21:57","guid":{"rendered":"https:\/\/roveyayinevi.com.tr\/index.php\/urun\/finansal-yonetim-3\/"},"modified":"2026-04-16T02:17:56","modified_gmt":"2026-04-15T23:17:56","slug":"finansal-yonetim-3","status":"publish","type":"product","link":"https:\/\/roveyayinevi.com.tr\/index.php\/urun\/finansal-yonetim-3\/","title":{"rendered":"Finansal Y\u00f6netim"},"content":{"rendered":"<p>\u0130\u00e7indekiler1-Finansal y\u00f6netimin temelleri2-Genel Mali Tablolar3-Finansal Analiz (Kontrol) y\u00f6ntemleri4-Finansal planlama, tahminleme ve b\u00fcy\u00fcme5-Ba\u015faba\u015f ve kald\u0131ra\u00e7 analizi6-Paran\u0131n Zaman De\u011feri hesaplamalar\u01317-Temett\u00fc Politikas\u01318-Finanslama politikas\u0131 1-finansal yap\u01319-Finanslama politikas\u0131 2-kaynak maliyeti10-Finanslama politikas\u0131 3- finanslama politikas\u0131nda teorikyakla\u015f\u0131mlar ve optimal finansal yap\u013111-Yat\u0131r\u0131m Politikas\u013112-\u0130\u015fletme Sermayesi, sermaye harcamas\u0131 ve amortismangiderleri13-Yat\u0131r\u0131m yap\u0131labilecek piyasalar ve yat\u0131r\u0131m ara\u00e7lar\u013114-Portf\u00f6y y\u00f6netimi ve portf\u00f6y teorileri15-Hisse senedi ile tahvil getiri oranlar\u0131 ve risk hesaplamas\u013116-Borcun De\u011ferinin Tespiti17-Hisse Senetlerinin de\u011ferinin tespiti <\/p>\n","protected":false},"excerpt":{"rendered":"<p>\u0130\u00e7indekiler1-Finansal y\u00f6netimin temelleri2-Genel Mali Tablolar3-Finansal Analiz (Kontrol) y\u00f6ntemleri4-Finansal planlama, tahminleme ve b\u00fcy\u00fcme5-Ba\u015faba\u015f ve kald\u0131ra\u00e7 analizi6-Paran\u0131n Zaman De\u011feri hesaplamalar\u01317-Temett\u00fc Politikas\u01318-Finanslama politikas\u0131 1-finansal yap\u01319-Finanslama politikas\u0131 2-kaynak maliyeti10-Finanslama politikas\u0131<span class=\"excerpt-hellip\"> [\u2026]<\/span><\/p>\n","protected":false},"featured_media":0,"template":"","meta":{"_monsterinsights_skip_tracking":false,"_monsterinsights_sitenote_active":false,"_monsterinsights_sitenote_note":"","_monsterinsights_sitenote_category":0},"product_brand":[],"product_cat":[12573,12566],"product_tag":[],"class_list":{"0":"post-709111","1":"product","2":"type-product","3":"status-publish","5":"product_cat-akademik-kitaplar","6":"product_cat-egitim","7":"pa_cilt-ciltsiz","8":"pa_tur-kitap","9":"pa_yayinevi-gazi-kitabevi","10":"pa_yazar-emine-ebru-aksoy","12":"first","13":"instock","14":"sale","15":"shipping-taxable","16":"purchasable","17":"product-type-simple"},"_links":{"self":[{"href":"https:\/\/roveyayinevi.com.tr\/index.php\/wp-json\/wp\/v2\/product\/709111","targetHints":{"allow":["GET"]}}],"collection":[{"href":"https:\/\/roveyayinevi.com.tr\/index.php\/wp-json\/wp\/v2\/product"}],"about":[{"href":"https:\/\/roveyayinevi.com.tr\/index.php\/wp-json\/wp\/v2\/types\/product"}],"wp:attachment":[{"href":"https:\/\/roveyayinevi.com.tr\/index.php\/wp-json\/wp\/v2\/media?parent=709111"}],"wp:term":[{"taxonomy":"product_brand","embeddable":true,"href":"https:\/\/roveyayinevi.com.tr\/index.php\/wp-json\/wp\/v2\/product_brand?post=709111"},{"taxonomy":"product_cat","embeddable":true,"href":"https:\/\/roveyayinevi.com.tr\/index.php\/wp-json\/wp\/v2\/product_cat?post=709111"},{"taxonomy":"product_tag","embeddable":true,"href":"https:\/\/roveyayinevi.com.tr\/index.php\/wp-json\/wp\/v2\/product_tag?post=709111"}],"curies":[{"name":"wp","href":"https:\/\/api.w.org\/{rel}","templated":true}]}}