{"id":709110,"date":"2025-08-27T16:21:57","date_gmt":"2025-08-27T13:21:57","guid":{"rendered":"https:\/\/roveyayinevi.com.tr\/index.php\/urun\/benden-vazgecme-ya-rab\/"},"modified":"2026-04-13T02:22:12","modified_gmt":"2026-04-12T23:22:12","slug":"benden-vazgecme-ya-rab","status":"publish","type":"product","link":"https:\/\/roveyayinevi.com.tr\/index.php\/urun\/benden-vazgecme-ya-rab\/","title":{"rendered":"Benden Vazge\u00e7me Ya Rab!"},"content":{"rendered":"<p>Hava karard\u0131k\u00e7a bende bir sen ba\u015flar, susamayacak kadar dolu konu\u015famayacak kadar yorgun g\u00f6nl\u00fcn\u00fc hissederim mesafelere aldanmadan. Ac\u0131n\u0131 anlatamazs\u0131n ama \u201cac\u0131yla\u201d anlatabilirsin heybenden d\u00f6k\u00fclenleri. Daha konu\u015fmaya ba\u015flamadan ne diyece\u011fini bilen Rabbine a\u00e7ars\u0131n avu\u00e7 avu\u00e7 azab\u0131n\u0131. Gaflet kalkar, \u015ferrin i\u00e7indeki hay\u0131rlar\u0131 g\u00f6rmeye ba\u015flar vicdan\u0131n. Ve anlars\u0131n. Asl\u0131nda Allah senin i\u00e7in \u00e7ok g\u00fczel yollar yaratm\u0131\u015f&#8230;Ve anlars\u0131n Ate\u015f \u0130brahim\u2019i yakmad\u0131ysa Bal\u0131k Yunus\u2019u yemediyse B\u0131\u00e7ak \u0130smail\u2019i kesmediyse Deniz Musa\u2019y\u0131 bo\u011fmad\u0131ysa Sen de umutlar\u0131n\u0131 &#8220;K\u00fcn Fe Yek\u00fcn&#8221; ayetiyle b\u00fcy\u00fctmelisin&#8230; <\/p>\n","protected":false},"excerpt":{"rendered":"<p>Hava karard\u0131k\u00e7a bende bir sen ba\u015flar, susamayacak kadar dolu konu\u015famayacak kadar yorgun g\u00f6nl\u00fcn\u00fc hissederim mesafelere aldanmadan. Ac\u0131n\u0131 anlatamazs\u0131n ama \u201cac\u0131yla\u201d anlatabilirsin heybenden d\u00f6k\u00fclenleri. Daha konu\u015fmaya ba\u015flamadan<span class=\"excerpt-hellip\"> [\u2026]<\/span><\/p>\n","protected":false},"featured_media":0,"template":"","meta":{"_monsterinsights_skip_tracking":false,"_monsterinsights_sitenote_active":false,"_monsterinsights_sitenote_note":"","_monsterinsights_sitenote_category":0},"product_brand":[],"product_cat":[12777,12291],"product_tag":[],"class_list":{"0":"post-709110","1":"product","2":"type-product","3":"status-publish","5":"product_cat-deneme","6":"product_cat-edebiyat","7":"pa_cilt-ciltsiz","8":"pa_tur-kitap","9":"pa_yayinevi-hayykitap","10":"pa_yazar-mehmet-yildiz","12":"first","13":"instock","14":"sale","15":"shipping-taxable","16":"purchasable","17":"product-type-simple"},"_links":{"self":[{"href":"https:\/\/roveyayinevi.com.tr\/index.php\/wp-json\/wp\/v2\/product\/709110","targetHints":{"allow":["GET"]}}],"collection":[{"href":"https:\/\/roveyayinevi.com.tr\/index.php\/wp-json\/wp\/v2\/product"}],"about":[{"href":"https:\/\/roveyayinevi.com.tr\/index.php\/wp-json\/wp\/v2\/types\/product"}],"wp:attachment":[{"href":"https:\/\/roveyayinevi.com.tr\/index.php\/wp-json\/wp\/v2\/media?parent=709110"}],"wp:term":[{"taxonomy":"product_brand","embeddable":true,"href":"https:\/\/roveyayinevi.com.tr\/index.php\/wp-json\/wp\/v2\/product_brand?post=709110"},{"taxonomy":"product_cat","embeddable":true,"href":"https:\/\/roveyayinevi.com.tr\/index.php\/wp-json\/wp\/v2\/product_cat?post=709110"},{"taxonomy":"product_tag","embeddable":true,"href":"https:\/\/roveyayinevi.com.tr\/index.php\/wp-json\/wp\/v2\/product_tag?post=709110"}],"curies":[{"name":"wp","href":"https:\/\/api.w.org\/{rel}","templated":true}]}}