{"id":709107,"date":"2025-08-27T16:21:55","date_gmt":"2025-08-27T13:21:55","guid":{"rendered":"https:\/\/roveyayinevi.com.tr\/index.php\/urun\/takintilardan-kurtulma-rehberi\/"},"modified":"2026-04-16T02:17:56","modified_gmt":"2026-04-15T23:17:56","slug":"takintilardan-kurtulma-rehberi","status":"publish","type":"product","link":"https:\/\/roveyayinevi.com.tr\/index.php\/urun\/takintilardan-kurtulma-rehberi\/","title":{"rendered":"Tak\u0131nt\u0131lardan Kurtulma Rehberi"},"content":{"rendered":"<p>Uzman Psikolog Selen Can, tak\u0131nt\u0131larla ilgili akl\u0131n\u0131za gelebilecek her soruya cevap veriyor. Elinizdeki \u00e7al\u0131\u015fma, hem bilgilendiren hem de y\u00f6ntemleri nas\u0131l uygulayaca\u011f\u0131n\u0131z\u0131 g\u00f6steren bir e\u011fitim kitab\u0131. Tak\u0131nt\u0131lardan Kurtulma Rehberi, y\u00f6ntemlerin ad\u0131m ad\u0131m anlat\u0131ld\u0131\u011f\u0131 ba\u015far\u0131 hik\u00e2yelerini okuyaca\u011f\u0131n\u0131z bir umut \u0131\u015f\u0131\u011f\u0131&#8230;Bu kitapta, davran\u0131\u015f tekniklerini en do\u011fru \u015fekilde uygulayabilmeniz i\u00e7in, konular \u00f6rneklerle anlat\u0131l\u0131yor. Kitab\u0131n en \u00f6nemli \u00f6zelli\u011fi, do\u011fru davran\u0131\u015flar\u0131 g\u00f6stermenin yan\u0131nda, tak\u0131nt\u0131larla ba\u015fba\u015fa kald\u0131\u011f\u0131n\u0131z anlarda kendi kendinize neler s\u00f6yleyebilece\u011finizi ve kendinizi nas\u0131l y\u00f6nlendirebilece\u011finizi de \u00f6\u011fretiyor olmas\u0131. Bununla birlikte m\u00fckemmeliyet\u00e7ilik, erteleme sorunu ve olumsuz d\u00fc\u015f\u00fcncelerle ilgili de \u00e7\u00f6z\u00fcm \u00f6nerileri getiriyor. \u0130\u015fte temizlik tak\u0131nt\u0131s\u0131ndan simetri\/d\u00fczen tak\u0131nt\u0131s\u0131na, \u015f\u00fcphecilikten dini tak\u0131nt\u0131lara, sald\u0131rganl\u0131ktan cinsel tak\u0131nt\u0131lara, hastal\u0131k tak\u0131nt\u0131s\u0131ndan di\u011fer bedensel tak\u0131nt\u0131lara t\u00fcm olumsuz d\u00fc\u015f\u00fcncelerin, davran\u0131\u015flar\u0131n, obsesif kompulsif bozuklu\u011fun psikolojisini anlamak ve ba\u015fa \u00e7\u0131kabilmek \u00fczerine e\u015fsiz bir kaynak.Okuyun, uygulay\u0131n ve tak\u0131nt\u0131lardan kurtulun! <\/p>\n","protected":false},"excerpt":{"rendered":"<p>Uzman Psikolog Selen Can, tak\u0131nt\u0131larla ilgili akl\u0131n\u0131za gelebilecek her soruya cevap veriyor. Elinizdeki \u00e7al\u0131\u015fma, hem bilgilendiren hem de y\u00f6ntemleri nas\u0131l uygulayaca\u011f\u0131n\u0131z\u0131 g\u00f6steren bir e\u011fitim kitab\u0131. Tak\u0131nt\u0131lardan<span class=\"excerpt-hellip\"> [\u2026]<\/span><\/p>\n","protected":false},"featured_media":0,"template":"","meta":{"_monsterinsights_skip_tracking":false,"_monsterinsights_sitenote_active":false,"_monsterinsights_sitenote_note":"","_monsterinsights_sitenote_category":0},"product_brand":[],"product_cat":[12358,12357],"product_tag":[],"class_list":{"0":"post-709107","1":"product","2":"type-product","3":"status-publish","5":"product_cat-genel-psikoloji","6":"product_cat-psikoloji","7":"pa_cilt-ciltsiz","8":"pa_tur-kitap","9":"pa_yayinevi-hayykitap","10":"pa_yazar-selen-can","12":"first","13":"instock","14":"sale","15":"shipping-taxable","16":"purchasable","17":"product-type-simple"},"_links":{"self":[{"href":"https:\/\/roveyayinevi.com.tr\/index.php\/wp-json\/wp\/v2\/product\/709107","targetHints":{"allow":["GET"]}}],"collection":[{"href":"https:\/\/roveyayinevi.com.tr\/index.php\/wp-json\/wp\/v2\/product"}],"about":[{"href":"https:\/\/roveyayinevi.com.tr\/index.php\/wp-json\/wp\/v2\/types\/product"}],"wp:attachment":[{"href":"https:\/\/roveyayinevi.com.tr\/index.php\/wp-json\/wp\/v2\/media?parent=709107"}],"wp:term":[{"taxonomy":"product_brand","embeddable":true,"href":"https:\/\/roveyayinevi.com.tr\/index.php\/wp-json\/wp\/v2\/product_brand?post=709107"},{"taxonomy":"product_cat","embeddable":true,"href":"https:\/\/roveyayinevi.com.tr\/index.php\/wp-json\/wp\/v2\/product_cat?post=709107"},{"taxonomy":"product_tag","embeddable":true,"href":"https:\/\/roveyayinevi.com.tr\/index.php\/wp-json\/wp\/v2\/product_tag?post=709107"}],"curies":[{"name":"wp","href":"https:\/\/api.w.org\/{rel}","templated":true}]}}