{"id":709106,"date":"2025-08-27T16:21:55","date_gmt":"2025-08-27T13:21:55","guid":{"rendered":"https:\/\/roveyayinevi.com.tr\/index.php\/urun\/uzun-lafin-kisasi-hayirlisi\/"},"modified":"2026-04-16T02:17:41","modified_gmt":"2026-04-15T23:17:41","slug":"uzun-lafin-kisasi-hayirlisi","status":"publish","type":"product","link":"https:\/\/roveyayinevi.com.tr\/index.php\/urun\/uzun-lafin-kisasi-hayirlisi\/","title":{"rendered":"Uzun Laf\u0131n K\u0131sas\u0131 Hay\u0131rl\u0131s\u0131"},"content":{"rendered":"<p>Bu yaz\u0131, hay\u0131rl\u0131 deminde sana ula\u015fm\u0131\u015f ise l\u00fctfen ba\u015f\u0131n\u0131 kald\u0131r ve g\u00f6\u011fe bak. Senin i\u00e7in hay\u0131rla bezenmi\u015f bu g\u00f6k sana tek bir \u015fey f\u0131s\u0131ldayacak: Hay\u0131r var ise i\u00e7inde, olan da vard\u0131r bir g\u00f6k diliminde, Hay\u0131r var ise zihninde, olan olmu\u015ftur bir kavruk yaz mevsiminde, Ve sen talip olduysan bir hay\u0131r kervan\u0131na, o kervan\u0131n ba\u015f\u0131 sana a\u015f da olur, da\u011f da olur, e\u015f de olur,Niyet etti\u011fin hay\u0131r ise, Rabbindir o yollar\u0131 sana yolda\u015f eyleyen de, Tevekk\u00fcl edip bekledi\u011finse e\u011fer, dere tepe a\u015f\u0131p gelen de olur, Olmu\u015ftur her olacak olan ve olacakt\u0131r kaderine yaz\u0131lan\u2026 Durmadan ko\u015fan m\u0131zrak sen ol, \u00e7atlayan k\u0131sraklard\u0131r utanacak olan, Sen su ol \u00e7aya renk veren, sen sus ol hay\u0131rl\u0131s\u0131 vakitlerinde konu\u015fan\u2026 Hay\u0131r ile demlene demlene y\u00fcr\u00fcd\u00fc\u011f\u00fcn bu han yolculu\u011funda hayrolman dile\u011fiyle&#8230; <\/p>\n","protected":false},"excerpt":{"rendered":"<p>Bu yaz\u0131, hay\u0131rl\u0131 deminde sana ula\u015fm\u0131\u015f ise l\u00fctfen ba\u015f\u0131n\u0131 kald\u0131r ve g\u00f6\u011fe bak. Senin i\u00e7in hay\u0131rla bezenmi\u015f bu g\u00f6k sana tek bir \u015fey f\u0131s\u0131ldayacak: Hay\u0131r var<span class=\"excerpt-hellip\"> [\u2026]<\/span><\/p>\n","protected":false},"featured_media":0,"template":"","meta":{"_monsterinsights_skip_tracking":false,"_monsterinsights_sitenote_active":false,"_monsterinsights_sitenote_note":"","_monsterinsights_sitenote_category":0},"product_brand":[],"product_cat":[12777,12291],"product_tag":[],"class_list":{"0":"post-709106","1":"product","2":"type-product","3":"status-publish","5":"product_cat-deneme","6":"product_cat-edebiyat","7":"pa_cilt-ciltsiz","8":"pa_tur-kitap","9":"pa_yayinevi-hayykitap","10":"pa_yazar-onur-kaplan","12":"first","13":"instock","14":"sale","15":"shipping-taxable","16":"purchasable","17":"product-type-simple"},"_links":{"self":[{"href":"https:\/\/roveyayinevi.com.tr\/index.php\/wp-json\/wp\/v2\/product\/709106","targetHints":{"allow":["GET"]}}],"collection":[{"href":"https:\/\/roveyayinevi.com.tr\/index.php\/wp-json\/wp\/v2\/product"}],"about":[{"href":"https:\/\/roveyayinevi.com.tr\/index.php\/wp-json\/wp\/v2\/types\/product"}],"wp:attachment":[{"href":"https:\/\/roveyayinevi.com.tr\/index.php\/wp-json\/wp\/v2\/media?parent=709106"}],"wp:term":[{"taxonomy":"product_brand","embeddable":true,"href":"https:\/\/roveyayinevi.com.tr\/index.php\/wp-json\/wp\/v2\/product_brand?post=709106"},{"taxonomy":"product_cat","embeddable":true,"href":"https:\/\/roveyayinevi.com.tr\/index.php\/wp-json\/wp\/v2\/product_cat?post=709106"},{"taxonomy":"product_tag","embeddable":true,"href":"https:\/\/roveyayinevi.com.tr\/index.php\/wp-json\/wp\/v2\/product_tag?post=709106"}],"curies":[{"name":"wp","href":"https:\/\/api.w.org\/{rel}","templated":true}]}}