{"id":709104,"date":"2025-08-27T16:21:53","date_gmt":"2025-08-27T13:21:53","guid":{"rendered":"https:\/\/roveyayinevi.com.tr\/index.php\/urun\/alice-harikalar-diyarinda-3\/"},"modified":"2026-04-16T02:17:41","modified_gmt":"2026-04-15T23:17:41","slug":"alice-harikalar-diyarinda-3","status":"publish","type":"product","link":"https:\/\/roveyayinevi.com.tr\/index.php\/urun\/alice-harikalar-diyarinda-3\/","title":{"rendered":"Alice Harikalar Diyar\u0131nda"},"content":{"rendered":"<p>A\u015fa\u011f\u0131, daha a\u015fa\u011f\u0131, daha da a\u015fa\u011f\u0131\u2026Hayat\u0131nda hi\u00e7 yelek giyen ve saat ta\u015f\u0131yan bir tav\u015fan g\u00f6rmemi\u015f olan Alice, tav\u015fan deli\u011fineatlayarak onu takip eder ve kendini bamba\u015fka bir d\u00fcnyada bulur. Fizik kurallar\u0131n\u0131nge\u00e7erli olmad\u0131\u011f\u0131 bu tuhaf diyarda Alice, bir b\u00fcy\u00fcy\u00fcp bir k\u00fc\u00e7\u00fclecek, beklenmedik \u00e7aypartilerine ve oyunlara kat\u0131lacak, kendini akla hayale gelmeyecek maceralar\u0131n i\u00e7indebulacakt\u0131r\u2026Yaln\u0131zca \u00e7ocuklar de\u011fil, yeti\u015fkinler i\u00e7in de t\u00fcm zamanlar\u0131n en \u00f6nemli kitaplar\u0131ndan birisiolan Alice Harikalar Diyar\u0131nda okurlara fantastik bir d\u00fcnya sunuyor. <\/p>\n","protected":false},"excerpt":{"rendered":"<p>A\u015fa\u011f\u0131, daha a\u015fa\u011f\u0131, daha da a\u015fa\u011f\u0131\u2026Hayat\u0131nda hi\u00e7 yelek giyen ve saat ta\u015f\u0131yan bir tav\u015fan g\u00f6rmemi\u015f olan Alice, tav\u015fan deli\u011fineatlayarak onu takip eder ve kendini bamba\u015fka bir<span class=\"excerpt-hellip\"> [\u2026]<\/span><\/p>\n","protected":false},"featured_media":0,"template":"","meta":{"_monsterinsights_skip_tracking":false,"_monsterinsights_sitenote_active":false,"_monsterinsights_sitenote_note":"","_monsterinsights_sitenote_category":0},"product_brand":[],"product_cat":[12274,12467],"product_tag":[],"class_list":{"0":"post-709104","1":"product","2":"type-product","3":"status-publish","5":"product_cat-cocuk-ve-genclik-kitaplari","6":"product_cat-dunya-klasikleri","7":"pa_cilt-ciltsiz","8":"pa_tur-kitap","9":"pa_yayinevi-bilgi-yayinevi-cocuk","10":"pa_yazar-lewis-carroll","12":"first","13":"instock","14":"sale","15":"shipping-taxable","16":"purchasable","17":"product-type-simple"},"_links":{"self":[{"href":"https:\/\/roveyayinevi.com.tr\/index.php\/wp-json\/wp\/v2\/product\/709104","targetHints":{"allow":["GET"]}}],"collection":[{"href":"https:\/\/roveyayinevi.com.tr\/index.php\/wp-json\/wp\/v2\/product"}],"about":[{"href":"https:\/\/roveyayinevi.com.tr\/index.php\/wp-json\/wp\/v2\/types\/product"}],"wp:attachment":[{"href":"https:\/\/roveyayinevi.com.tr\/index.php\/wp-json\/wp\/v2\/media?parent=709104"}],"wp:term":[{"taxonomy":"product_brand","embeddable":true,"href":"https:\/\/roveyayinevi.com.tr\/index.php\/wp-json\/wp\/v2\/product_brand?post=709104"},{"taxonomy":"product_cat","embeddable":true,"href":"https:\/\/roveyayinevi.com.tr\/index.php\/wp-json\/wp\/v2\/product_cat?post=709104"},{"taxonomy":"product_tag","embeddable":true,"href":"https:\/\/roveyayinevi.com.tr\/index.php\/wp-json\/wp\/v2\/product_tag?post=709104"}],"curies":[{"name":"wp","href":"https:\/\/api.w.org\/{rel}","templated":true}]}}