{"id":709102,"date":"2025-08-27T16:21:52","date_gmt":"2025-08-27T13:21:52","guid":{"rendered":"https:\/\/roveyayinevi.com.tr\/index.php\/urun\/kafka-oteli\/"},"modified":"2026-04-16T02:17:41","modified_gmt":"2026-04-15T23:17:41","slug":"kafka-oteli","status":"publish","type":"product","link":"https:\/\/roveyayinevi.com.tr\/index.php\/urun\/kafka-oteli\/","title":{"rendered":"Kafka Oteli"},"content":{"rendered":"<p>\u015eehir, bir yaran\u0131n kabu\u011funa benziyordu. Alt\u0131n\u0131 kaz\u0131mak i\u00e7in can att\u0131\u011f\u0131n\u0131z bir doku ama bunuyapmak do\u011fru olmayabilir. Sahiden iyile\u015fmesini umsak bile asla iyile\u015fmeyecek bir yara,zedelenmi\u015f bir canl\u0131l\u0131k. \u0130nsan\u0131n d\u00fcnyada ald\u0131\u011f\u0131 ilk soluk onu annesiyle ay\u0131ran yaran\u0131n tazeoldu\u011fu s\u0131radad\u0131r. Aralar\u0131ndaki ba\u011f kesilmi\u015ftir. Do\u011fman\u0131n ilk ko\u015fulu kendisini var edenb\u00fct\u00fcnden s\u0131yr\u0131lmakt\u0131r. Bebe\u011fin bilincini ay\u0131rmak, tek ba\u015f\u0131na ya\u015famas\u0131n\u0131 sa\u011flamak i\u00e7in onlar\u0131ay\u0131ran bu kesi, geriye kalan yaralar, zamanla iyile\u015fir ama iz, hep oradad\u0131r. G\u00f6bek deli\u011fi i\u015ftebunu hat\u0131rlatt\u0131\u011f\u0131 i\u00e7in baz\u0131lar\u0131nca \u00e7irkin bulunur. \u0130nsanlar, ya\u015fad\u0131klar\u0131 \u015fehre g\u00f6r\u00fcnmeyen birkordonla ba\u011fl\u0131d\u0131r. Oradan beslenir, onu anlamaya \u00e7al\u0131\u015f\u0131r, kendini onun i\u00e7inde tan\u0131mlar, terketti\u011fi \u015fehri bile yaln\u0131zca do\u011fdu\u011fu yer oldu\u011fu i\u00e7in aidiyetini tan\u0131mlayan bir kan\u0131t olarakkullan\u0131r. Sonu\u00e7 olarak \u015fehir, ya\u015fayan bir \u015feydir. Ancak \u00e7o\u011fu kez, daha k\u00fc\u00e7\u00fck \u00f6l\u00e7ekte de olsa,t\u0131kanan kendi ya\u015fam\u0131m\u0131z y\u00fcz\u00fcnden bunu pek fark etmeyiz. Bununla iftihar etmiyorum amabazen, o kaz\u0131nmas\u0131 gereken kabu\u011fun bizler oldu\u011funu d\u00fc\u015f\u00fcn\u00fcyorum.Elinizdeki roman, kitaptan yarat\u0131lan bir \u015fehirdir ve bir \u015fehri tan\u0131man\u0131n en iyi yolu oradakaybolmakt\u0131r. T\u00fcm kay\u0131plar\u0131n birle\u015fti\u011fi karanl\u0131k bir cennet: KAFKA OTEL\u0130 <\/p>\n","protected":false},"excerpt":{"rendered":"<p>\u015eehir, bir yaran\u0131n kabu\u011funa benziyordu. Alt\u0131n\u0131 kaz\u0131mak i\u00e7in can att\u0131\u011f\u0131n\u0131z bir doku ama bunuyapmak do\u011fru olmayabilir. Sahiden iyile\u015fmesini umsak bile asla iyile\u015fmeyecek bir yara,zedelenmi\u015f bir canl\u0131l\u0131k.<span class=\"excerpt-hellip\"> [\u2026]<\/span><\/p>\n","protected":false},"featured_media":0,"template":"","meta":{"_monsterinsights_skip_tracking":false,"_monsterinsights_sitenote_active":false,"_monsterinsights_sitenote_note":"","_monsterinsights_sitenote_category":0},"product_brand":[],"product_cat":[12291,12711],"product_tag":[],"class_list":{"0":"post-709102","1":"product","2":"type-product","3":"status-publish","5":"product_cat-edebiyat","6":"product_cat-roman-oyku","7":"pa_cilt-ciltsiz","8":"pa_tur-kitap","9":"pa_yayinevi-bilgi-yayinevi","10":"pa_yazar-ilhan-deliktas","12":"first","13":"instock","14":"sale","15":"shipping-taxable","16":"purchasable","17":"product-type-simple"},"_links":{"self":[{"href":"https:\/\/roveyayinevi.com.tr\/index.php\/wp-json\/wp\/v2\/product\/709102","targetHints":{"allow":["GET"]}}],"collection":[{"href":"https:\/\/roveyayinevi.com.tr\/index.php\/wp-json\/wp\/v2\/product"}],"about":[{"href":"https:\/\/roveyayinevi.com.tr\/index.php\/wp-json\/wp\/v2\/types\/product"}],"wp:attachment":[{"href":"https:\/\/roveyayinevi.com.tr\/index.php\/wp-json\/wp\/v2\/media?parent=709102"}],"wp:term":[{"taxonomy":"product_brand","embeddable":true,"href":"https:\/\/roveyayinevi.com.tr\/index.php\/wp-json\/wp\/v2\/product_brand?post=709102"},{"taxonomy":"product_cat","embeddable":true,"href":"https:\/\/roveyayinevi.com.tr\/index.php\/wp-json\/wp\/v2\/product_cat?post=709102"},{"taxonomy":"product_tag","embeddable":true,"href":"https:\/\/roveyayinevi.com.tr\/index.php\/wp-json\/wp\/v2\/product_tag?post=709102"}],"curies":[{"name":"wp","href":"https:\/\/api.w.org\/{rel}","templated":true}]}}