{"id":709101,"date":"2025-08-27T16:21:52","date_gmt":"2025-08-27T13:21:52","guid":{"rendered":"https:\/\/roveyayinevi.com.tr\/index.php\/urun\/geceyarisi-cocuklari\/"},"modified":"2026-04-16T02:17:40","modified_gmt":"2026-04-15T23:17:40","slug":"geceyarisi-cocuklari","status":"publish","type":"product","link":"https:\/\/roveyayinevi.com.tr\/index.php\/urun\/geceyarisi-cocuklari\/","title":{"rendered":"Geceyar\u0131s\u0131 \u00c7ocuklar\u0131"},"content":{"rendered":"<p>Salman Rushdie, bug\u00fcne kadar pek \u00e7ok \u00f6d\u00fcle lay\u0131k g\u00f6r\u00fclen, \u00fclkesinin ger\u00e7e\u011finden beslenerek evrensele a\u00e7\u0131lan eserleriyle \u00e7a\u011fda\u015f edebiyat\u0131n en \u00f6nemli temsilcilerinden biri.Anlatacak \u00f6yle \u00e7ok hik\u00e2ye var ki, bir s\u00fcr\u00fc, birbirine ge\u00e7mi\u015f bir hayatlar olaylar mucizeler yerler rivayetler bollu\u011fu, olanaks\u0131zla ola\u011fan\u0131n son derece yo\u011fun bir kar\u0131\u015f\u0131m\u0131! Ben bir hayat yutucusuyum ve beni tan\u0131mak i\u00e7in, bir tek beni tan\u0131mak i\u00e7in sizin de b\u00fct\u00fcn hepsini yutman\u0131z laz\u0131m.15 A\u011fustos 1947, geceyar\u0131s\u0131 saat on ikide, Hindistan\u0131n ba\u011f\u0131ms\u0131zl\u0131\u011f\u0131n\u0131n ilan edildi\u011fi anda d\u00fcnyaya gelen Salim Sina, bas\u0131nda ilgi oda\u011f\u0131 olup Ba\u015fbakan Nehru taraf\u0131ndan kutlan\u0131r. Ancak bu tesad\u00fcf, kahraman\u0131m\u0131z i\u00e7in beklenmedik sonu\u00e7lar do\u011furacakt\u0131r. Zira kendisi gibi ayn\u0131 saat do\u011fmu\u015f bin \u00e7ocukla telepati kurmak ve tehlikeleri koku alma duyusuyla sezmek yetenekleri bah\u015fedilmi\u015ftir kendisine. Bu yolla i\u00e7inden \u00e7\u0131k\u0131lmaz bir bi\u00e7imde \u00fclkesinin tarihine ba\u011flanan Salim, zaman i\u00e7inde yol ald\u0131k\u00e7a modern Hindistan\u0131n zaferlerine, felaketlerine, trajedilerine ve b\u00fcy\u00fck \u00e7eli\u015fkilerine ayna olur. Kadim mitlerin g\u00fcn\u00fcm\u00fcz anlat\u0131lar\u0131yla, masallar\u0131n tarihle birlikte dokundu\u011fu, zengin, e\u011flenceli ama trajik; ayn\u0131 anda hem ger\u00e7ek\u00e7i hem de fantastik bir ba\u015fyap\u0131t, Geceyar\u0131s\u0131 \u00c7ocuklar\u0131&#8230; XX. y\u00fczy\u0131l\u0131n en iyi 100 roman\u0131ndan biri&#8230; \ufffcTan\u0131t\u0131m Metni<\/p>\n","protected":false},"excerpt":{"rendered":"<p>Salman Rushdie, bug\u00fcne kadar pek \u00e7ok \u00f6d\u00fcle lay\u0131k g\u00f6r\u00fclen, \u00fclkesinin ger\u00e7e\u011finden beslenerek evrensele a\u00e7\u0131lan eserleriyle \u00e7a\u011fda\u015f edebiyat\u0131n en \u00f6nemli temsilcilerinden biri.Anlatacak \u00f6yle \u00e7ok hik\u00e2ye var ki,<span class=\"excerpt-hellip\"> [\u2026]<\/span><\/p>\n","protected":false},"featured_media":0,"template":"","meta":{"_monsterinsights_skip_tracking":false,"_monsterinsights_sitenote_active":false,"_monsterinsights_sitenote_note":"","_monsterinsights_sitenote_category":0},"product_brand":[],"product_cat":[12291,12711],"product_tag":[],"class_list":{"0":"post-709101","1":"product","2":"type-product","3":"status-publish","5":"product_cat-edebiyat","6":"product_cat-roman-oyku","7":"pa_cilt-ciltsiz","8":"pa_tur-kitap","9":"pa_yayinevi-can-yayinlari","10":"pa_yazar-salman-rushdie","12":"first","13":"instock","14":"sale","15":"shipping-taxable","16":"purchasable","17":"product-type-simple"},"_links":{"self":[{"href":"https:\/\/roveyayinevi.com.tr\/index.php\/wp-json\/wp\/v2\/product\/709101","targetHints":{"allow":["GET"]}}],"collection":[{"href":"https:\/\/roveyayinevi.com.tr\/index.php\/wp-json\/wp\/v2\/product"}],"about":[{"href":"https:\/\/roveyayinevi.com.tr\/index.php\/wp-json\/wp\/v2\/types\/product"}],"wp:attachment":[{"href":"https:\/\/roveyayinevi.com.tr\/index.php\/wp-json\/wp\/v2\/media?parent=709101"}],"wp:term":[{"taxonomy":"product_brand","embeddable":true,"href":"https:\/\/roveyayinevi.com.tr\/index.php\/wp-json\/wp\/v2\/product_brand?post=709101"},{"taxonomy":"product_cat","embeddable":true,"href":"https:\/\/roveyayinevi.com.tr\/index.php\/wp-json\/wp\/v2\/product_cat?post=709101"},{"taxonomy":"product_tag","embeddable":true,"href":"https:\/\/roveyayinevi.com.tr\/index.php\/wp-json\/wp\/v2\/product_tag?post=709101"}],"curies":[{"name":"wp","href":"https:\/\/api.w.org\/{rel}","templated":true}]}}