{"id":709100,"date":"2025-08-27T16:21:51","date_gmt":"2025-08-27T13:21:51","guid":{"rendered":"https:\/\/roveyayinevi.com.tr\/index.php\/urun\/tarih-2\/"},"modified":"2026-04-16T02:17:40","modified_gmt":"2026-04-15T23:17:40","slug":"tarih-2","status":"publish","type":"product","link":"https:\/\/roveyayinevi.com.tr\/index.php\/urun\/tarih-2\/","title":{"rendered":"Tarih"},"content":{"rendered":"<p>Tarih, Herodotos\u2019un Yunan-Pers Sava\u015flar\u0131n\u0131n k\u00f6kenlerine dair yapt\u0131\u011f\u0131 ara\u015ft\u0131rmalar\u0131 i\u00e7erir. Herodotos eserine Lidya\u2019n\u0131n g\u00fc\u00e7leni\u015fini ele alarak ba\u015flar, Medlerin Lidya\u2019y\u0131 fethiyle devam eder ve Perslerin Medleri dize getirdikten sonra M\u0131s\u0131r, \u0130skit ve nihayet Yunanistan seferlerine \u00e7\u0131kmalar\u0131n\u0131 konu eder. M\u00d6 490-479 y\u0131llar\u0131 aras\u0131nda cereyan eden Yunan-Pers Sava\u015flar\u0131n\u0131 tek tek t\u00fcm ayr\u0131nt\u0131lar\u0131yla aktard\u0131ktan sonra anlat\u0131s\u0131n\u0131 Perslerin K\u00fc\u00e7\u00fck Asya\u2019ya \u00e7ekili\u015fiyle noktalar. Sadece tarihsel olaylar\u0131 aktarmakla kalmaz, bize son derece zengin co\u011frafi ve etnografik bir materyal de sunar. Herodotos s\u00f6z\u00fcn\u00fc etti\u011fi olaylar\u0131n b\u00fcy\u00fck k\u0131sm\u0131na bizzat tan\u0131k olmad\u0131\u011f\u0131n\u0131, onlar\u0131 sadece kendisine anlat\u0131ld\u0131\u011f\u0131 \u015fekliyle okuyucuya aktard\u0131\u011f\u0131n\u0131 \u00f6zellikle vurgular. <\/p>\n","protected":false},"excerpt":{"rendered":"<p>Tarih, Herodotos\u2019un Yunan-Pers Sava\u015flar\u0131n\u0131n k\u00f6kenlerine dair yapt\u0131\u011f\u0131 ara\u015ft\u0131rmalar\u0131 i\u00e7erir. Herodotos eserine Lidya\u2019n\u0131n g\u00fc\u00e7leni\u015fini ele alarak ba\u015flar, Medlerin Lidya\u2019y\u0131 fethiyle devam eder ve Perslerin Medleri dize getirdikten<span class=\"excerpt-hellip\"> [\u2026]<\/span><\/p>\n","protected":false},"featured_media":0,"template":"","meta":{"_monsterinsights_skip_tracking":false,"_monsterinsights_sitenote_active":false,"_monsterinsights_sitenote_note":"","_monsterinsights_sitenote_category":0},"product_brand":[],"product_cat":[13590,12337],"product_tag":[],"class_list":{"0":"post-709100","1":"product","2":"type-product","3":"status-publish","5":"product_cat-arastirma-inceleme-politika-siyaset","6":"product_cat-politika-siyaset","7":"pa_cilt-ciltsiz","8":"pa_tur-kitap","9":"pa_yayinevi-say-yayinlari","10":"pa_yazar-herodotos","12":"first","13":"instock","14":"sale","15":"shipping-taxable","16":"purchasable","17":"product-type-simple"},"_links":{"self":[{"href":"https:\/\/roveyayinevi.com.tr\/index.php\/wp-json\/wp\/v2\/product\/709100","targetHints":{"allow":["GET"]}}],"collection":[{"href":"https:\/\/roveyayinevi.com.tr\/index.php\/wp-json\/wp\/v2\/product"}],"about":[{"href":"https:\/\/roveyayinevi.com.tr\/index.php\/wp-json\/wp\/v2\/types\/product"}],"wp:attachment":[{"href":"https:\/\/roveyayinevi.com.tr\/index.php\/wp-json\/wp\/v2\/media?parent=709100"}],"wp:term":[{"taxonomy":"product_brand","embeddable":true,"href":"https:\/\/roveyayinevi.com.tr\/index.php\/wp-json\/wp\/v2\/product_brand?post=709100"},{"taxonomy":"product_cat","embeddable":true,"href":"https:\/\/roveyayinevi.com.tr\/index.php\/wp-json\/wp\/v2\/product_cat?post=709100"},{"taxonomy":"product_tag","embeddable":true,"href":"https:\/\/roveyayinevi.com.tr\/index.php\/wp-json\/wp\/v2\/product_tag?post=709100"}],"curies":[{"name":"wp","href":"https:\/\/api.w.org\/{rel}","templated":true}]}}