{"id":709099,"date":"2025-08-27T16:21:51","date_gmt":"2025-08-27T13:21:51","guid":{"rendered":"https:\/\/roveyayinevi.com.tr\/index.php\/urun\/hayal-avcisi\/"},"modified":"2026-04-16T02:17:40","modified_gmt":"2026-04-15T23:17:40","slug":"hayal-avcisi","status":"publish","type":"product","link":"https:\/\/roveyayinevi.com.tr\/index.php\/urun\/hayal-avcisi\/","title":{"rendered":"Hayal Avc\u0131s\u0131"},"content":{"rendered":"<p>Hepimizin hayalleri vard\u0131r ve bu hayaller bizim gelece\u011fimizi planlamam\u0131z\u0131 sa\u011flar. Ne var ki toplumumuzun hayalleri genelde yapmak istedikleri \u00fczerine de\u011fil yapamad\u0131klar\u0131 \u00fczerinedir. T\u00fcrk Toplumunda bir kesim vard\u0131r ki, hayata karamsar bakt\u0131klar\u0131 hayat\u0131n hep k\u00f6t\u00fc yanlar\u0131n\u0131 g\u00f6rd\u00fckleri d\u00fc\u015f\u00fcncesiyle arabesk d\u00fc\u015f\u00fcnenleri ele\u015ftirirler. Elbette hakl\u0131 olduklar\u0131 y\u00f6nler var. Ancak onlar\u0131n g\u00f6rmedikleri nokta bizim insan\u0131m\u0131z\u0131n \u201cba\u015f\u0131n\u0131 al\u0131p \u00e7ekip gitme\u201d hayalinin nedenidir. \u00c7\u00fcnk\u00fc bizim insan\u0131m\u0131z kendi i\u00e7inde yaln\u0131z ve \u00e7aresizdir. Hayallerini ger\u00e7ekle\u015ftirme konusunda hep bir engele tak\u0131lm\u0131\u015f ve ancak kaybettiklerinin hesab\u0131n\u0131 yapm\u0131\u015f, \u201csana giden yolda \u00f6l\u00fcr\u00fcm\u201d diyen a\u015f\u0131klar\u0131n \u015eizofren A\u015fk\u2019lar\u0131n\u0131 Bir \u0130ntihar Anotomisi i\u00e7erisinde de\u011ferlendirmi\u015ftir. Bizim insan\u0131m\u0131z Ya\u011fmur gibi ya\u011fan K\u0131smet\u2019lerin i\u00e7erisinde Yokluk \u00e7eken bir Hayal Avc\u0131s\u0131\u2019ndan ba\u015fka bir \u015fey de\u011fildir. Bu nedenle ne kadar istesek de biz insan\u0131m\u0131z\u0131 arabesk k\u00fclt\u00fcr\u00fcnden koparamayaca\u011f\u0131z. Yeni \u015feyler s\u00f6ylemek i\u00e7in elimizden geleni yap\u0131yoruz. Ancak hayallerimiz hep ge\u00e7mi\u015fte ya\u015fayamad\u0131klar\u0131m\u0131z\u0131 ya\u015famak \u00fczerine kurulu oldu\u011fu i\u00e7in gelecek planlar\u0131m\u0131z hep yar\u0131m kal\u0131yor. <\/p>\n","protected":false},"excerpt":{"rendered":"<p>Hepimizin hayalleri vard\u0131r ve bu hayaller bizim gelece\u011fimizi planlamam\u0131z\u0131 sa\u011flar. Ne var ki toplumumuzun hayalleri genelde yapmak istedikleri \u00fczerine de\u011fil yapamad\u0131klar\u0131 \u00fczerinedir. T\u00fcrk Toplumunda bir kesim<span class=\"excerpt-hellip\"> [\u2026]<\/span><\/p>\n","protected":false},"featured_media":0,"template":"","meta":{"_monsterinsights_skip_tracking":false,"_monsterinsights_sitenote_active":false,"_monsterinsights_sitenote_note":"","_monsterinsights_sitenote_category":0},"product_brand":[],"product_cat":[12291,12711],"product_tag":[],"class_list":{"0":"post-709099","1":"product","2":"type-product","3":"status-publish","5":"product_cat-edebiyat","6":"product_cat-roman-oyku","7":"pa_cilt-ciltsiz","8":"pa_tur-kitap","9":"pa_yayinevi-ayata-kitap","10":"pa_yazar-murat-ali-bilkay","12":"first","13":"instock","14":"sale","15":"shipping-taxable","16":"purchasable","17":"product-type-simple"},"_links":{"self":[{"href":"https:\/\/roveyayinevi.com.tr\/index.php\/wp-json\/wp\/v2\/product\/709099","targetHints":{"allow":["GET"]}}],"collection":[{"href":"https:\/\/roveyayinevi.com.tr\/index.php\/wp-json\/wp\/v2\/product"}],"about":[{"href":"https:\/\/roveyayinevi.com.tr\/index.php\/wp-json\/wp\/v2\/types\/product"}],"wp:attachment":[{"href":"https:\/\/roveyayinevi.com.tr\/index.php\/wp-json\/wp\/v2\/media?parent=709099"}],"wp:term":[{"taxonomy":"product_brand","embeddable":true,"href":"https:\/\/roveyayinevi.com.tr\/index.php\/wp-json\/wp\/v2\/product_brand?post=709099"},{"taxonomy":"product_cat","embeddable":true,"href":"https:\/\/roveyayinevi.com.tr\/index.php\/wp-json\/wp\/v2\/product_cat?post=709099"},{"taxonomy":"product_tag","embeddable":true,"href":"https:\/\/roveyayinevi.com.tr\/index.php\/wp-json\/wp\/v2\/product_tag?post=709099"}],"curies":[{"name":"wp","href":"https:\/\/api.w.org\/{rel}","templated":true}]}}