{"id":709098,"date":"2025-08-27T16:21:50","date_gmt":"2025-08-27T13:21:50","guid":{"rendered":"https:\/\/roveyayinevi.com.tr\/index.php\/urun\/erkeklik-sorunlari\/"},"modified":"2026-04-16T02:17:40","modified_gmt":"2026-04-15T23:17:40","slug":"erkeklik-sorunlari","status":"publish","type":"product","link":"https:\/\/roveyayinevi.com.tr\/index.php\/urun\/erkeklik-sorunlari\/","title":{"rendered":"Erkeklik Sorunlar\u0131"},"content":{"rendered":"<p>Erkek egemen bir toplum i\u00e7inde ya\u015fam\u0131n\u0131 s\u00fcrd\u00fcren bireyler olarak toplumdaki her \u00e7arp\u0131kl\u0131\u011f\u0131n sorumlulu\u011funu kad\u0131nlara y\u00fckledik. Y\u0131llarca i\u011fneyi kendimize \u00e7uvald\u0131z\u0131 ba\u015fkas\u0131na bat\u0131rmam\u0131z gerekti\u011fini unuttu\u011fumuz i\u00e7in art\u0131k i\u011fneli f\u0131\u00e7\u0131n\u0131n i\u00e7inde debeleniyoruz. H\u00e2lbuki kendi hatalar\u0131m\u0131z\u0131 g\u00f6rsek ve g\u00f6rd\u00fcklerimizi cesurca s\u00f6yleyip, hatalar\u0131m\u0131z\u0131 d\u00fczeltme yoluna gitseydik belki de toplumsal olarak bu denli bir ahlaki yozla\u015fma ya\u015famak durumunda kalmayacakt\u0131k. Kendi i\u00e7imizde bir \u00f6zele\u015ftiri yapabilseydik, toplumdaki yozla\u015fma ve cinsel sapk\u0131nl\u0131klar\u0131n sonucu olarak artan bo\u015fanmalar, bunlar\u0131n ma\u011fduru olan onbinlerce \u00e7ocuk, cinayetler ve buna benzer bir\u00e7ok sorunu da ya\u015famayacakt\u0131k. Elinizde tuttu\u011funuz kitap \u00f6ncelikle erkeklerin okumas\u0131 gereken bir kitapt\u0131r. Ancak gen\u00e7 k\u0131zlar\u0131m\u0131z\u0131n bu kitab\u0131 okumadan kimseye a\u015f\u0131k olmamas\u0131n\u0131 tavsiye ediyoruz. Hayat\u0131n\u0131z\u0131 zehir etmek ya da etmemek sizin elinizde. Kimse kay\u0131ts\u0131z \u015farts\u0131z g\u00fcvenilecek kadar kusursuz de\u011fildir. \u00d6nemli olan o kusuru g\u00f6r\u00fcp o kusurla y\u00fczle\u015fmek ve kusurdan d\u00f6nmektir. <\/p>\n","protected":false},"excerpt":{"rendered":"<p>Erkek egemen bir toplum i\u00e7inde ya\u015fam\u0131n\u0131 s\u00fcrd\u00fcren bireyler olarak toplumdaki her \u00e7arp\u0131kl\u0131\u011f\u0131n sorumlulu\u011funu kad\u0131nlara y\u00fckledik. Y\u0131llarca i\u011fneyi kendimize \u00e7uvald\u0131z\u0131 ba\u015fkas\u0131na bat\u0131rmam\u0131z gerekti\u011fini unuttu\u011fumuz i\u00e7in art\u0131k i\u011fneli<span class=\"excerpt-hellip\"> [\u2026]<\/span><\/p>\n","protected":false},"featured_media":0,"template":"","meta":{"_monsterinsights_skip_tracking":false,"_monsterinsights_sitenote_active":false,"_monsterinsights_sitenote_note":"","_monsterinsights_sitenote_category":0},"product_brand":[],"product_cat":[12777,12291],"product_tag":[],"class_list":{"0":"post-709098","1":"product","2":"type-product","3":"status-publish","5":"product_cat-deneme","6":"product_cat-edebiyat","7":"pa_cilt-ciltsiz","8":"pa_tur-kitap","9":"pa_yayinevi-ayata-kitap","10":"pa_yazar-murat-ali-bilkay","12":"first","13":"instock","14":"sale","15":"shipping-taxable","16":"purchasable","17":"product-type-simple"},"_links":{"self":[{"href":"https:\/\/roveyayinevi.com.tr\/index.php\/wp-json\/wp\/v2\/product\/709098","targetHints":{"allow":["GET"]}}],"collection":[{"href":"https:\/\/roveyayinevi.com.tr\/index.php\/wp-json\/wp\/v2\/product"}],"about":[{"href":"https:\/\/roveyayinevi.com.tr\/index.php\/wp-json\/wp\/v2\/types\/product"}],"wp:attachment":[{"href":"https:\/\/roveyayinevi.com.tr\/index.php\/wp-json\/wp\/v2\/media?parent=709098"}],"wp:term":[{"taxonomy":"product_brand","embeddable":true,"href":"https:\/\/roveyayinevi.com.tr\/index.php\/wp-json\/wp\/v2\/product_brand?post=709098"},{"taxonomy":"product_cat","embeddable":true,"href":"https:\/\/roveyayinevi.com.tr\/index.php\/wp-json\/wp\/v2\/product_cat?post=709098"},{"taxonomy":"product_tag","embeddable":true,"href":"https:\/\/roveyayinevi.com.tr\/index.php\/wp-json\/wp\/v2\/product_tag?post=709098"}],"curies":[{"name":"wp","href":"https:\/\/api.w.org\/{rel}","templated":true}]}}