{"id":709091,"date":"2025-08-27T16:21:46","date_gmt":"2025-08-27T13:21:46","guid":{"rendered":"https:\/\/roveyayinevi.com.tr\/index.php\/urun\/sukur-ve-kanaat-psikolojisi-ve-egitimi\/"},"modified":"2026-04-16T02:17:40","modified_gmt":"2026-04-15T23:17:40","slug":"sukur-ve-kanaat-psikolojisi-ve-egitimi","status":"publish","type":"product","link":"https:\/\/roveyayinevi.com.tr\/index.php\/urun\/sukur-ve-kanaat-psikolojisi-ve-egitimi\/","title":{"rendered":"\u015e\u00fck\u00fcr ve Kanaat Psikolojisi ve E\u011fitimi"},"content":{"rendered":"<p>\u015e\u00fck\u00fcr ve kanaat, \u00e7ok \u00f6nemli iki ahlaki de\u011fer. Kendini tan\u0131man\u0131n, hayat\u0131 anlaman\u0131n, gelece\u011fe umutla bakman\u0131n, sevmenin ve sevilmenin temel \u015fart\u0131. \u00dcstelik, ki\u015finin kendisiyle, Allah&#8217;la, toplumla ve tabiatla bar\u0131\u015f\u0131k olmas\u0131n\u0131n da bir g\u00f6stergesi. Fakat di\u011fer yandan g\u00fcn\u00fcm\u00fcz toplumunda art\u0131k ad\u0131 unutulan, hat\u0131rlansa dahi s\u00f6ylemden \u00f6teye gidemeyen \u00f6nemli iki de\u011fer. Bug\u00fcn, t\u00fcketim \u00e7\u0131lg\u0131nl\u0131\u011f\u0131n\u0131n ayyuka \u00e7\u0131kt\u0131\u011f\u0131 b\u00f6ylesi bir ortamda, \u015f\u00fck\u00fcr ve kanaate eskisinden \u00e7ok daha fazla ihtiyac\u0131m\u0131z oldu\u011fu a\u015fik\u00e2r. Elimizdekilerin k\u0131ymetini bilmek, var olanla yetinmek gibi davran\u0131\u015flar bizi kanaate g\u00f6t\u00fcr\u00fcrken, bunlar asl\u0131nda i\u015fin manevi boyutu olan \u015f\u00fck\u00fcr duygumuzu da yava\u015f yava\u015f besleyecektir. Zaten birbirine s\u0131k\u0131 s\u0131k\u0131ya ba\u011fl\u0131 olan bu iki de\u011feri ayr\u0131 d\u00fc\u015f\u00fcnmek \u00e7ok da m\u00fcmk\u00fcn de\u011fil. Hatta biri olmadan di\u011ferinden s\u00f6z etmek bile zor. Prof. Dr. H\u00fcseyin Peker, bu iki de\u011ferin \u00f6nemini bir kere daha hat\u0131rlatmak, alt\u0131n\u0131 kuvvetlice \u00e7izmek ve \u00f6nce kendimize, ard\u0131ndan \u00e7ocuklar\u0131m\u0131za \u015f\u00fck\u00fcr ve kanaati \u00f6\u011fretmek amac\u0131yla bu kitab\u0131 kaleme al\u0131yor. \u00c7ocuklar\u0131m\u0131zda \u015f\u00fck\u00fcr ve kanaatle beslenen huzur dolu ve ferah bir kalp olu\u015fturabilmenin y\u00f6ntemleri, \u00e7ocuk, aile, \u00e7evre ekseninde \u00f6rneklerle, sade bir anlat\u0131mla \u015e\u00fck\u00fcr ve Kanaat Psikolojisi ve E\u011fitimi\u2019nde&#8230; <\/p>\n","protected":false},"excerpt":{"rendered":"<p>\u015e\u00fck\u00fcr ve kanaat, \u00e7ok \u00f6nemli iki ahlaki de\u011fer. Kendini tan\u0131man\u0131n, hayat\u0131 anlaman\u0131n, gelece\u011fe umutla bakman\u0131n, sevmenin ve sevilmenin temel \u015fart\u0131. \u00dcstelik, ki\u015finin kendisiyle, Allah&#8217;la, toplumla ve<span class=\"excerpt-hellip\"> [\u2026]<\/span><\/p>\n","protected":false},"featured_media":0,"template":"","meta":{"_monsterinsights_skip_tracking":false,"_monsterinsights_sitenote_active":false,"_monsterinsights_sitenote_note":"","_monsterinsights_sitenote_category":0},"product_brand":[],"product_cat":[25175,12357],"product_tag":[],"class_list":{"0":"post-709091","1":"product","2":"type-product","3":"status-publish","5":"product_cat-egitim-psikolojisi","6":"product_cat-psikoloji","7":"pa_cilt-ciltsiz","8":"pa_tur-kitap","9":"pa_yayinevi-timas-yayinlari","10":"pa_yazar-huseyin-peker","12":"first","13":"instock","14":"sale","15":"shipping-taxable","16":"purchasable","17":"product-type-simple"},"_links":{"self":[{"href":"https:\/\/roveyayinevi.com.tr\/index.php\/wp-json\/wp\/v2\/product\/709091","targetHints":{"allow":["GET"]}}],"collection":[{"href":"https:\/\/roveyayinevi.com.tr\/index.php\/wp-json\/wp\/v2\/product"}],"about":[{"href":"https:\/\/roveyayinevi.com.tr\/index.php\/wp-json\/wp\/v2\/types\/product"}],"wp:attachment":[{"href":"https:\/\/roveyayinevi.com.tr\/index.php\/wp-json\/wp\/v2\/media?parent=709091"}],"wp:term":[{"taxonomy":"product_brand","embeddable":true,"href":"https:\/\/roveyayinevi.com.tr\/index.php\/wp-json\/wp\/v2\/product_brand?post=709091"},{"taxonomy":"product_cat","embeddable":true,"href":"https:\/\/roveyayinevi.com.tr\/index.php\/wp-json\/wp\/v2\/product_cat?post=709091"},{"taxonomy":"product_tag","embeddable":true,"href":"https:\/\/roveyayinevi.com.tr\/index.php\/wp-json\/wp\/v2\/product_tag?post=709091"}],"curies":[{"name":"wp","href":"https:\/\/api.w.org\/{rel}","templated":true}]}}