{"id":709089,"date":"2025-08-27T16:21:45","date_gmt":"2025-08-27T13:21:45","guid":{"rendered":"https:\/\/roveyayinevi.com.tr\/index.php\/urun\/bir-psikiyatristin-gizli-defteri\/"},"modified":"2026-04-16T02:17:40","modified_gmt":"2026-04-15T23:17:40","slug":"bir-psikiyatristin-gizli-defteri","status":"publish","type":"product","link":"https:\/\/roveyayinevi.com.tr\/index.php\/urun\/bir-psikiyatristin-gizli-defteri\/","title":{"rendered":"Bir Psikiyatristin Gizli Defteri"},"content":{"rendered":"<p>Terapi koltu\u011funun ard\u0131ndaki s\u0131rlarHep onlar m\u0131 bizi dinleyecek? Bu sefer ge\u00e7mi\u015fini anlatan bir psikiyatristin ta kendisi. Koltu\u011fa oturun ve kulak kabart\u0131n. Dr. Gary Small\u2019un, Boston\u2019un kalabal\u0131k acil servis koridorlar\u0131ndan Los Angeles\u2019\u0131n golf sahalar\u0131na uzanan hik\u00e2yesinde kar\u015f\u0131la\u015ft\u0131\u011f\u0131 vakalar kimi zaman tuhaf, kimi zaman da gizemli, ama hepsi ger\u00e7ek.Ak\u0131l hastal\u0131klar\u0131n\u0131n ilgin\u00e7 d\u00fcnyas\u0131na kap\u0131 aralayan Bir Psikiyatristin Gizli Defteri sizi \u00e7ok \u015fa\u015f\u0131rtacak\u2026<\/p>\n","protected":false},"excerpt":{"rendered":"<p>Terapi koltu\u011funun ard\u0131ndaki s\u0131rlarHep onlar m\u0131 bizi dinleyecek? Bu sefer ge\u00e7mi\u015fini anlatan bir psikiyatristin ta kendisi. Koltu\u011fa oturun ve kulak kabart\u0131n. Dr. Gary Small\u2019un, Boston\u2019un kalabal\u0131k<span class=\"excerpt-hellip\"> [\u2026]<\/span><\/p>\n","protected":false},"featured_media":0,"template":"","meta":{"_monsterinsights_skip_tracking":false,"_monsterinsights_sitenote_active":false,"_monsterinsights_sitenote_note":"","_monsterinsights_sitenote_category":0},"product_brand":[],"product_cat":[12291],"product_tag":[],"class_list":{"0":"post-709089","1":"product","2":"type-product","3":"status-publish","5":"product_cat-edebiyat","6":"pa_cilt-ciltsiz","7":"pa_tur-kitap","8":"pa_yayinevi-dogan-kitap","9":"pa_yazar-gary-small","11":"first","12":"instock","13":"sale","14":"shipping-taxable","15":"purchasable","16":"product-type-simple"},"_links":{"self":[{"href":"https:\/\/roveyayinevi.com.tr\/index.php\/wp-json\/wp\/v2\/product\/709089","targetHints":{"allow":["GET"]}}],"collection":[{"href":"https:\/\/roveyayinevi.com.tr\/index.php\/wp-json\/wp\/v2\/product"}],"about":[{"href":"https:\/\/roveyayinevi.com.tr\/index.php\/wp-json\/wp\/v2\/types\/product"}],"wp:attachment":[{"href":"https:\/\/roveyayinevi.com.tr\/index.php\/wp-json\/wp\/v2\/media?parent=709089"}],"wp:term":[{"taxonomy":"product_brand","embeddable":true,"href":"https:\/\/roveyayinevi.com.tr\/index.php\/wp-json\/wp\/v2\/product_brand?post=709089"},{"taxonomy":"product_cat","embeddable":true,"href":"https:\/\/roveyayinevi.com.tr\/index.php\/wp-json\/wp\/v2\/product_cat?post=709089"},{"taxonomy":"product_tag","embeddable":true,"href":"https:\/\/roveyayinevi.com.tr\/index.php\/wp-json\/wp\/v2\/product_tag?post=709089"}],"curies":[{"name":"wp","href":"https:\/\/api.w.org\/{rel}","templated":true}]}}