{"id":709088,"date":"2025-08-27T16:21:45","date_gmt":"2025-08-27T13:21:45","guid":{"rendered":"https:\/\/roveyayinevi.com.tr\/index.php\/urun\/neuro-ask\/"},"modified":"2026-04-15T02:23:31","modified_gmt":"2026-04-14T23:23:31","slug":"neuro-ask","status":"publish","type":"product","link":"https:\/\/roveyayinevi.com.tr\/index.php\/urun\/neuro-ask\/","title":{"rendered":"Neuro A\u015fk"},"content":{"rendered":"<p>A\u015eK neden var ger\u00e7ekten? Peki, ger\u00e7ekten de sihirli mi? Kalpten mi ba\u015fl\u0131yor? Yoksa kar\u0131ndaki kelebeklerle mi? Ya da A\u015eK tamamen beyinde ya\u015fan\u0131lan bir s\u00fcre\u00e7 olabilir mi? Daha da \u00f6nemlisi biz A\u015eK s\u00fcrecini \u00f6\u011frenerek istedi\u011fimizi ki\u015fiyi hayat\u0131m\u0131za \u00e7ekebilir miyiz? Daha \u00f6nceki kitaplar\u0131m Y\u0131ka Beynini, Beynine Format At ve Sa\u011fl\u0131\u011f\u0131na Format At\u2019\u0131 okuduysan\u0131z ya da bir \u015fekilde denk geldiyseniz ya\u015famda ba\u015f\u0131m\u0131za gelen her \u015feyde beynimizin bizi nas\u0131l y\u00f6nlendirdi\u011fini anlatm\u0131\u015ft\u0131m. Ben size bu kitapta a\u015fk\u0131n ilk insandan ba\u015flayan milyonlarca y\u0131ll\u0131k kurallar\u0131n\u0131, bilimini ve NeuroA\u015eK\u2019\u0131 anlat\u0131yorum. Ve g\u00fcnl\u00fck hayatta do\u011fru a\u015fk\u0131 ve ili\u015fkiyi ya\u015famak i\u00e7in en pratik t\u00fcyolar\u0131 ve a\u015fkta kaybeden taraf olduysan\u0131z A\u015eK ac\u0131s\u0131n\u0131, ayr\u0131l\u0131klar sonucu olu\u015fan de\u011fersizlik hissini NeuroFormat sistemiyle nas\u0131l temizleyece\u011finizi de \u00f6\u011freneceksiniz. A\u015fk\u0131 ger\u00e7ekten anlamaya ve kazanan olmaya ne dersiniz? \ufffcTan\u0131t\u0131m Metni<\/p>\n","protected":false},"excerpt":{"rendered":"<p>A\u015eK neden var ger\u00e7ekten? Peki, ger\u00e7ekten de sihirli mi? Kalpten mi ba\u015fl\u0131yor? Yoksa kar\u0131ndaki kelebeklerle mi? Ya da A\u015eK tamamen beyinde ya\u015fan\u0131lan bir s\u00fcre\u00e7 olabilir mi?<span class=\"excerpt-hellip\"> [\u2026]<\/span><\/p>\n","protected":false},"featured_media":0,"template":"","meta":{"_monsterinsights_skip_tracking":false,"_monsterinsights_sitenote_active":false,"_monsterinsights_sitenote_note":"","_monsterinsights_sitenote_category":0},"product_brand":[],"product_cat":[12364,12376],"product_tag":[],"class_list":{"0":"post-709088","1":"product","2":"type-product","3":"status-publish","5":"product_cat-genel-konular","6":"product_cat-kisisel-gelisim","7":"pa_cilt-ciltsiz","8":"pa_tur-kitap","9":"pa_yayinevi-dogan-novus","10":"pa_yazar-m-baris-muslu","12":"first","13":"instock","14":"sale","15":"shipping-taxable","16":"purchasable","17":"product-type-simple"},"_links":{"self":[{"href":"https:\/\/roveyayinevi.com.tr\/index.php\/wp-json\/wp\/v2\/product\/709088","targetHints":{"allow":["GET"]}}],"collection":[{"href":"https:\/\/roveyayinevi.com.tr\/index.php\/wp-json\/wp\/v2\/product"}],"about":[{"href":"https:\/\/roveyayinevi.com.tr\/index.php\/wp-json\/wp\/v2\/types\/product"}],"wp:attachment":[{"href":"https:\/\/roveyayinevi.com.tr\/index.php\/wp-json\/wp\/v2\/media?parent=709088"}],"wp:term":[{"taxonomy":"product_brand","embeddable":true,"href":"https:\/\/roveyayinevi.com.tr\/index.php\/wp-json\/wp\/v2\/product_brand?post=709088"},{"taxonomy":"product_cat","embeddable":true,"href":"https:\/\/roveyayinevi.com.tr\/index.php\/wp-json\/wp\/v2\/product_cat?post=709088"},{"taxonomy":"product_tag","embeddable":true,"href":"https:\/\/roveyayinevi.com.tr\/index.php\/wp-json\/wp\/v2\/product_tag?post=709088"}],"curies":[{"name":"wp","href":"https:\/\/api.w.org\/{rel}","templated":true}]}}