{"id":709086,"date":"2025-08-27T16:21:44","date_gmt":"2025-08-27T13:21:44","guid":{"rendered":"https:\/\/roveyayinevi.com.tr\/index.php\/urun\/duygulari-anlamak-utangac\/"},"modified":"2025-10-01T04:06:41","modified_gmt":"2025-10-01T01:06:41","slug":"duygulari-anlamak-utangac","status":"publish","type":"product","link":"https:\/\/roveyayinevi.com.tr\/index.php\/urun\/duygulari-anlamak-utangac\/","title":{"rendered":"Duygular\u0131 Anlamak &#8211; Utanga\u00e7"},"content":{"rendered":"<p>\u00c7ocuklar\u0131n, duygular\u0131n\u0131 do\u011fru bir \u015fekilde ifade etmeyi \u00f6\u011frenmelerinde yol g\u00f6sterici olacak bir seri!Duygular hakk\u0131nda konu\u015fmak, \u00e7ocuklar\u0131n kendi duygular\u0131n\u0131 anlamas\u0131na yard\u0131mc\u0131 olur. Duygular\u0131 Anlamakserisinde yer alan kitaplar, \u00e7ocuklara duygular\u0131 tan\u0131malar\u0131 ve anlamalar\u0131 konusunda k\u0131lavuzluk eder. Duygular\u0131n\u0131en iyi bi\u00e7imde ifade etmek ve olumsuz duygularla ba\u015fa \u00e7\u0131kmak konusunda ipu\u00e7lar\u0131 verir ve \u00f6neriler sunar.Yal\u0131n ve \u00e7ocuklar\u0131n kolayca kavrayabilece\u011fi bir dille yaz\u0131lan bu kitaplar sayesinde \u00e7ocu\u011funuz duygular\u0131n\u0131 uygun\u015fekilde ifade etmeyi \u00f6\u011frenecek ve sosyal ya\u015famda \u00e7ok daha mutlu bir birey haline gelecek.Bu kitap, utanga\u00e7l\u0131k duygusunu ele almaktad\u0131r. Utanga\u00e7l\u0131\u011f\u0131n nas\u0131l bir duygu oldu\u011fu, onunla ba\u015fa \u00e7\u0131kmay\u00f6ntemlerinin neler oldu\u011fu, insanlar kar\u015f\u0131s\u0131nda nas\u0131l daha iyi konu\u015fulabilece\u011fi, utanga\u00e7l\u0131\u011f\u0131n normal bir duyguolup olmad\u0131\u011f\u0131, utanga\u00e7l\u0131k hisseden birine nas\u0131l yard\u0131mc\u0131 olunabilece\u011fi gibi konular i\u00e7erir. <\/p>\n","protected":false},"excerpt":{"rendered":"<p>\u00c7ocuklar\u0131n, duygular\u0131n\u0131 do\u011fru bir \u015fekilde ifade etmeyi \u00f6\u011frenmelerinde yol g\u00f6sterici olacak bir seri!Duygular hakk\u0131nda konu\u015fmak, \u00e7ocuklar\u0131n kendi duygular\u0131n\u0131 anlamas\u0131na yard\u0131mc\u0131 olur. Duygular\u0131 Anlamakserisinde yer alan kitaplar,<span class=\"excerpt-hellip\"> [\u2026]<\/span><\/p>\n","protected":false},"featured_media":0,"template":"","meta":{"_monsterinsights_skip_tracking":false,"_monsterinsights_sitenote_active":false,"_monsterinsights_sitenote_note":"","_monsterinsights_sitenote_category":0},"product_brand":[],"product_cat":[12913,12274],"product_tag":[],"class_list":{"0":"post-709086","1":"product","2":"type-product","3":"status-publish","5":"product_cat-3-6-yas-kitaplari","6":"product_cat-cocuk-ve-genclik-kitaplari","7":"pa_cilt-ciltsiz","8":"pa_tur-kitap","9":"pa_yayinevi-1001-cicek-kitaplar","10":"pa_yazar-isabel-thomas","12":"first","13":"instock","14":"sale","15":"shipping-taxable","16":"purchasable","17":"product-type-simple"},"_links":{"self":[{"href":"https:\/\/roveyayinevi.com.tr\/index.php\/wp-json\/wp\/v2\/product\/709086","targetHints":{"allow":["GET"]}}],"collection":[{"href":"https:\/\/roveyayinevi.com.tr\/index.php\/wp-json\/wp\/v2\/product"}],"about":[{"href":"https:\/\/roveyayinevi.com.tr\/index.php\/wp-json\/wp\/v2\/types\/product"}],"wp:attachment":[{"href":"https:\/\/roveyayinevi.com.tr\/index.php\/wp-json\/wp\/v2\/media?parent=709086"}],"wp:term":[{"taxonomy":"product_brand","embeddable":true,"href":"https:\/\/roveyayinevi.com.tr\/index.php\/wp-json\/wp\/v2\/product_brand?post=709086"},{"taxonomy":"product_cat","embeddable":true,"href":"https:\/\/roveyayinevi.com.tr\/index.php\/wp-json\/wp\/v2\/product_cat?post=709086"},{"taxonomy":"product_tag","embeddable":true,"href":"https:\/\/roveyayinevi.com.tr\/index.php\/wp-json\/wp\/v2\/product_tag?post=709086"}],"curies":[{"name":"wp","href":"https:\/\/api.w.org\/{rel}","templated":true}]}}