{"id":709084,"date":"2025-08-27T16:21:42","date_gmt":"2025-08-27T13:21:42","guid":{"rendered":"https:\/\/roveyayinevi.com.tr\/index.php\/urun\/hosca-kal-anne\/"},"modified":"2026-04-16T02:17:40","modified_gmt":"2026-04-15T23:17:40","slug":"hosca-kal-anne","status":"publish","type":"product","link":"https:\/\/roveyayinevi.com.tr\/index.php\/urun\/hosca-kal-anne\/","title":{"rendered":"Ho\u015fca Kal Anne"},"content":{"rendered":"<p>\u201cE\u011fer anneniz hayattaysa de\u011ferini bilin ve onun tek bir g\u00f6zya\u015f\u0131 i\u00e7in d\u00fcnyay\u0131 kar\u015f\u0131n\u0131za alacak kadar g\u00fc\u00e7l\u00fc olun.\u201d Hayat, baz\u0131 insanlar\u0131n hep 1-0 \u00f6n\u00fcndedir. Onlar\u0131n mutlu olmak i\u00e7in herkesten fazla u\u011fra\u015fmalar\u0131 gerekir. T\u0131pk\u0131 Duygu gibi&#8230; Sa\u00e7lar\u0131na annesinin takt\u0131\u011f\u0131 \u00e7i\u00e7ekli tokalar\u0131yla, o da en az ya\u015f\u0131tlar\u0131 kadar masum bir k\u0131z \u00e7ocu\u011fuydu. Ancak g\u00f6zlerinin \u00f6n\u00fcndeki renkler, arkada\u015flar\u0131n\u0131n odalar\u0131ndaki gibi pembe de\u011fildi. Duygu\u2019nun g\u00f6rd\u00fckleri, kederin siyah\u0131 ve \u00f6fkenin k\u0131rm\u0131z\u0131s\u0131yd\u0131. Anne-babas\u0131n\u0131n bitmeyen kavgalar\u0131 ve g\u00f6zleriyle tan\u0131k oldu\u011fu \u015fiddet, onu daha k\u00fc\u00e7\u00fck ya\u015ftan itibaren kendini sorgulamaya itmi\u015fti. Annesini kurtarmaya \u00e7al\u0131\u015fan bir k\u0131z \u00e7ocu\u011funa kim yard\u0131m edebilir? K\u00fc\u00e7\u00fcc\u00fck elleriyle ya\u015fama nas\u0131l tutunabilir? Duygu Batu, hepsi ya\u015fanm\u0131\u015f olaylardan kurgulad\u0131\u011f\u0131 ilk roman\u0131nda bunu anlat\u0131yor. <\/p>\n","protected":false},"excerpt":{"rendered":"<p>\u201cE\u011fer anneniz hayattaysa de\u011ferini bilin ve onun tek bir g\u00f6zya\u015f\u0131 i\u00e7in d\u00fcnyay\u0131 kar\u015f\u0131n\u0131za alacak kadar g\u00fc\u00e7l\u00fc olun.\u201d Hayat, baz\u0131 insanlar\u0131n hep 1-0 \u00f6n\u00fcndedir. Onlar\u0131n mutlu olmak<span class=\"excerpt-hellip\"> [\u2026]<\/span><\/p>\n","protected":false},"featured_media":0,"template":"","meta":{"_monsterinsights_skip_tracking":false,"_monsterinsights_sitenote_active":false,"_monsterinsights_sitenote_note":"","_monsterinsights_sitenote_category":0},"product_brand":[],"product_cat":[12291,12711],"product_tag":[],"class_list":{"0":"post-709084","1":"product","2":"type-product","3":"status-publish","5":"product_cat-edebiyat","6":"product_cat-roman-oyku","7":"pa_cilt-ciltsiz","8":"pa_tur-kitap","9":"pa_yayinevi-mona-kitap","10":"pa_yazar-duygu-batu","12":"first","13":"instock","14":"sale","15":"shipping-taxable","16":"purchasable","17":"product-type-simple"},"_links":{"self":[{"href":"https:\/\/roveyayinevi.com.tr\/index.php\/wp-json\/wp\/v2\/product\/709084","targetHints":{"allow":["GET"]}}],"collection":[{"href":"https:\/\/roveyayinevi.com.tr\/index.php\/wp-json\/wp\/v2\/product"}],"about":[{"href":"https:\/\/roveyayinevi.com.tr\/index.php\/wp-json\/wp\/v2\/types\/product"}],"wp:attachment":[{"href":"https:\/\/roveyayinevi.com.tr\/index.php\/wp-json\/wp\/v2\/media?parent=709084"}],"wp:term":[{"taxonomy":"product_brand","embeddable":true,"href":"https:\/\/roveyayinevi.com.tr\/index.php\/wp-json\/wp\/v2\/product_brand?post=709084"},{"taxonomy":"product_cat","embeddable":true,"href":"https:\/\/roveyayinevi.com.tr\/index.php\/wp-json\/wp\/v2\/product_cat?post=709084"},{"taxonomy":"product_tag","embeddable":true,"href":"https:\/\/roveyayinevi.com.tr\/index.php\/wp-json\/wp\/v2\/product_tag?post=709084"}],"curies":[{"name":"wp","href":"https:\/\/api.w.org\/{rel}","templated":true}]}}