{"id":709083,"date":"2025-08-27T16:21:42","date_gmt":"2025-08-27T13:21:42","guid":{"rendered":"https:\/\/roveyayinevi.com.tr\/index.php\/urun\/calismanin-mitolojisi\/"},"modified":"2026-04-16T02:17:40","modified_gmt":"2026-04-15T23:17:40","slug":"calismanin-mitolojisi","status":"publish","type":"product","link":"https:\/\/roveyayinevi.com.tr\/index.php\/urun\/calismanin-mitolojisi\/","title":{"rendered":"\u00c7al\u0131\u015fman\u0131n Mitolojisi"},"content":{"rendered":"<p>\u201c\u00c7al\u0131\u015fmak \u00f6zg\u00fcrle\u015ftirir\u201d s\u00f6z\u00fc tedav\u00fclden kalkm\u0131\u015f olsa da, ba\u015fka bir k\u0131l\u0131k alt\u0131nda hayat\u0131m\u0131z\u0131 y\u00f6netmeyi s\u00fcrd\u00fcr\u00fcyor. \u00c7al\u0131\u015fma ideolojisinin son d\u00f6nemde iyiden iyiye g\u00fc\u00e7lenip bir \u201chayat tarz\u0131\u201d haline gelmesinin gerek\u00e7elerinden biri, h\u00e2l\u00e2 hayatta kalmayla ve ka\u00e7\u0131n\u0131lmaz zorunluluklarla kar\u0131\u015ft\u0131r\u0131lmas\u0131d\u0131r. Peter Fleming bu mitin neoliberal akl\u0131n b\u00fcy\u00fck dalaverelerinden biri oldu\u011funu ve \u00e7al\u0131\u015fmak i\u00e7in ya\u015famak zorunda kalanlara bu ideolojinin kabul ettirildi\u011fini g\u00f6steriyor.Kapitalizmde \u00e7al\u0131\u015fman\u0131n fazla mesaiden, vardiya eziyetinden, esnek \u00e7al\u0131\u015fmadan, \u015firketlerin ikiy\u00fczl\u00fc sosyal sorumluluk projelerinden vb. ayr\u0131 d\u00fc\u015f\u00fcn\u00fclemeyece\u011fini ortaya koyan Fleming, \u201cBen, \u0130\u015f\u201d fonksiyonu ad\u0131n\u0131 verdi\u011fi kapitalist dayatmaya kar\u015f\u0131 yeni bir \u00e7al\u0131\u015fma perspektifi geli\u015ftiriyor. Hastalanman\u0131n da uyuman\u0131n da \u201ckapitalizme kar\u015f\u0131 bir direni\u015f bi\u00e7imi olarak\u201d g\u00f6r\u00fclebilece\u011fini vurguluyor. \u0130nsanca ya\u015fanabilir bir \u00fccret, \u00e7al\u0131\u015fman\u0131n zorunluluk olmaktan \u00e7\u0131kmas\u0131, devletin \u00f6tesine ge\u00e7en demokratik \u00f6rg\u00fctlenmeler, haftada sadece 3 g\u00fcn ve azami 20 saat \u00e7al\u0131\u015fma &#8211; hi\u00e7birinin \u00fctopya olmad\u0131\u011f\u0131n\u0131 anlat\u0131yor.Peter Fleming, Londra \u015eehir \u00dcniversitesi\u2019nde i\u015fletme ve toplum profes\u00f6r\u00fc. <\/p>\n","protected":false},"excerpt":{"rendered":"<p>\u201c\u00c7al\u0131\u015fmak \u00f6zg\u00fcrle\u015ftirir\u201d s\u00f6z\u00fc tedav\u00fclden kalkm\u0131\u015f olsa da, ba\u015fka bir k\u0131l\u0131k alt\u0131nda hayat\u0131m\u0131z\u0131 y\u00f6netmeyi s\u00fcrd\u00fcr\u00fcyor. \u00c7al\u0131\u015fma ideolojisinin son d\u00f6nemde iyiden iyiye g\u00fc\u00e7lenip bir \u201chayat tarz\u0131\u201d haline gelmesinin<span class=\"excerpt-hellip\"> [\u2026]<\/span><\/p>\n","protected":false},"featured_media":0,"template":"","meta":{"_monsterinsights_skip_tracking":false,"_monsterinsights_sitenote_active":false,"_monsterinsights_sitenote_note":"","_monsterinsights_sitenote_category":0},"product_brand":[],"product_cat":[12312,12304],"product_tag":[],"class_list":{"0":"post-709083","1":"product","2":"type-product","3":"status-publish","5":"product_cat-diger","6":"product_cat-tarih","7":"pa_cilt-ciltsiz","8":"pa_tur-kitap","9":"pa_yayinevi-koc-universitesi-yayinlari","10":"pa_yazar-peter-fleming","12":"first","13":"instock","14":"sale","15":"shipping-taxable","16":"purchasable","17":"product-type-simple"},"_links":{"self":[{"href":"https:\/\/roveyayinevi.com.tr\/index.php\/wp-json\/wp\/v2\/product\/709083","targetHints":{"allow":["GET"]}}],"collection":[{"href":"https:\/\/roveyayinevi.com.tr\/index.php\/wp-json\/wp\/v2\/product"}],"about":[{"href":"https:\/\/roveyayinevi.com.tr\/index.php\/wp-json\/wp\/v2\/types\/product"}],"wp:attachment":[{"href":"https:\/\/roveyayinevi.com.tr\/index.php\/wp-json\/wp\/v2\/media?parent=709083"}],"wp:term":[{"taxonomy":"product_brand","embeddable":true,"href":"https:\/\/roveyayinevi.com.tr\/index.php\/wp-json\/wp\/v2\/product_brand?post=709083"},{"taxonomy":"product_cat","embeddable":true,"href":"https:\/\/roveyayinevi.com.tr\/index.php\/wp-json\/wp\/v2\/product_cat?post=709083"},{"taxonomy":"product_tag","embeddable":true,"href":"https:\/\/roveyayinevi.com.tr\/index.php\/wp-json\/wp\/v2\/product_tag?post=709083"}],"curies":[{"name":"wp","href":"https:\/\/api.w.org\/{rel}","templated":true}]}}