{"id":709082,"date":"2025-08-27T16:21:41","date_gmt":"2025-08-27T13:21:41","guid":{"rendered":"https:\/\/roveyayinevi.com.tr\/index.php\/urun\/mazhar-olmak\/"},"modified":"2026-04-16T02:17:40","modified_gmt":"2026-04-15T23:17:40","slug":"mazhar-olmak","status":"publish","type":"product","link":"https:\/\/roveyayinevi.com.tr\/index.php\/urun\/mazhar-olmak\/","title":{"rendered":"Mazhar Olmak"},"content":{"rendered":"<p>Bu CD\u2019deki \u015fark\u0131lar\u0131m\u0131 mikrofon kar\u015f\u0131s\u0131na ge\u00e7ip bir kerede gac\u0131rt\u0131s\u0131 t\u0131s\u0131, tu\u015fu, detonesi, \u015fa\u015f\u0131rmas\u0131, heyecan\u0131, duygusu, hepsi i\u00e7inde art arda \u00e7ald\u0131m s\u00f6yledim. Neticede sonradan hepsini en d\u00fczg\u00fcn h\u00e2liyle \u00e7ald\u0131ysam da; daha sonra ilk kayd\u0131ma geri d\u00f6nd\u00fcm. Dinlerken hat\u0131ralar, y\u0131llar g\u00f6z\u00fcn\u00fczde canlanabilir. Ne de olsa \u2018sahibinin sesinden.\u2019 Siz de yava\u015ftan ya\u015fland\u0131\u011f\u0131n\u0131z\u0131 hissedebilirsiniz. Eski, yeni a\u015fklar\u0131n\u0131z\u0131 hat\u0131rlayabilir ya da yeniden \u00e2\u015f\u0131k olmak isteyebilirsiniz. Bir ipucu vereyim. A\u015fk zordur akl\u0131n\u0131zda bulunsun&#8230; Resimlere gelince, y\u0131llar i\u00e7inde yapt\u0131\u011f\u0131m \u015feyler.Kitaba umar\u0131m s\u0131k\u0131lmadan bakar, okur, dinler ve seversiniz. B\u00f6yle bir \u00f6rnek oldu\u011funu g\u00f6rmedim. Umar\u0131m siz de seversiniz.Alb\u00fcm \u0130\u00e7eri\u011fi;BodrumYand\u0131mBenim Hala Umudum VarAh Bu BenSar\u0131 LalelerBuselik Makam\u0131naSen Ve BenYapmaTam Ortas\u0131nday\u0131mYaln\u0131zlar Gar\u0131G\u00fcllerin \u0130\u00e7indenBu Sabah Ya\u011fmur Var \u0130stanbul\u2019daSanat\u00e7\u0131n\u0131n \u00d6yk\u00fcs\u00fcG\u00f6zya\u015flar\u0131m\u0131z\u0131 Bitti Mi Sand\u0131n? <\/p>\n","protected":false},"excerpt":{"rendered":"<p>Bu CD\u2019deki \u015fark\u0131lar\u0131m\u0131 mikrofon kar\u015f\u0131s\u0131na ge\u00e7ip bir kerede gac\u0131rt\u0131s\u0131 t\u0131s\u0131, tu\u015fu, detonesi, \u015fa\u015f\u0131rmas\u0131, heyecan\u0131, duygusu, hepsi i\u00e7inde art arda \u00e7ald\u0131m s\u00f6yledim. Neticede sonradan hepsini en d\u00fczg\u00fcn<span class=\"excerpt-hellip\"> [\u2026]<\/span><\/p>\n","protected":false},"featured_media":0,"template":"","meta":{"_monsterinsights_skip_tracking":false,"_monsterinsights_sitenote_active":false,"_monsterinsights_sitenote_note":"","_monsterinsights_sitenote_category":0},"product_brand":[],"product_cat":[13946,12304],"product_tag":[],"class_list":{"0":"post-709082","1":"product","2":"type-product","3":"status-publish","5":"product_cat-biyografi-otobiyografi","6":"product_cat-tarih","7":"pa_cilt-ciltsiz","8":"pa_tur-kitap","9":"pa_yayinevi-nesil-yayinlari","10":"pa_yazar-mazhar-alanson","12":"first","13":"instock","14":"sale","15":"shipping-taxable","16":"purchasable","17":"product-type-simple"},"_links":{"self":[{"href":"https:\/\/roveyayinevi.com.tr\/index.php\/wp-json\/wp\/v2\/product\/709082","targetHints":{"allow":["GET"]}}],"collection":[{"href":"https:\/\/roveyayinevi.com.tr\/index.php\/wp-json\/wp\/v2\/product"}],"about":[{"href":"https:\/\/roveyayinevi.com.tr\/index.php\/wp-json\/wp\/v2\/types\/product"}],"wp:attachment":[{"href":"https:\/\/roveyayinevi.com.tr\/index.php\/wp-json\/wp\/v2\/media?parent=709082"}],"wp:term":[{"taxonomy":"product_brand","embeddable":true,"href":"https:\/\/roveyayinevi.com.tr\/index.php\/wp-json\/wp\/v2\/product_brand?post=709082"},{"taxonomy":"product_cat","embeddable":true,"href":"https:\/\/roveyayinevi.com.tr\/index.php\/wp-json\/wp\/v2\/product_cat?post=709082"},{"taxonomy":"product_tag","embeddable":true,"href":"https:\/\/roveyayinevi.com.tr\/index.php\/wp-json\/wp\/v2\/product_tag?post=709082"}],"curies":[{"name":"wp","href":"https:\/\/api.w.org\/{rel}","templated":true}]}}