{"id":709081,"date":"2025-08-27T16:21:41","date_gmt":"2025-08-27T13:21:41","guid":{"rendered":"https:\/\/roveyayinevi.com.tr\/index.php\/urun\/gece-mavisi-elbise\/"},"modified":"2026-04-16T02:17:40","modified_gmt":"2026-04-15T23:17:40","slug":"gece-mavisi-elbise","status":"publish","type":"product","link":"https:\/\/roveyayinevi.com.tr\/index.php\/urun\/gece-mavisi-elbise\/","title":{"rendered":"Gece Mavisi Elbise"},"content":{"rendered":"<p>Tehditk\u00e2r bir ba\u015flang\u0131\u00e7, siyaha \u00e7alan gotik bir son.Gecenin i\u00e7inde d\u00fc\u015f\u00fcn\u00fcrken, denizin keskin soluk al\u0131p veri\u015flerini \u00e7ok net duyabiliyor. Yata\u011f\u0131na uzan\u0131p yine s\u0131k\u0131 s\u0131k\u0131 g\u00f6zlerini yumuyor.I\u015f\u0131\u011f\u0131 olsa k\u00fc\u00e7\u00fck ye\u015fil defterine bir \u015feyler yazard\u0131. Beceriksizce s\u0131ralan\u0131rd\u0131 s\u00f6zc\u00fckleri, biliyordu, sonradan utan\u0131p sayfay\u0131 kopar\u0131r atard\u0131. Defterde nefret etti\u011fi s\u00f6zc\u00fcklerin bir listesini tutuyor. \u0130lki \u201ckeder\u201d s\u00f6zc\u00fc\u011f\u00fc. Melodisinden bile nefret ediyor. Tam iyile\u015fmemi\u015f, k\u00fc\u00e7\u00fck bir yaray\u0131 an\u0131msat\u0131yor ona. Hi\u00e7bir s\u0131n\u0131r\u0131 olmayan o duyguyu asla kapsam\u0131yor bu s\u00f6zc\u00fck. Devasa bir k\u00fcm\u00fcl\u00fcs gibi kabar\u0131p y\u00fckseliyor bu duygu. Onu kasvetli ve esrarl\u0131 bi\u00e7imde sar\u0131yor.\u00d6l\u00e7t\u00fc, bi\u00e7ti, kendini kendine te\u011felledi&#8230; Kalbindeki b\u00fcy\u00fck bo\u015flu\u011fa s\u00fcr\u00fcklenen Rose\u2019un kaderi, ge\u00e7mi\u015fini var etmeye \u00e7al\u0131\u015fan Pearl\u2019le d\u00fc\u011f\u00fcmlendi. Haftalard\u0131r haz\u0131rland\u0131klar\u0131, renkli \u0131\u015f\u0131klarla ayd\u0131nlanan o gece, geleceklerini bir kost\u00fcm gibi \u00fcstlerine ge\u00e7irecekti&#8230;Du\u0308nya \u00e7ap\u0131nda tan\u0131nan yazar Karen Foxlee, \u00f6du\u0308llu\u0308 gen\u00e7lik roman\u0131yla ilk kez Tu\u0308rk\u00e7e\u2019de! Ge\u00e7mi\u015fin izlerini su\u0308rerken gelece\u011fe bamba\u015fka g\u00f6zlerle bakan iki gen\u00e7 k\u0131z\u0131n hik\u00e2yesini, polisiye tad\u0131nda anlatan roman, kusursuz kurgusu, katmanl\u0131 olay \u00f6rgu\u0308su\u0308 ve ilgin\u00e7 karakterleriyle her ya\u015ftan okurun ilgisini \u00e7ekecek nitelikte. Tropik orman\u0131n k\u0131y\u0131s\u0131nda, cennet gibi yerdeki, k\u00fc\u00e7\u00fck bir kasabada Hasat Ge\u00e7idi\u2019ne haz\u0131rlanan gen\u00e7lerin duygusal yolculuklar\u0131n\u0131 gizem ve macera unsurlar\u0131yla harmanlayan yazar, yaratt\u0131\u011f\u0131 beklenmedik sonla nefes kesiyor. <\/p>\n","protected":false},"excerpt":{"rendered":"<p>Tehditk\u00e2r bir ba\u015flang\u0131\u00e7, siyaha \u00e7alan gotik bir son.Gecenin i\u00e7inde d\u00fc\u015f\u00fcn\u00fcrken, denizin keskin soluk al\u0131p veri\u015flerini \u00e7ok net duyabiliyor. Yata\u011f\u0131na uzan\u0131p yine s\u0131k\u0131 s\u0131k\u0131 g\u00f6zlerini yumuyor.I\u015f\u0131\u011f\u0131 olsa<span class=\"excerpt-hellip\"> [\u2026]<\/span><\/p>\n","protected":false},"featured_media":0,"template":"","meta":{"_monsterinsights_skip_tracking":false,"_monsterinsights_sitenote_active":false,"_monsterinsights_sitenote_note":"","_monsterinsights_sitenote_category":0},"product_brand":[],"product_cat":[12291,12711],"product_tag":[],"class_list":{"0":"post-709081","1":"product","2":"type-product","3":"status-publish","5":"product_cat-edebiyat","6":"product_cat-roman-oyku","7":"pa_cilt-ciltsiz","8":"pa_tur-kitap","9":"pa_yayinevi-on8-kitap","10":"pa_yazar-karen-foxlee","12":"first","13":"instock","14":"sale","15":"shipping-taxable","16":"purchasable","17":"product-type-simple"},"_links":{"self":[{"href":"https:\/\/roveyayinevi.com.tr\/index.php\/wp-json\/wp\/v2\/product\/709081","targetHints":{"allow":["GET"]}}],"collection":[{"href":"https:\/\/roveyayinevi.com.tr\/index.php\/wp-json\/wp\/v2\/product"}],"about":[{"href":"https:\/\/roveyayinevi.com.tr\/index.php\/wp-json\/wp\/v2\/types\/product"}],"wp:attachment":[{"href":"https:\/\/roveyayinevi.com.tr\/index.php\/wp-json\/wp\/v2\/media?parent=709081"}],"wp:term":[{"taxonomy":"product_brand","embeddable":true,"href":"https:\/\/roveyayinevi.com.tr\/index.php\/wp-json\/wp\/v2\/product_brand?post=709081"},{"taxonomy":"product_cat","embeddable":true,"href":"https:\/\/roveyayinevi.com.tr\/index.php\/wp-json\/wp\/v2\/product_cat?post=709081"},{"taxonomy":"product_tag","embeddable":true,"href":"https:\/\/roveyayinevi.com.tr\/index.php\/wp-json\/wp\/v2\/product_tag?post=709081"}],"curies":[{"name":"wp","href":"https:\/\/api.w.org\/{rel}","templated":true}]}}