{"id":709079,"date":"2025-08-27T16:21:40","date_gmt":"2025-08-27T13:21:40","guid":{"rendered":"https:\/\/roveyayinevi.com.tr\/index.php\/urun\/mirdadin-kitabi\/"},"modified":"2026-04-16T02:17:40","modified_gmt":"2026-04-15T23:17:40","slug":"mirdadin-kitabi","status":"publish","type":"product","link":"https:\/\/roveyayinevi.com.tr\/index.php\/urun\/mirdadin-kitabi\/","title":{"rendered":"Mirdad&#8217;\u0131n Kitab\u0131"},"content":{"rendered":"<p>Bu kitap, M\u0130RDAD\u00b4IN K\u0130TABId\u0131r; derman arayanlar i\u00e7in bir deniz feneri, s\u0131\u011f\u0131nmak isteyenlere bir limand\u0131r. Mirdad\u00b4\u0131n Kitab\u0131, say\u0131s\u0131z okuyucunun y\u00fcre\u011fine dokunmu\u015f bu muhte\u015fem hik\u00e2ye, bir insan\u0131n bilincini geni\u015fletmenin ve i\u00e7indekini ortaya koyman\u0131n nas\u0131l m\u00fcmk\u00fcn olabildi\u011fini yeni nesillere de g\u00f6steriyor. Kitap, temelde Mirdad ile \u00f6\u011frencileri aras\u0131ndaki diyaloglardan olu\u015fuyor. Bu diyaloglar, Sunak Tepesi\u00b4ndeki Nuh\u00b4un Gemisi\u00b4nde g\u00f6reve hizmetk\u00e2r olarak ba\u015flad\u0131\u011f\u0131 s\u0131rada ge\u00e7mektedir. Diyaloglar, Mirdad\u00b4\u0131n ba\u015f \u00f6\u011frencisi Naronda\u00b4n\u0131n anlat\u0131m\u0131yla, daha \u00e7ok soru cevap \u015feklindedir. Bu kitap d\u00fcnyan\u0131n en b\u00fcy\u00fck spirit\u00fcel edebiyat klasi\u011fidir<\/p>\n","protected":false},"excerpt":{"rendered":"<p>Bu kitap, M\u0130RDAD\u00b4IN K\u0130TABId\u0131r; derman arayanlar i\u00e7in bir deniz feneri, s\u0131\u011f\u0131nmak isteyenlere bir limand\u0131r. Mirdad\u00b4\u0131n Kitab\u0131, say\u0131s\u0131z okuyucunun y\u00fcre\u011fine dokunmu\u015f bu muhte\u015fem hik\u00e2ye, bir insan\u0131n bilincini<span class=\"excerpt-hellip\"> [\u2026]<\/span><\/p>\n","protected":false},"featured_media":0,"template":"","meta":{"_monsterinsights_skip_tracking":false,"_monsterinsights_sitenote_active":false,"_monsterinsights_sitenote_note":"","_monsterinsights_sitenote_category":0},"product_brand":[],"product_cat":[12291,12745],"product_tag":[],"class_list":{"0":"post-709079","1":"product","2":"type-product","3":"status-publish","5":"product_cat-edebiyat","6":"product_cat-tarihi-roman","7":"pa_cilt-ciltsiz","8":"pa_tur-kitap","9":"pa_yayinevi-butik-yayinlari","10":"pa_yazar-komisyon","12":"first","13":"instock","14":"sale","15":"shipping-taxable","16":"purchasable","17":"product-type-simple"},"_links":{"self":[{"href":"https:\/\/roveyayinevi.com.tr\/index.php\/wp-json\/wp\/v2\/product\/709079","targetHints":{"allow":["GET"]}}],"collection":[{"href":"https:\/\/roveyayinevi.com.tr\/index.php\/wp-json\/wp\/v2\/product"}],"about":[{"href":"https:\/\/roveyayinevi.com.tr\/index.php\/wp-json\/wp\/v2\/types\/product"}],"wp:attachment":[{"href":"https:\/\/roveyayinevi.com.tr\/index.php\/wp-json\/wp\/v2\/media?parent=709079"}],"wp:term":[{"taxonomy":"product_brand","embeddable":true,"href":"https:\/\/roveyayinevi.com.tr\/index.php\/wp-json\/wp\/v2\/product_brand?post=709079"},{"taxonomy":"product_cat","embeddable":true,"href":"https:\/\/roveyayinevi.com.tr\/index.php\/wp-json\/wp\/v2\/product_cat?post=709079"},{"taxonomy":"product_tag","embeddable":true,"href":"https:\/\/roveyayinevi.com.tr\/index.php\/wp-json\/wp\/v2\/product_tag?post=709079"}],"curies":[{"name":"wp","href":"https:\/\/api.w.org\/{rel}","templated":true}]}}