{"id":709078,"date":"2025-08-27T16:21:39","date_gmt":"2025-08-27T13:21:39","guid":{"rendered":"https:\/\/roveyayinevi.com.tr\/index.php\/urun\/kanunlarin-ruhu-uzerine\/"},"modified":"2026-04-16T02:17:40","modified_gmt":"2026-04-15T23:17:40","slug":"kanunlarin-ruhu-uzerine","status":"publish","type":"product","link":"https:\/\/roveyayinevi.com.tr\/index.php\/urun\/kanunlarin-ruhu-uzerine\/","title":{"rendered":"Kanunlar\u0131n Ruhu \u00dczerine"},"content":{"rendered":"<p>Montesquieu (1689-1755): Ayd\u0131nlanma d\u00f6neminin en \u00f6nemli d\u00fc\u015f\u00fcn\u00fcrlerindendir. La Brede\u2019de do\u011fdu, hukuk e\u011fitimi ald\u0131. Bordeaux parlamentosu \u00fcyesiydi, h\u00e2kimlik yapt\u0131. Bordeaux Akademisi\u2019ne se\u00e7ildi ve makaleler yay\u0131mlad\u0131. \u0130ran Mektuplar\u0131 ile \u00fcn kazand\u0131, hayat\u0131n\u0131 teorik ve edebi eserlerine adad\u0131. 1748\u2019de yirmi y\u0131ll\u0131k bir \u00e7al\u0131\u015fman\u0131n eseri olan Kanunlar\u0131n Ruhu \u00dczerine\u2019yi yay\u0131mlatt\u0131. Ele\u015ftiriler \u00fczerine, 1750\u2019de kitab\u0131n savunmas\u0131n\u0131 yazd\u0131, ancak Katolik Kilisesi 1751\u2019de kitab\u0131 yasaklad\u0131. Bu muazzam eser d\u00fcnyadaki b\u00fct\u00fcn halklar\u0131n kanunlar\u0131, gelenekleri, usullerini ele al\u0131r; her bir topluma en uygun y\u00f6netim \u015feklini ve kanunlar\u0131 saptar, bunun maddi ve manevi gerek\u00e7elerini a\u00e7\u0131klar. \ufffcTan\u0131t\u0131m Metni<\/p>\n","protected":false},"excerpt":{"rendered":"<p>Montesquieu (1689-1755): Ayd\u0131nlanma d\u00f6neminin en \u00f6nemli d\u00fc\u015f\u00fcn\u00fcrlerindendir. La Brede\u2019de do\u011fdu, hukuk e\u011fitimi ald\u0131. Bordeaux parlamentosu \u00fcyesiydi, h\u00e2kimlik yapt\u0131. Bordeaux Akademisi\u2019ne se\u00e7ildi ve makaleler yay\u0131mlad\u0131. \u0130ran Mektuplar\u0131<span class=\"excerpt-hellip\"> [\u2026]<\/span><\/p>\n","protected":false},"featured_media":0,"template":"","meta":{"_monsterinsights_skip_tracking":false,"_monsterinsights_sitenote_active":false,"_monsterinsights_sitenote_note":"","_monsterinsights_sitenote_category":0},"product_brand":[],"product_cat":[12312,12304],"product_tag":[],"class_list":{"0":"post-709078","1":"product","2":"type-product","3":"status-publish","5":"product_cat-diger","6":"product_cat-tarih","7":"pa_cilt-ciltsiz","8":"pa_tur-kitap","9":"pa_yayinevi-is-bankasi-kultur-yayinlari","10":"pa_yazar-montesquieu","12":"first","13":"instock","14":"sale","15":"shipping-taxable","16":"purchasable","17":"product-type-simple"},"_links":{"self":[{"href":"https:\/\/roveyayinevi.com.tr\/index.php\/wp-json\/wp\/v2\/product\/709078","targetHints":{"allow":["GET"]}}],"collection":[{"href":"https:\/\/roveyayinevi.com.tr\/index.php\/wp-json\/wp\/v2\/product"}],"about":[{"href":"https:\/\/roveyayinevi.com.tr\/index.php\/wp-json\/wp\/v2\/types\/product"}],"wp:attachment":[{"href":"https:\/\/roveyayinevi.com.tr\/index.php\/wp-json\/wp\/v2\/media?parent=709078"}],"wp:term":[{"taxonomy":"product_brand","embeddable":true,"href":"https:\/\/roveyayinevi.com.tr\/index.php\/wp-json\/wp\/v2\/product_brand?post=709078"},{"taxonomy":"product_cat","embeddable":true,"href":"https:\/\/roveyayinevi.com.tr\/index.php\/wp-json\/wp\/v2\/product_cat?post=709078"},{"taxonomy":"product_tag","embeddable":true,"href":"https:\/\/roveyayinevi.com.tr\/index.php\/wp-json\/wp\/v2\/product_tag?post=709078"}],"curies":[{"name":"wp","href":"https:\/\/api.w.org\/{rel}","templated":true}]}}