{"id":709077,"date":"2025-08-27T16:21:39","date_gmt":"2025-08-27T13:21:39","guid":{"rendered":"https:\/\/roveyayinevi.com.tr\/index.php\/urun\/kral-arthur-ve-yuvarlak-masa-sovalyeleri\/"},"modified":"2026-04-16T02:17:40","modified_gmt":"2026-04-15T23:17:40","slug":"kral-arthur-ve-yuvarlak-masa-sovalyeleri","status":"publish","type":"product","link":"https:\/\/roveyayinevi.com.tr\/index.php\/urun\/kral-arthur-ve-yuvarlak-masa-sovalyeleri\/","title":{"rendered":"Kral Arthur ve Yuvarlak Masa \u015e\u00f6valyeleri"},"content":{"rendered":"<p>Sava\u015flar\u0131n mahvetti\u011fi yoksul bir \u00fclkede do\u011fan Arthur, ta\u015fa sapl\u0131 k\u0131l\u0131c\u0131 \u00e7\u0131karmay\u0131 ba\u015far\u0131nca kaderi bir anda de\u011fi\u015fti. O, efsanedeki Kral\u2019d\u0131 ve t\u00fcm vatanda\u015flar\u0131n e\u015fit oldu\u011fu m\u00fckemmel \u00fclkeyi kuracakt\u0131. Kral Arthur ve Yuvarlak Masa \u015e\u00f6valyeleri efsanesini ilgi \u00e7ekici renkli resimlerle ke\u015ffet. Renkli \u00c7ocuk Klasikleri serisinde, en sevilen klasik eserlerin gen\u00e7 okurlar i\u00e7in uyarlamalar\u0131 yer almaktad\u0131r. Edebiyat tarihinin en pop\u00fcler yazarlar\u0131n\u0131n eserleri, harika resimler ve ilgi \u00e7ekici bir anlat\u0131mla sunulmaktad\u0131r \ufffcTan\u0131t\u0131m Metni<\/p>\n","protected":false},"excerpt":{"rendered":"<p>Sava\u015flar\u0131n mahvetti\u011fi yoksul bir \u00fclkede do\u011fan Arthur, ta\u015fa sapl\u0131 k\u0131l\u0131c\u0131 \u00e7\u0131karmay\u0131 ba\u015far\u0131nca kaderi bir anda de\u011fi\u015fti. O, efsanedeki Kral\u2019d\u0131 ve t\u00fcm vatanda\u015flar\u0131n e\u015fit oldu\u011fu m\u00fckemmel \u00fclkeyi<span class=\"excerpt-hellip\"> [\u2026]<\/span><\/p>\n","protected":false},"featured_media":0,"template":"","meta":{"_monsterinsights_skip_tracking":false,"_monsterinsights_sitenote_active":false,"_monsterinsights_sitenote_note":"","_monsterinsights_sitenote_category":0},"product_brand":[],"product_cat":[12913,12274],"product_tag":[],"class_list":{"0":"post-709077","1":"product","2":"type-product","3":"status-publish","5":"product_cat-3-6-yas-kitaplari","6":"product_cat-cocuk-ve-genclik-kitaplari","7":"pa_cilt-ciltsiz","8":"pa_tur-kitap","9":"pa_yayinevi-is-bankasi-kultur-yayinlari","10":"pa_yazar-kolektif","12":"first","13":"instock","14":"sale","15":"shipping-taxable","16":"purchasable","17":"product-type-simple"},"_links":{"self":[{"href":"https:\/\/roveyayinevi.com.tr\/index.php\/wp-json\/wp\/v2\/product\/709077","targetHints":{"allow":["GET"]}}],"collection":[{"href":"https:\/\/roveyayinevi.com.tr\/index.php\/wp-json\/wp\/v2\/product"}],"about":[{"href":"https:\/\/roveyayinevi.com.tr\/index.php\/wp-json\/wp\/v2\/types\/product"}],"wp:attachment":[{"href":"https:\/\/roveyayinevi.com.tr\/index.php\/wp-json\/wp\/v2\/media?parent=709077"}],"wp:term":[{"taxonomy":"product_brand","embeddable":true,"href":"https:\/\/roveyayinevi.com.tr\/index.php\/wp-json\/wp\/v2\/product_brand?post=709077"},{"taxonomy":"product_cat","embeddable":true,"href":"https:\/\/roveyayinevi.com.tr\/index.php\/wp-json\/wp\/v2\/product_cat?post=709077"},{"taxonomy":"product_tag","embeddable":true,"href":"https:\/\/roveyayinevi.com.tr\/index.php\/wp-json\/wp\/v2\/product_tag?post=709077"}],"curies":[{"name":"wp","href":"https:\/\/api.w.org\/{rel}","templated":true}]}}