{"id":709075,"date":"2025-08-27T16:21:38","date_gmt":"2025-08-27T13:21:38","guid":{"rendered":"https:\/\/roveyayinevi.com.tr\/index.php\/urun\/ilk-okuma-kitabim-caglar-doktorda\/"},"modified":"2026-04-16T02:17:40","modified_gmt":"2026-04-15T23:17:40","slug":"ilk-okuma-kitabim-caglar-doktorda","status":"publish","type":"product","link":"https:\/\/roveyayinevi.com.tr\/index.php\/urun\/ilk-okuma-kitabim-caglar-doktorda\/","title":{"rendered":"\u0130lk Okuma Kitab\u0131m &#8211; \u00c7a\u011flar Doktorda"},"content":{"rendered":"<p>\u00c7a\u011flar\u2019\u0131n ate\u015fi \u00e7\u0131kt\u0131. Bu y\u00fczden okula gitmedi. Annesi onu \u00e7ocuk doktoruna g\u00f6t\u00fcrd\u00fc. Doktor, \u00c7a\u011flar\u2019\u0131 ba\u015ftan a\u015fa\u011f\u0131ya muayene etti. \u00c7a\u011flar grip olmu\u015ftu! Doktor burun damlas\u0131 yazd\u0131. Bol bol uyku en iyi ila\u00e7t\u0131. Birka\u00e7 g\u00fcn sonra \u00c7a\u011flar\u2019\u0131n hi\u00e7bir \u015feyi kalmad\u0131! \ufffcTan\u0131t\u0131m Metni<\/p>\n","protected":false},"excerpt":{"rendered":"<p>\u00c7a\u011flar\u2019\u0131n ate\u015fi \u00e7\u0131kt\u0131. Bu y\u00fczden okula gitmedi. Annesi onu \u00e7ocuk doktoruna g\u00f6t\u00fcrd\u00fc. Doktor, \u00c7a\u011flar\u2019\u0131 ba\u015ftan a\u015fa\u011f\u0131ya muayene etti. \u00c7a\u011flar grip olmu\u015ftu! Doktor burun damlas\u0131 yazd\u0131. Bol<span class=\"excerpt-hellip\"> [\u2026]<\/span><\/p>\n","protected":false},"featured_media":0,"template":"","meta":{"_monsterinsights_skip_tracking":false,"_monsterinsights_sitenote_active":false,"_monsterinsights_sitenote_note":"","_monsterinsights_sitenote_category":0},"product_brand":[],"product_cat":[12913,12274],"product_tag":[],"class_list":{"0":"post-709075","1":"product","2":"type-product","3":"status-publish","5":"product_cat-3-6-yas-kitaplari","6":"product_cat-cocuk-ve-genclik-kitaplari","7":"pa_cilt-ciltsiz","8":"pa_tur-kitap","9":"pa_yayinevi-is-bankasi-kultur-yayinlari","10":"pa_yazar-christian-tielmann","12":"first","13":"instock","14":"sale","15":"shipping-taxable","16":"purchasable","17":"product-type-simple"},"_links":{"self":[{"href":"https:\/\/roveyayinevi.com.tr\/index.php\/wp-json\/wp\/v2\/product\/709075","targetHints":{"allow":["GET"]}}],"collection":[{"href":"https:\/\/roveyayinevi.com.tr\/index.php\/wp-json\/wp\/v2\/product"}],"about":[{"href":"https:\/\/roveyayinevi.com.tr\/index.php\/wp-json\/wp\/v2\/types\/product"}],"wp:attachment":[{"href":"https:\/\/roveyayinevi.com.tr\/index.php\/wp-json\/wp\/v2\/media?parent=709075"}],"wp:term":[{"taxonomy":"product_brand","embeddable":true,"href":"https:\/\/roveyayinevi.com.tr\/index.php\/wp-json\/wp\/v2\/product_brand?post=709075"},{"taxonomy":"product_cat","embeddable":true,"href":"https:\/\/roveyayinevi.com.tr\/index.php\/wp-json\/wp\/v2\/product_cat?post=709075"},{"taxonomy":"product_tag","embeddable":true,"href":"https:\/\/roveyayinevi.com.tr\/index.php\/wp-json\/wp\/v2\/product_tag?post=709075"}],"curies":[{"name":"wp","href":"https:\/\/api.w.org\/{rel}","templated":true}]}}