{"id":709074,"date":"2025-08-27T16:21:37","date_gmt":"2025-08-27T13:21:37","guid":{"rendered":"https:\/\/roveyayinevi.com.tr\/index.php\/urun\/deniz-fenerinde-ogle-yemegi-el-yazisi-ogreniyorum\/"},"modified":"2026-04-16T02:17:40","modified_gmt":"2026-04-15T23:17:40","slug":"deniz-fenerinde-ogle-yemegi-el-yazisi-ogreniyorum","status":"publish","type":"product","link":"https:\/\/roveyayinevi.com.tr\/index.php\/urun\/deniz-fenerinde-ogle-yemegi-el-yazisi-ogreniyorum\/","title":{"rendered":"Deniz Fenerinde \u00d6\u011fle Yeme\u011fi El Yaz\u0131s\u0131 \u00d6\u011freniyorum"},"content":{"rendered":"<p>Yaramaz mart\u0131lar \u0130rfan Amca\u2019n\u0131n yemeklerini yiyorlar. Canan Teyze yemekleri kurtarmak i\u00e7in ilgin\u00e7 planlar yap\u0131yor ama mart\u0131lar \u00e7ok yaramaz. Acaba sonunda yemekleri kim yiyecek? <\/p>\n","protected":false},"excerpt":{"rendered":"<p>Yaramaz mart\u0131lar \u0130rfan Amca\u2019n\u0131n yemeklerini yiyorlar. Canan Teyze yemekleri kurtarmak i\u00e7in ilgin\u00e7 planlar yap\u0131yor ama mart\u0131lar \u00e7ok yaramaz. Acaba sonunda yemekleri kim yiyecek?<\/p>\n","protected":false},"featured_media":0,"template":"","meta":{"_monsterinsights_skip_tracking":false,"_monsterinsights_sitenote_active":false,"_monsterinsights_sitenote_note":"","_monsterinsights_sitenote_category":0},"product_brand":[],"product_cat":[12913,12274],"product_tag":[],"class_list":{"0":"post-709074","1":"product","2":"type-product","3":"status-publish","5":"product_cat-3-6-yas-kitaplari","6":"product_cat-cocuk-ve-genclik-kitaplari","7":"pa_cilt-ciltsiz","8":"pa_tur-kitap","9":"pa_yayinevi-is-bankasi-kultur-yayinlari","10":"pa_yazar-komisyon","12":"first","13":"instock","14":"sale","15":"shipping-taxable","16":"purchasable","17":"product-type-simple"},"_links":{"self":[{"href":"https:\/\/roveyayinevi.com.tr\/index.php\/wp-json\/wp\/v2\/product\/709074","targetHints":{"allow":["GET"]}}],"collection":[{"href":"https:\/\/roveyayinevi.com.tr\/index.php\/wp-json\/wp\/v2\/product"}],"about":[{"href":"https:\/\/roveyayinevi.com.tr\/index.php\/wp-json\/wp\/v2\/types\/product"}],"wp:attachment":[{"href":"https:\/\/roveyayinevi.com.tr\/index.php\/wp-json\/wp\/v2\/media?parent=709074"}],"wp:term":[{"taxonomy":"product_brand","embeddable":true,"href":"https:\/\/roveyayinevi.com.tr\/index.php\/wp-json\/wp\/v2\/product_brand?post=709074"},{"taxonomy":"product_cat","embeddable":true,"href":"https:\/\/roveyayinevi.com.tr\/index.php\/wp-json\/wp\/v2\/product_cat?post=709074"},{"taxonomy":"product_tag","embeddable":true,"href":"https:\/\/roveyayinevi.com.tr\/index.php\/wp-json\/wp\/v2\/product_tag?post=709074"}],"curies":[{"name":"wp","href":"https:\/\/api.w.org\/{rel}","templated":true}]}}