{"id":709073,"date":"2025-08-27T16:21:37","date_gmt":"2025-08-27T13:21:37","guid":{"rendered":"https:\/\/roveyayinevi.com.tr\/index.php\/urun\/sultan-abdulhamidin-son-zevcesi\/"},"modified":"2026-04-16T02:17:40","modified_gmt":"2026-04-15T23:17:40","slug":"sultan-abdulhamidin-son-zevcesi","status":"publish","type":"product","link":"https:\/\/roveyayinevi.com.tr\/index.php\/urun\/sultan-abdulhamidin-son-zevcesi\/","title":{"rendered":"Sultan Abd\u00fclhamidin Son Zevcesi"},"content":{"rendered":"<p>\u201cBir defas\u0131nda yan\u0131na gitti\u011fimde, Sultan Efendi, evin mutfa\u011f\u0131nda so\u011fan ve patatesleri ay\u0131kl\u0131yordu. Bunlar pazar art\u0131klar\u0131ndan toplanm\u0131\u015f \u00e7o\u011fu \u00e7\u00fcr\u00fck \u00e7ar\u0131k \u015feylerdi. Kendimi tutamad\u0131m. G\u00f6zlerim doldu. \u2018O\u011flum, sarayda ya\u015fad\u0131m. Hizmetk\u00e2rlar\u0131m vard\u0131. Ama g\u00f6r, bak, \u015fimdi ne haldeyim! Cen\u00e2b-\u0131 Hak, bizi imtihan ediyor. \u0130n\u015fallah bu imtihan\u0131 kazan\u0131r\u0131z\u2019 dedi&#8230;\u201d Sultan II. Abd\u00fclhamid\u2019in son zevcesi Behice Sultan\u2019\u0131n, Napoli\u2019de s\u00fcrg\u00fcn hayat\u0131 ya\u015farken, kendisini ziyarete gelen gen\u00e7 doktora talebesi Enver \u00d6ren Bey\u2019e s\u00f6yledi\u011fi ve kuvvetli bir iman\u0131n tez\u00e2h\u00fcr\u00fc olan bu s\u00f6zleri, bug\u00fcn kolay kolay kim s\u00f6yleyebilir? Zevcesi b\u00f6yle olan\u0131n, kendi acaba nas\u0131ld\u0131r?*** Bir \u00c7erkez beyinin k\u0131z\u0131\u2026 Saraya al\u0131nm\u0131\u015f\u2026 Devrin en kudretli h\u00fck\u00fcmdarlar\u0131ndan biriyle evlenmi\u015f\u2026 Zevci tahttan indirilmi\u015f\u2026 G\u00fczelli\u011fi ve zek\u00e2s\u0131 yan\u0131nda, cesareti ile de tan\u0131nm\u0131\u015f\u2026 Bu yolda ba\u015f\u0131na \u00e7ok i\u015fler gelmi\u015f\u2026  Evlat ac\u0131s\u0131 ya\u015fam\u0131\u015f\u2026 Yokluk \u00e7ekmi\u015f\u2026 \u0130ftiralara u\u011fram\u0131\u015f\u2026 Nihayet 40 sene vatan\u0131ndan ayr\u0131 b\u0131rak\u0131lm\u0131\u015f&#8230; D\u00fcnya ba\u011f\u0131n\u0131n g\u00fcz\u00fcn\u00fc de bahar\u0131n\u0131 da tatm\u0131\u015f; ne\u015fenin de gam\u0131n da r\u00fczg\u00e2r\u0131n\u0131 g\u00f6rm\u00fc\u015f bir \u015fahsiyet\u2026 Elinizdeki kitap, Behice \u0130kbal Efendi\u2019nin bir film senaryosunu and\u0131ran hayat\u0131n\u0131 anlat\u0131yor. Sultan Abd\u00fclhamid ailesinden en \u00e7ok kimi severdi?Cihan Harbi\u2019nin kopaca\u011f\u0131n\u0131 r\u00fcyada nas\u0131l g\u00f6rm\u00fc\u015ft\u00fc?Cinayeti haber veren ku\u015f\u2026Ne yer, ne i\u00e7erdi?Bron\u015fiti nas\u0131l tedavi ederdi?Dindarl\u0131\u011f\u0131\u2026  Sultan Abd\u00fclhamid\u2019e dair nice bilinmeyenler bu kitapta\u2026 <\/p>\n","protected":false},"excerpt":{"rendered":"<p>\u201cBir defas\u0131nda yan\u0131na gitti\u011fimde, Sultan Efendi, evin mutfa\u011f\u0131nda so\u011fan ve patatesleri ay\u0131kl\u0131yordu. Bunlar pazar art\u0131klar\u0131ndan toplanm\u0131\u015f \u00e7o\u011fu \u00e7\u00fcr\u00fck \u00e7ar\u0131k \u015feylerdi. Kendimi tutamad\u0131m. G\u00f6zlerim doldu. \u2018O\u011flum, sarayda<span class=\"excerpt-hellip\"> [\u2026]<\/span><\/p>\n","protected":false},"featured_media":0,"template":"","meta":{"_monsterinsights_skip_tracking":false,"_monsterinsights_sitenote_active":false,"_monsterinsights_sitenote_note":"","_monsterinsights_sitenote_category":0},"product_brand":[],"product_cat":[13517,12304],"product_tag":[],"class_list":{"0":"post-709073","1":"product","2":"type-product","3":"status-publish","5":"product_cat-osmanli-tarihi","6":"product_cat-tarih","7":"pa_cilt-ciltsiz","8":"pa_tur-kitap","9":"pa_yayinevi-timas-yayinlari","10":"pa_yazar-ekrem-bugra-ekinci","12":"first","13":"instock","14":"sale","15":"shipping-taxable","16":"purchasable","17":"product-type-simple"},"_links":{"self":[{"href":"https:\/\/roveyayinevi.com.tr\/index.php\/wp-json\/wp\/v2\/product\/709073","targetHints":{"allow":["GET"]}}],"collection":[{"href":"https:\/\/roveyayinevi.com.tr\/index.php\/wp-json\/wp\/v2\/product"}],"about":[{"href":"https:\/\/roveyayinevi.com.tr\/index.php\/wp-json\/wp\/v2\/types\/product"}],"wp:attachment":[{"href":"https:\/\/roveyayinevi.com.tr\/index.php\/wp-json\/wp\/v2\/media?parent=709073"}],"wp:term":[{"taxonomy":"product_brand","embeddable":true,"href":"https:\/\/roveyayinevi.com.tr\/index.php\/wp-json\/wp\/v2\/product_brand?post=709073"},{"taxonomy":"product_cat","embeddable":true,"href":"https:\/\/roveyayinevi.com.tr\/index.php\/wp-json\/wp\/v2\/product_cat?post=709073"},{"taxonomy":"product_tag","embeddable":true,"href":"https:\/\/roveyayinevi.com.tr\/index.php\/wp-json\/wp\/v2\/product_tag?post=709073"}],"curies":[{"name":"wp","href":"https:\/\/api.w.org\/{rel}","templated":true}]}}