{"id":709072,"date":"2025-08-27T16:21:36","date_gmt":"2025-08-27T13:21:36","guid":{"rendered":"https:\/\/roveyayinevi.com.tr\/index.php\/urun\/otag-serisi-ii-emir-timur\/"},"modified":"2026-04-16T02:17:40","modified_gmt":"2026-04-15T23:17:40","slug":"otag-serisi-ii-emir-timur","status":"publish","type":"product","link":"https:\/\/roveyayinevi.com.tr\/index.php\/urun\/otag-serisi-ii-emir-timur\/","title":{"rendered":"Ota\u011f Serisi II &#8211; Emir Timur"},"content":{"rendered":"<p>Ahmet \u015eim\u015firgil, Osmanl\u0131 Devleti\u2019nin b\u00fct\u00fcn safhalar\u0131n\u0131 anlatt\u0131\u011f\u0131 KAYIserisinden sonra, \u015fimdi de OTA\u011e serisi ile eski T\u00fcrklerin tarih\u00ee maceralar\u0131n\u0131 ayd\u0131nlat\u0131yor. Orta Asya\u2019n\u0131n derinliklerindeki T\u00fcrk imgesi, ezber bozan bilgiler \u0131\u015f\u0131\u011f\u0131nda bir kez daha parl\u0131yor. Osmanl\u0131 haf\u0131zas\u0131 onu Y\u0131ld\u0131r\u0131m Bayezid ile yapt\u0131\u011f\u0131 Ankara Muharebesi\u2019nden \u00f6t\u00fcr\u00fc \u201cTimurlenk\u201d yani \u201cAksak Timur\u201d diye anar. Ancak o, Y\u0131ld\u0131r\u0131m\u2019\u0131 ma\u011flup edip Osmanl\u0131 \u00fclkesinde Fetret Devri\u2019nin ya\u015fanmas\u0131na yol a\u00e7m\u0131\u015fsa da T\u00fcrk tarihinin kahramanlar\u0131ndan biridir. O, O\u011fuz Han, Bilge Ka\u011fan, Alparslan, Fatih ve Yavuz gibi T\u00fcrk h\u00e2kimiyeti mefk\u00fbresi idealindeki hakanlardan biridir\u202617 b\u00fcy\u00fck sava\u015f\u0131 kazanan, 27 \u00fclkeye boyun e\u011fdiren, hi\u00e7 yenilmeyen bir strateji dehas\u0131\u2026 Semerkand merkezli Buhara, \u015eehrisebz ve Mavera\u00fcnnehr\u2019de yapt\u0131rd\u0131\u011f\u0131 \u00f6l\u00fcms\u00fcz eserlerle bir devre \u201cTimur R\u00f6nesans\u0131\u201d damgas\u0131 vuran bir devlet adam\u0131\u2026 Hocas\u0131 Mir Seyyid Bereke\u2019nin ayakucuna defnedilmek isteyecek kadar \u00e2limlere sayg\u0131 duyan, tevazu sahibi bir insan\u2026\u2022 Emir Timur, T\u00fcrk m\u00fcyd\u00fc, yoksa Mo\u011fol mu?\u2022 T\u00fcz\u00fck\u00e2t\u2019\u0131nda anlatt\u0131\u011f\u0131 liderlik s\u0131rlar\u0131 nelerdi?\u2022 \u201cRusya\u2019y\u0131 Rusya yapan Timur\u2019du!\u201d iddias\u0131 do\u011fru mu?\u2022 Ankara Muharebesi\u2019nde Y\u0131ld\u0131r\u0131m Bayezid ile neden kar\u015f\u0131 kar\u015f\u0131ya geldi?\u2022 Emir Timur, Y\u0131ld\u0131r\u0131m Bayezid\u2019in han\u0131m\u0131na nas\u0131l davrand\u0131?\u2022 Anadolu\u2019da neden anla\u015f\u0131lamad\u0131 ve zul\u00fcm ile an\u0131ld\u0131?\u2022 Sivas\u2019ta katliam yapt\u0131 m\u0131?Prof. Dr. Ahmet \u015eim\u015firgil, bug\u00fcne kadar olu\u015fturulmu\u015f Timur imaj\u0131n\u0131 yeniden in\u015fa ediyor. Emir Timur hakk\u0131nda merak edilen\/\u015fimdiye kadar s\u00f6ylenmemi\u015f her \u015feyi bu kitapta bulacaks\u0131n\u0131z. Timur\u2019da b\u00fcy\u00fck T\u00fcrk co\u011frafyas\u0131n\u0131n lejantlar\u0131 sakl\u0131\u2026 <\/p>\n","protected":false},"excerpt":{"rendered":"<p>Ahmet \u015eim\u015firgil, Osmanl\u0131 Devleti\u2019nin b\u00fct\u00fcn safhalar\u0131n\u0131 anlatt\u0131\u011f\u0131 KAYIserisinden sonra, \u015fimdi de OTA\u011e serisi ile eski T\u00fcrklerin tarih\u00ee maceralar\u0131n\u0131 ayd\u0131nlat\u0131yor. Orta Asya\u2019n\u0131n derinliklerindeki T\u00fcrk imgesi, ezber bozan<span class=\"excerpt-hellip\"> [\u2026]<\/span><\/p>\n","protected":false},"featured_media":0,"template":"","meta":{"_monsterinsights_skip_tracking":false,"_monsterinsights_sitenote_active":false,"_monsterinsights_sitenote_note":"","_monsterinsights_sitenote_category":0},"product_brand":[],"product_cat":[13517,12304],"product_tag":[],"class_list":{"0":"post-709072","1":"product","2":"type-product","3":"status-publish","5":"product_cat-osmanli-tarihi","6":"product_cat-tarih","7":"pa_cilt-ciltsiz","8":"pa_tur-kitap","9":"pa_yayinevi-timas-yayinlari","10":"pa_yazar-ahmet-simsirgil","12":"first","13":"instock","14":"sale","15":"shipping-taxable","16":"purchasable","17":"product-type-simple"},"_links":{"self":[{"href":"https:\/\/roveyayinevi.com.tr\/index.php\/wp-json\/wp\/v2\/product\/709072","targetHints":{"allow":["GET"]}}],"collection":[{"href":"https:\/\/roveyayinevi.com.tr\/index.php\/wp-json\/wp\/v2\/product"}],"about":[{"href":"https:\/\/roveyayinevi.com.tr\/index.php\/wp-json\/wp\/v2\/types\/product"}],"wp:attachment":[{"href":"https:\/\/roveyayinevi.com.tr\/index.php\/wp-json\/wp\/v2\/media?parent=709072"}],"wp:term":[{"taxonomy":"product_brand","embeddable":true,"href":"https:\/\/roveyayinevi.com.tr\/index.php\/wp-json\/wp\/v2\/product_brand?post=709072"},{"taxonomy":"product_cat","embeddable":true,"href":"https:\/\/roveyayinevi.com.tr\/index.php\/wp-json\/wp\/v2\/product_cat?post=709072"},{"taxonomy":"product_tag","embeddable":true,"href":"https:\/\/roveyayinevi.com.tr\/index.php\/wp-json\/wp\/v2\/product_tag?post=709072"}],"curies":[{"name":"wp","href":"https:\/\/api.w.org\/{rel}","templated":true}]}}