{"id":709071,"date":"2025-08-27T16:21:36","date_gmt":"2025-08-27T13:21:36","guid":{"rendered":"https:\/\/roveyayinevi.com.tr\/index.php\/urun\/bu-kitabi-yalniz-kizlar-erkekler-okusun\/"},"modified":"2026-04-16T02:17:40","modified_gmt":"2026-04-15T23:17:40","slug":"bu-kitabi-yalniz-kizlar-erkekler-okusun","status":"publish","type":"product","link":"https:\/\/roveyayinevi.com.tr\/index.php\/urun\/bu-kitabi-yalniz-kizlar-erkekler-okusun\/","title":{"rendered":"Bu Kitab\u0131 Yaln\u0131z K\u0131zlar Erkekler Okusun"},"content":{"rendered":"<p>Bir k\u0131z ne der, ne demek ister? Erkek milleti&#8230; Erkekleri anlama k\u0131lavuzu&#8230; K\u0131zlar ka\u00e7a ayr\u0131l\u0131r? Kad\u0131nlardan ve erkeklerden duyamayaca\u011f\u0131n\u0131z s\u00f6zler&#8230; Kad\u0131nlara verilmesi gereken kurslar&#8230; Erkeklerde k\u0131zlar\u0131 en \u00e7ok etkileyen \u00f6zellikler&#8230; \u0130yi ki erke\u011fim dedirten \u015feyler&#8230; Hepsi ve daha fazlas\u0131 bu kitapta! <\/p>\n","protected":false},"excerpt":{"rendered":"<p>Bir k\u0131z ne der, ne demek ister? Erkek milleti&#8230; Erkekleri anlama k\u0131lavuzu&#8230; K\u0131zlar ka\u00e7a ayr\u0131l\u0131r? Kad\u0131nlardan ve erkeklerden duyamayaca\u011f\u0131n\u0131z s\u00f6zler&#8230; Kad\u0131nlara verilmesi gereken kurslar&#8230; Erkeklerde k\u0131zlar\u0131<span class=\"excerpt-hellip\"> [\u2026]<\/span><\/p>\n","protected":false},"featured_media":0,"template":"","meta":{"_monsterinsights_skip_tracking":false,"_monsterinsights_sitenote_active":false,"_monsterinsights_sitenote_note":"","_monsterinsights_sitenote_category":0},"product_brand":[],"product_cat":[12291,15117],"product_tag":[],"class_list":{"0":"post-709071","1":"product","2":"type-product","3":"status-publish","5":"product_cat-edebiyat","6":"product_cat-genclik-edebiyati","7":"pa_cilt-ciltsiz","8":"pa_tur-kitap","9":"pa_yayinevi-carpe-diem-kitaplari","10":"pa_yazar-bilge-goksu","12":"first","13":"instock","14":"sale","15":"shipping-taxable","16":"purchasable","17":"product-type-simple"},"_links":{"self":[{"href":"https:\/\/roveyayinevi.com.tr\/index.php\/wp-json\/wp\/v2\/product\/709071","targetHints":{"allow":["GET"]}}],"collection":[{"href":"https:\/\/roveyayinevi.com.tr\/index.php\/wp-json\/wp\/v2\/product"}],"about":[{"href":"https:\/\/roveyayinevi.com.tr\/index.php\/wp-json\/wp\/v2\/types\/product"}],"wp:attachment":[{"href":"https:\/\/roveyayinevi.com.tr\/index.php\/wp-json\/wp\/v2\/media?parent=709071"}],"wp:term":[{"taxonomy":"product_brand","embeddable":true,"href":"https:\/\/roveyayinevi.com.tr\/index.php\/wp-json\/wp\/v2\/product_brand?post=709071"},{"taxonomy":"product_cat","embeddable":true,"href":"https:\/\/roveyayinevi.com.tr\/index.php\/wp-json\/wp\/v2\/product_cat?post=709071"},{"taxonomy":"product_tag","embeddable":true,"href":"https:\/\/roveyayinevi.com.tr\/index.php\/wp-json\/wp\/v2\/product_tag?post=709071"}],"curies":[{"name":"wp","href":"https:\/\/api.w.org\/{rel}","templated":true}]}}