{"id":709070,"date":"2025-08-27T16:21:35","date_gmt":"2025-08-27T13:21:35","guid":{"rendered":"https:\/\/roveyayinevi.com.tr\/index.php\/urun\/vahsiler-futbol-takimi-7-fuzeci-maxi\/"},"modified":"2026-04-16T02:17:40","modified_gmt":"2026-04-15T23:17:40","slug":"vahsiler-futbol-takimi-7-fuzeci-maxi","status":"publish","type":"product","link":"https:\/\/roveyayinevi.com.tr\/index.php\/urun\/vahsiler-futbol-takimi-7-fuzeci-maxi\/","title":{"rendered":"Vah\u015filer Futbol Tak\u0131m\u0131 7 &#8211; F\u00fczeci Maxi"},"content":{"rendered":"<p>Antren\u00f6rleri Willi, Vah\u015filer Tak\u0131m\u0131&#8217;n\u0131 salon turnuvas\u0131na sokmaya karar vermi\u015fti. Maxi d\u0131\u015f\u0131nda t\u00fcm tak\u0131m bu konuda son derece hevesliydi. Oldum olas\u0131 pek konu\u015fmayan F\u00fczeci Maxi ise kendi derdine d\u00fc\u015fm\u00fc\u015ft\u00fc, \u00e7\u00fcnk\u00fc bu kez sanki dilini yutmu\u015ftu. \u0130stese bile a\u011fz\u0131ndan tek kelime \u00e7\u0131km\u0131yordu. \u00dcstelik o dillere destan, f\u00fcze gibi \u015futlar\u0131n\u0131 da \u00e7ekemez olmu\u015ftu. Arkada\u015flar\u0131 onu kendine getirmeye karar verdiler. Hem de ne pahas\u0131na olursa olsun&#8230; <\/p>\n","protected":false},"excerpt":{"rendered":"<p>Antren\u00f6rleri Willi, Vah\u015filer Tak\u0131m\u0131&#8217;n\u0131 salon turnuvas\u0131na sokmaya karar vermi\u015fti. Maxi d\u0131\u015f\u0131nda t\u00fcm tak\u0131m bu konuda son derece hevesliydi. Oldum olas\u0131 pek konu\u015fmayan F\u00fczeci Maxi ise kendi<span class=\"excerpt-hellip\"> [\u2026]<\/span><\/p>\n","protected":false},"featured_media":0,"template":"","meta":{"_monsterinsights_skip_tracking":false,"_monsterinsights_sitenote_active":false,"_monsterinsights_sitenote_note":"","_monsterinsights_sitenote_category":0},"product_brand":[],"product_cat":[12275,12274],"product_tag":[],"class_list":{"0":"post-709070","1":"product","2":"type-product","3":"status-publish","5":"product_cat-6-12-yas-kitaplari","6":"product_cat-cocuk-ve-genclik-kitaplari","7":"pa_cilt-ciltli","8":"pa_tur-kitap","9":"pa_yayinevi-epsilon-yayinlari","10":"pa_yazar-joachim-masannek","12":"first","13":"instock","14":"sale","15":"shipping-taxable","16":"purchasable","17":"product-type-simple"},"_links":{"self":[{"href":"https:\/\/roveyayinevi.com.tr\/index.php\/wp-json\/wp\/v2\/product\/709070","targetHints":{"allow":["GET"]}}],"collection":[{"href":"https:\/\/roveyayinevi.com.tr\/index.php\/wp-json\/wp\/v2\/product"}],"about":[{"href":"https:\/\/roveyayinevi.com.tr\/index.php\/wp-json\/wp\/v2\/types\/product"}],"wp:attachment":[{"href":"https:\/\/roveyayinevi.com.tr\/index.php\/wp-json\/wp\/v2\/media?parent=709070"}],"wp:term":[{"taxonomy":"product_brand","embeddable":true,"href":"https:\/\/roveyayinevi.com.tr\/index.php\/wp-json\/wp\/v2\/product_brand?post=709070"},{"taxonomy":"product_cat","embeddable":true,"href":"https:\/\/roveyayinevi.com.tr\/index.php\/wp-json\/wp\/v2\/product_cat?post=709070"},{"taxonomy":"product_tag","embeddable":true,"href":"https:\/\/roveyayinevi.com.tr\/index.php\/wp-json\/wp\/v2\/product_tag?post=709070"}],"curies":[{"name":"wp","href":"https:\/\/api.w.org\/{rel}","templated":true}]}}