{"id":709069,"date":"2025-08-27T16:21:35","date_gmt":"2025-08-27T13:21:35","guid":{"rendered":"https:\/\/roveyayinevi.com.tr\/index.php\/urun\/vahsiler-futbol-takimi-8-dunyanin-en-hizli-sag-acigi-fabi\/"},"modified":"2026-04-16T02:17:40","modified_gmt":"2026-04-15T23:17:40","slug":"vahsiler-futbol-takimi-8-dunyanin-en-hizli-sag-acigi-fabi","status":"publish","type":"product","link":"https:\/\/roveyayinevi.com.tr\/index.php\/urun\/vahsiler-futbol-takimi-8-dunyanin-en-hizli-sag-acigi-fabi\/","title":{"rendered":"Vah\u015filer Futbol Tak\u0131m\u0131 8 &#8211; D\u00fcnyan\u0131n En H\u0131zl\u0131 Sa\u011f A\u00e7\u0131\u011f\u0131 Fabi"},"content":{"rendered":"<p>Fabi, Salon Futbolu \u015eehir Turnuvas\u0131\u2019nda oynarken bir yetenek avc\u0131s\u0131 taraf\u0131ndan ke\u015ffedildi ve ona FC Bayern\u2019de oynamas\u0131 teklifi geldi. Fabi teklifi kabul etti, \u00e7\u00fcnk\u00fc bu \u00e7ok haval\u0131 bir tak\u0131md\u0131. Vah\u015filer Futbol Tak\u0131m\u0131 bu nedenle onu hain ilan etti. \u0130\u015fler as\u0131l, iki tak\u0131m finallerde kar\u015f\u0131la\u015fmak zorunda kal\u0131nca kar\u0131\u015ft\u0131. Hen\u00fcz deneme s\u00fcresinde oldu\u011fu i\u00e7in Fabi yeni tak\u0131m\u0131nda oynayamayacakt\u0131. Vah\u015filer Tak\u0131m\u0131\u2019n\u0131n ise kazanmak i\u00e7in ona ihtiyac\u0131 vard\u0131. Bakal\u0131m Fabi nas\u0131l bir se\u00e7im yapacakt\u0131? <\/p>\n","protected":false},"excerpt":{"rendered":"<p>Fabi, Salon Futbolu \u015eehir Turnuvas\u0131\u2019nda oynarken bir yetenek avc\u0131s\u0131 taraf\u0131ndan ke\u015ffedildi ve ona FC Bayern\u2019de oynamas\u0131 teklifi geldi. Fabi teklifi kabul etti, \u00e7\u00fcnk\u00fc bu \u00e7ok haval\u0131<span class=\"excerpt-hellip\"> [\u2026]<\/span><\/p>\n","protected":false},"featured_media":0,"template":"","meta":{"_monsterinsights_skip_tracking":false,"_monsterinsights_sitenote_active":false,"_monsterinsights_sitenote_note":"","_monsterinsights_sitenote_category":0},"product_brand":[],"product_cat":[12275,12274],"product_tag":[],"class_list":{"0":"post-709069","1":"product","2":"type-product","3":"status-publish","5":"product_cat-6-12-yas-kitaplari","6":"product_cat-cocuk-ve-genclik-kitaplari","7":"pa_cilt-ciltli","8":"pa_tur-kitap","9":"pa_yayinevi-epsilon-yayinlari","10":"pa_yazar-joachim-masannek","12":"first","13":"instock","14":"sale","15":"shipping-taxable","16":"purchasable","17":"product-type-simple"},"_links":{"self":[{"href":"https:\/\/roveyayinevi.com.tr\/index.php\/wp-json\/wp\/v2\/product\/709069","targetHints":{"allow":["GET"]}}],"collection":[{"href":"https:\/\/roveyayinevi.com.tr\/index.php\/wp-json\/wp\/v2\/product"}],"about":[{"href":"https:\/\/roveyayinevi.com.tr\/index.php\/wp-json\/wp\/v2\/types\/product"}],"wp:attachment":[{"href":"https:\/\/roveyayinevi.com.tr\/index.php\/wp-json\/wp\/v2\/media?parent=709069"}],"wp:term":[{"taxonomy":"product_brand","embeddable":true,"href":"https:\/\/roveyayinevi.com.tr\/index.php\/wp-json\/wp\/v2\/product_brand?post=709069"},{"taxonomy":"product_cat","embeddable":true,"href":"https:\/\/roveyayinevi.com.tr\/index.php\/wp-json\/wp\/v2\/product_cat?post=709069"},{"taxonomy":"product_tag","embeddable":true,"href":"https:\/\/roveyayinevi.com.tr\/index.php\/wp-json\/wp\/v2\/product_tag?post=709069"}],"curies":[{"name":"wp","href":"https:\/\/api.w.org\/{rel}","templated":true}]}}