{"id":709068,"date":"2025-08-27T16:21:34","date_gmt":"2025-08-27T13:21:34","guid":{"rendered":"https:\/\/roveyayinevi.com.tr\/index.php\/urun\/vahsiler-futbol-takimi-9-joker-joschka\/"},"modified":"2026-04-16T02:17:40","modified_gmt":"2026-04-15T23:17:40","slug":"vahsiler-futbol-takimi-9-joker-joschka","status":"publish","type":"product","link":"https:\/\/roveyayinevi.com.tr\/index.php\/urun\/vahsiler-futbol-takimi-9-joker-joschka\/","title":{"rendered":"Vah\u015filer Futbol Tak\u0131m\u0131 9 &#8211; Joker Joschka"},"content":{"rendered":"<p>Vah\u015filer Futbol Tak\u0131m\u0131&#8217;n\u0131n en k\u00fc\u00e7\u00fck \u00fcyesi Joker Joschka, o g\u00fcn yedinci do\u011fum g\u00fcn\u00fcn\u00fc kutluyordu. Bir aksilik sonucu \u015fehrin en tehlikeli \u00e7etesi olan Ate\u015f Bereliler&#8217;e meydan okumak zorunda kald\u0131. Wilson &#8220;Gonzo&#8221; Gonzales \u00f6nderli\u011findeki bu \u00e7ete de t\u00fcm Vah\u015filer Tak\u0131m\u0131&#8217;na sava\u015f a\u00e7t\u0131. Bizimkiler bu sert ta\u015fa toslam\u0131\u015flard\u0131. Bunun \u00fcst\u00fcne antren\u00f6rleri bir plan yapt\u0131. Plana g\u00f6re Vah\u015filer Futbol Tak\u0131m\u0131&#8217;n\u0131 kurtarabilecek tek ki\u015fi Joker Joschka&#8217;yd\u0131. Soluksuz okunacak bir macera daha&#8230; <\/p>\n","protected":false},"excerpt":{"rendered":"<p>Vah\u015filer Futbol Tak\u0131m\u0131&#8217;n\u0131n en k\u00fc\u00e7\u00fck \u00fcyesi Joker Joschka, o g\u00fcn yedinci do\u011fum g\u00fcn\u00fcn\u00fc kutluyordu. Bir aksilik sonucu \u015fehrin en tehlikeli \u00e7etesi olan Ate\u015f Bereliler&#8217;e meydan okumak<span class=\"excerpt-hellip\"> [\u2026]<\/span><\/p>\n","protected":false},"featured_media":0,"template":"","meta":{"_monsterinsights_skip_tracking":false,"_monsterinsights_sitenote_active":false,"_monsterinsights_sitenote_note":"","_monsterinsights_sitenote_category":0},"product_brand":[],"product_cat":[12275,12274],"product_tag":[],"class_list":{"0":"post-709068","1":"product","2":"type-product","3":"status-publish","5":"product_cat-6-12-yas-kitaplari","6":"product_cat-cocuk-ve-genclik-kitaplari","7":"pa_cilt-ciltli","8":"pa_tur-kitap","9":"pa_yayinevi-epsilon-yayinlari","10":"pa_yazar-joachim-masannek","12":"first","13":"instock","14":"sale","15":"shipping-taxable","16":"purchasable","17":"product-type-simple"},"_links":{"self":[{"href":"https:\/\/roveyayinevi.com.tr\/index.php\/wp-json\/wp\/v2\/product\/709068","targetHints":{"allow":["GET"]}}],"collection":[{"href":"https:\/\/roveyayinevi.com.tr\/index.php\/wp-json\/wp\/v2\/product"}],"about":[{"href":"https:\/\/roveyayinevi.com.tr\/index.php\/wp-json\/wp\/v2\/types\/product"}],"wp:attachment":[{"href":"https:\/\/roveyayinevi.com.tr\/index.php\/wp-json\/wp\/v2\/media?parent=709068"}],"wp:term":[{"taxonomy":"product_brand","embeddable":true,"href":"https:\/\/roveyayinevi.com.tr\/index.php\/wp-json\/wp\/v2\/product_brand?post=709068"},{"taxonomy":"product_cat","embeddable":true,"href":"https:\/\/roveyayinevi.com.tr\/index.php\/wp-json\/wp\/v2\/product_cat?post=709068"},{"taxonomy":"product_tag","embeddable":true,"href":"https:\/\/roveyayinevi.com.tr\/index.php\/wp-json\/wp\/v2\/product_tag?post=709068"}],"curies":[{"name":"wp","href":"https:\/\/api.w.org\/{rel}","templated":true}]}}