{"id":709067,"date":"2025-08-27T16:21:34","date_gmt":"2025-08-27T13:21:34","guid":{"rendered":"https:\/\/roveyayinevi.com.tr\/index.php\/urun\/istiklal-savasinin-finansmani\/"},"modified":"2026-04-16T02:17:40","modified_gmt":"2026-04-15T23:17:40","slug":"istiklal-savasinin-finansmani","status":"publish","type":"product","link":"https:\/\/roveyayinevi.com.tr\/index.php\/urun\/istiklal-savasinin-finansmani\/","title":{"rendered":"\u0130stiklal Sava\u015f\u0131n\u0131n Finansman\u0131"},"content":{"rendered":"<p>T\u00fcrkiye\u2019de son y\u0131llarda Cumhuriyete ve onun Kurucular\u0131na y\u00f6nelik s\u00f6ylem su\u00e7lamalara d\u00f6n\u00fc\u015ft\u00fc. Bu yap\u0131l\u0131rken \u00e7o\u011fu zaman da eksik bilgi ve yalana dayal\u0131 bir dil kullan\u0131l\u0131yor. Bu yap\u0131l\u0131rken bir yandan da Osmanl\u0131c\u0131l\u0131k-Yeni Osmanl\u0131c\u0131l\u0131k \u00e7ekici ifadelerle \u00f6v\u00fcl\u00fcyor. Hele Abd\u00fclhamit d\u00f6nemi anlat\u0131l\u0131rken ileri s\u00fcr\u00fclen g\u00f6r\u00fc\u015fleri dinlerken, yaz\u0131lar\u0131 okurken hayrete d\u00fc\u015fmemek imkans\u0131z hale geliyor. \u00d6v\u00fclen O Abd\u00fclhamit ki, Osmanl\u0131 Devleti\u2019nin iflas\u0131na 15 Ekim 1881\u2019de (28 Muharrem 1299) imza atm\u0131\u015ft\u0131r. Muharrem Kararnamesi ile Osmanl\u0131 Devleti ekonomisinin denetimini Duyun-u Umumiye idaresine (Bor\u00e7lar \u0130daresi) b\u0131rakm\u0131\u015ft\u0131r. Osmanl\u0131 b\u00f6yle bir \u00e7\u00f6k\u00fc\u015f ile \u00f6mr\u00fcn\u00fc tamamlarken, Mustafa Kemal ATAT\u00dcRK\u2019\u00fcn \u00f6nderli\u011finde kazan\u0131lan \u0130stiklal Sava\u015f\u0131, sadece siyasi bir ba\u015far\u0131ya de\u011fil, ayn\u0131 zamanda ekonomik ba\u015far\u0131ya da zemin haz\u0131rlam\u0131\u015ft\u0131r. Ancak bu kolay olmam\u0131\u015ft\u0131r.Vural Fuat Sava\u015f bu kitapta sadece \u0130stiklal Sava\u015f\u0131\u2019n\u0131n finansman\u0131n\u0131 de\u011fil, asl\u0131nda yoklu\u011fun ve olanaks\u0131zl\u0131\u011f\u0131n nas\u0131l ba\u015far\u0131ya d\u00f6n\u00fc\u015ft\u00fcr\u00fcld\u00fc\u011f\u00fcn\u00fc yani zaferi anlatmaktad\u0131r. <\/p>\n","protected":false},"excerpt":{"rendered":"<p>T\u00fcrkiye\u2019de son y\u0131llarda Cumhuriyete ve onun Kurucular\u0131na y\u00f6nelik s\u00f6ylem su\u00e7lamalara d\u00f6n\u00fc\u015ft\u00fc. Bu yap\u0131l\u0131rken \u00e7o\u011fu zaman da eksik bilgi ve yalana dayal\u0131 bir dil kullan\u0131l\u0131yor. Bu yap\u0131l\u0131rken<span class=\"excerpt-hellip\"> [\u2026]<\/span><\/p>\n","protected":false},"featured_media":0,"template":"","meta":{"_monsterinsights_skip_tracking":false,"_monsterinsights_sitenote_active":false,"_monsterinsights_sitenote_note":"","_monsterinsights_sitenote_category":0},"product_brand":[],"product_cat":[13590,12337],"product_tag":[],"class_list":{"0":"post-709067","1":"product","2":"type-product","3":"status-publish","5":"product_cat-arastirma-inceleme-politika-siyaset","6":"product_cat-politika-siyaset","7":"pa_cilt-ciltsiz","8":"pa_tur-kitap","9":"pa_yayinevi-efil-yayinevi","10":"pa_yazar-vural-fuat-savas","12":"first","13":"instock","14":"sale","15":"shipping-taxable","16":"purchasable","17":"product-type-simple"},"_links":{"self":[{"href":"https:\/\/roveyayinevi.com.tr\/index.php\/wp-json\/wp\/v2\/product\/709067","targetHints":{"allow":["GET"]}}],"collection":[{"href":"https:\/\/roveyayinevi.com.tr\/index.php\/wp-json\/wp\/v2\/product"}],"about":[{"href":"https:\/\/roveyayinevi.com.tr\/index.php\/wp-json\/wp\/v2\/types\/product"}],"wp:attachment":[{"href":"https:\/\/roveyayinevi.com.tr\/index.php\/wp-json\/wp\/v2\/media?parent=709067"}],"wp:term":[{"taxonomy":"product_brand","embeddable":true,"href":"https:\/\/roveyayinevi.com.tr\/index.php\/wp-json\/wp\/v2\/product_brand?post=709067"},{"taxonomy":"product_cat","embeddable":true,"href":"https:\/\/roveyayinevi.com.tr\/index.php\/wp-json\/wp\/v2\/product_cat?post=709067"},{"taxonomy":"product_tag","embeddable":true,"href":"https:\/\/roveyayinevi.com.tr\/index.php\/wp-json\/wp\/v2\/product_tag?post=709067"}],"curies":[{"name":"wp","href":"https:\/\/api.w.org\/{rel}","templated":true}]}}