{"id":709065,"date":"2025-08-27T16:21:33","date_gmt":"2025-08-27T13:21:33","guid":{"rendered":"https:\/\/roveyayinevi.com.tr\/index.php\/urun\/silasi-turkce\/"},"modified":"2026-04-16T02:17:40","modified_gmt":"2026-04-15T23:17:40","slug":"silasi-turkce","status":"publish","type":"product","link":"https:\/\/roveyayinevi.com.tr\/index.php\/urun\/silasi-turkce\/","title":{"rendered":"S\u0131las\u0131 T\u00fcrk\u00e7e"},"content":{"rendered":"<p>Modern edebiyat, insans\u0131z t\u00fcz\u00fcklerin karalanaca\u011f\u0131n\u0131, k\u00f6ks\u00fcz, hukuksuz giri\u015fimlerin s\u00f6nd\u00fcr\u00fclece\u011fini, kay\u0131rman\u0131n, k\u0131y\u0131m\u0131n metinleraras\u0131 ba\u011flant\u0131larla durdurulaca\u011f\u0131n\u0131, kimlik \u00e7e\u015fnisinin tercihe b\u0131rak\u0131laca\u011f\u0131n\u0131 ve edebiyat kanonlar\u0131na g\u00fcvenirli\u011fin art\u0131r\u0131laca\u011f\u0131n\u0131 ilan etmi\u015fti. Ba\u015flang\u0131\u00e7ta buyruk buydu. B\u00f6ylece kurt, ku\u015f, kuzu hemcinsini bilecek, hi\u00e7bir unsur par\u00e7ay\u0131 b\u00fct\u00fcne, b\u00fct\u00fcn\u00fc par\u00e7aya heba etmeyecekti. Hay\u00e2, \u015feref ve asaletin c\u00fczdanla ili\u015fkisi kesilecek; konforun, hayat\u0131 abluka alt\u0131nda tutmas\u0131 engellenecekti.\u201d \u00c7a\u011f\u0131m\u0131z\u0131n de\u011ferler ekseni, denemenin egolar\u0131 \u00fczerinden belirlendi. Hercai ku\u015fku, s\u00f6zl\u00fckleri kabartt\u0131, kelimeleri keskinle\u015ftirdi. \u00dc\u00e7 nokta be\u015fe \u00e7\u0131kt\u0131. Virg\u00fcl, var\u0131n\u0131 yo\u011funu ayr\u0131\u015ft\u0131rmaya harcad\u0131. \u00d6zne \u00e7o\u011fald\u0131. \u0130htiraz manzumeleriyle yo\u011frulan dil, her \u015feyi her yerde s\u00f6ylemeye yetkin g\u00f6r\u00fcld\u00fc. Konular harc\u0131\u00e2lem; perhiz kalkt\u0131, kefaret kalkt\u0131. Daha \u00f6nce Ses ve Yaz ile okurun kar\u015f\u0131s\u0131na T\u00fcrk\u00e7enin en duru kelimeleriyle \u00e7\u0131kan Naz\u0131m Payam, bu sefer S\u0131las\u0131 T\u00fcrk\u00e7e ile okurunu sel\u00e2ml\u0131yor. <\/p>\n","protected":false},"excerpt":{"rendered":"<p>Modern edebiyat, insans\u0131z t\u00fcz\u00fcklerin karalanaca\u011f\u0131n\u0131, k\u00f6ks\u00fcz, hukuksuz giri\u015fimlerin s\u00f6nd\u00fcr\u00fclece\u011fini, kay\u0131rman\u0131n, k\u0131y\u0131m\u0131n metinleraras\u0131 ba\u011flant\u0131larla durdurulaca\u011f\u0131n\u0131, kimlik \u00e7e\u015fnisinin tercihe b\u0131rak\u0131laca\u011f\u0131n\u0131 ve edebiyat kanonlar\u0131na g\u00fcvenirli\u011fin art\u0131r\u0131laca\u011f\u0131n\u0131 ilan etmi\u015fti. Ba\u015flang\u0131\u00e7ta<span class=\"excerpt-hellip\"> [\u2026]<\/span><\/p>\n","protected":false},"featured_media":0,"template":"","meta":{"_monsterinsights_skip_tracking":false,"_monsterinsights_sitenote_active":false,"_monsterinsights_sitenote_note":"","_monsterinsights_sitenote_category":0},"product_brand":[],"product_cat":[12777,12291],"product_tag":[],"class_list":{"0":"post-709065","1":"product","2":"type-product","3":"status-publish","5":"product_cat-deneme","6":"product_cat-edebiyat","7":"pa_cilt-ciltsiz","8":"pa_tur-kitap","9":"pa_yayinevi-otuken-nesriyat","10":"pa_yazar-nazim-payam","12":"first","13":"instock","14":"sale","15":"shipping-taxable","16":"purchasable","17":"product-type-simple"},"_links":{"self":[{"href":"https:\/\/roveyayinevi.com.tr\/index.php\/wp-json\/wp\/v2\/product\/709065","targetHints":{"allow":["GET"]}}],"collection":[{"href":"https:\/\/roveyayinevi.com.tr\/index.php\/wp-json\/wp\/v2\/product"}],"about":[{"href":"https:\/\/roveyayinevi.com.tr\/index.php\/wp-json\/wp\/v2\/types\/product"}],"wp:attachment":[{"href":"https:\/\/roveyayinevi.com.tr\/index.php\/wp-json\/wp\/v2\/media?parent=709065"}],"wp:term":[{"taxonomy":"product_brand","embeddable":true,"href":"https:\/\/roveyayinevi.com.tr\/index.php\/wp-json\/wp\/v2\/product_brand?post=709065"},{"taxonomy":"product_cat","embeddable":true,"href":"https:\/\/roveyayinevi.com.tr\/index.php\/wp-json\/wp\/v2\/product_cat?post=709065"},{"taxonomy":"product_tag","embeddable":true,"href":"https:\/\/roveyayinevi.com.tr\/index.php\/wp-json\/wp\/v2\/product_tag?post=709065"}],"curies":[{"name":"wp","href":"https:\/\/api.w.org\/{rel}","templated":true}]}}