{"id":709064,"date":"2025-08-27T16:21:32","date_gmt":"2025-08-27T13:21:32","guid":{"rendered":"https:\/\/roveyayinevi.com.tr\/index.php\/urun\/gecmisten-gunumuze-turk-fransiz-iliskileri\/"},"modified":"2026-04-16T02:17:40","modified_gmt":"2026-04-15T23:17:40","slug":"gecmisten-gunumuze-turk-fransiz-iliskileri","status":"publish","type":"product","link":"https:\/\/roveyayinevi.com.tr\/index.php\/urun\/gecmisten-gunumuze-turk-fransiz-iliskileri\/","title":{"rendered":"Ge\u00e7mi\u015ften G\u00fcn\u00fcm\u00fcze T\u00fcrk-Frans\u0131z \u0130li\u015fkileri"},"content":{"rendered":"<p>T\u00fcrkler, Orta Asyadan Anadoluya geli\u015flerinin resmi tarihi olan 1071 Malazgirt sava\u015f\u0131ndan bu tarafa Avrupal\u0131lar ile kom\u015fudur. \u0130ki halk\u0131n tan\u0131\u015f\u0131kl\u0131klar\u0131 ve kom\u015fululuklar\u0131 \u00e7ok eskilere dayanmaktad\u0131r. \u0130ddia edilenin aksine iki taraf da birbirlerini iyi tan\u0131maktad\u0131r. Avrupal\u0131lar M\u00fcsl\u00fcmanl\u0131\u011f\u0131 T\u00fcrkler, T\u00fcrkler de Bat\u0131y\u0131 Frans\u0131zlar \u00fczerinden g\u00f6rm\u00fc\u015ft\u00fcr. Bat\u0131, T\u00fcrkler i\u00e7in genel anlam da Frans\u0131z gelenek ve g\u00f6renekleri anlam\u0131n\u0131 ta\u015f\u0131maktad\u0131r. T\u00fcrkler, Avrupal\u0131 halklar\u0131 etkilemi\u015f ve onlardan etkilenmi\u015ftir. Avrupada yaz\u0131lan roman, hikaye, \u015fiir, \u00e7ok say\u0131da veciz s\u00f6z ve atas\u00f6zlerine konu olmu\u015f veya kaynakl\u0131k etmi\u015ftir. T\u00fcrklerin Avrupada tarihsel olarak en fazla siyasi ili\u015fkide bulundu\u011fu \u00fclkelerden birisi de Fransad\u0131r. T\u00fcrk-Frans\u0131z ili\u015fkilerinin ne kadar eskiye dayand\u0131\u011f\u0131 ve ne kadar yo\u011fun oldu\u011fu kronolojik olarak bu \u00e7al\u0131\u015fmada yer alm\u0131\u015ft\u0131r. <\/p>\n","protected":false},"excerpt":{"rendered":"<p>T\u00fcrkler, Orta Asyadan Anadoluya geli\u015flerinin resmi tarihi olan 1071 Malazgirt sava\u015f\u0131ndan bu tarafa Avrupal\u0131lar ile kom\u015fudur. \u0130ki halk\u0131n tan\u0131\u015f\u0131kl\u0131klar\u0131 ve kom\u015fululuklar\u0131 \u00e7ok eskilere dayanmaktad\u0131r. \u0130ddia edilenin<span class=\"excerpt-hellip\"> [\u2026]<\/span><\/p>\n","protected":false},"featured_media":0,"template":"","meta":{"_monsterinsights_skip_tracking":false,"_monsterinsights_sitenote_active":false,"_monsterinsights_sitenote_note":"","_monsterinsights_sitenote_category":0},"product_brand":[],"product_cat":[13590,12337],"product_tag":[],"class_list":{"0":"post-709064","1":"product","2":"type-product","3":"status-publish","5":"product_cat-arastirma-inceleme-politika-siyaset","6":"product_cat-politika-siyaset","7":"pa_cilt-ciltsiz","8":"pa_tur-kitap","9":"pa_yayinevi-efil-yayinevi","10":"pa_yazar-bilal-karabulut","11":"pa_yazar-demir-fitrat-onger","12":"pa_yazar-erjada-progonati","13":"pa_yazar-fatma-gungor","14":"pa_yazar-hale-sivgin","15":"pa_yazar-haydar-cakmak","16":"pa_yazar-kursat-turan","17":"pa_yazar-mustafa-nail-alkan","18":"pa_yazar-sennur-senel","20":"first","21":"instock","22":"sale","23":"shipping-taxable","24":"purchasable","25":"product-type-simple"},"_links":{"self":[{"href":"https:\/\/roveyayinevi.com.tr\/index.php\/wp-json\/wp\/v2\/product\/709064","targetHints":{"allow":["GET"]}}],"collection":[{"href":"https:\/\/roveyayinevi.com.tr\/index.php\/wp-json\/wp\/v2\/product"}],"about":[{"href":"https:\/\/roveyayinevi.com.tr\/index.php\/wp-json\/wp\/v2\/types\/product"}],"wp:attachment":[{"href":"https:\/\/roveyayinevi.com.tr\/index.php\/wp-json\/wp\/v2\/media?parent=709064"}],"wp:term":[{"taxonomy":"product_brand","embeddable":true,"href":"https:\/\/roveyayinevi.com.tr\/index.php\/wp-json\/wp\/v2\/product_brand?post=709064"},{"taxonomy":"product_cat","embeddable":true,"href":"https:\/\/roveyayinevi.com.tr\/index.php\/wp-json\/wp\/v2\/product_cat?post=709064"},{"taxonomy":"product_tag","embeddable":true,"href":"https:\/\/roveyayinevi.com.tr\/index.php\/wp-json\/wp\/v2\/product_tag?post=709064"}],"curies":[{"name":"wp","href":"https:\/\/api.w.org\/{rel}","templated":true}]}}