{"id":709063,"date":"2025-08-27T16:21:32","date_gmt":"2025-08-27T13:21:32","guid":{"rendered":"https:\/\/roveyayinevi.com.tr\/index.php\/urun\/kirklandim\/"},"modified":"2026-04-16T02:17:40","modified_gmt":"2026-04-15T23:17:40","slug":"kirklandim","status":"publish","type":"product","link":"https:\/\/roveyayinevi.com.tr\/index.php\/urun\/kirklandim\/","title":{"rendered":"K\u0131rkland\u0131m"},"content":{"rendered":"<p>&#8220;Ba\u015fkalar\u0131ndan bahsetmek suretiyle kendimizden bahsetmeye o kadar al\u0131\u015fm\u0131\u015f\u0131z ki, istersen bunu ba\u015fkalar\u0131nda kendimizi aramak diye kabul et.&#8221; diyor Ya\u015far Nabi&#8217;ye yazd\u0131\u011f\u0131 mektubunda Tanp\u0131nar, romanlar\u0131n\u0131 ve hik\u00e2yelerini kastederek. Kurgularken yapt\u0131\u011f\u0131m\u0131z\u2026 Oysa insan kendi olarak da var olmak istiyor yaz\u0131lar\u0131nda. Denemek en az\u0131ndan, ya\u015fad\u0131klar\u0131n\u0131 bir araya getirerek. Maskesiz, samimi, kendini hem okura hem kendine m\u0131r\u0131ldanmak, m\u0131r\u0131ldan\u0131rken i\u00e7 sesini bizzat i\u015fitmek&#8230; K\u0131rkl\u0131 ya\u015flar\u0131m\u0131 \u00e7ok sevdim ben. K\u0131r\u0131\u015f\u0131klar\u0131m\u0131, beyazlar\u0131m\u0131, yak\u0131n g\u00f6zl\u00fc\u011f\u00fcm\u00fc, yumu\u015fayan kalbimin bana sundu\u011fu a\u011flama \u00f6zg\u00fcrl\u00fc\u011f\u00fcn\u00fc, en maskesiz halimi&#8230; K\u0131rklanm\u0131\u015f bir hik\u00e2yecinin itiraflar\u0131\u2026 <\/p>\n","protected":false},"excerpt":{"rendered":"<p>&#8220;Ba\u015fkalar\u0131ndan bahsetmek suretiyle kendimizden bahsetmeye o kadar al\u0131\u015fm\u0131\u015f\u0131z ki, istersen bunu ba\u015fkalar\u0131nda kendimizi aramak diye kabul et.&#8221; diyor Ya\u015far Nabi&#8217;ye yazd\u0131\u011f\u0131 mektubunda Tanp\u0131nar, romanlar\u0131n\u0131 ve hik\u00e2yelerini<span class=\"excerpt-hellip\"> [\u2026]<\/span><\/p>\n","protected":false},"featured_media":0,"template":"","meta":{"_monsterinsights_skip_tracking":false,"_monsterinsights_sitenote_active":false,"_monsterinsights_sitenote_note":"","_monsterinsights_sitenote_category":0},"product_brand":[],"product_cat":[12777,12291],"product_tag":[],"class_list":{"0":"post-709063","1":"product","2":"type-product","3":"status-publish","5":"product_cat-deneme","6":"product_cat-edebiyat","7":"pa_cilt-ciltsiz","8":"pa_tur-kitap","9":"pa_yayinevi-otuken-nesriyat","10":"pa_yazar-funda-ozsoy-erdogan","12":"first","13":"instock","14":"sale","15":"shipping-taxable","16":"purchasable","17":"product-type-simple"},"_links":{"self":[{"href":"https:\/\/roveyayinevi.com.tr\/index.php\/wp-json\/wp\/v2\/product\/709063","targetHints":{"allow":["GET"]}}],"collection":[{"href":"https:\/\/roveyayinevi.com.tr\/index.php\/wp-json\/wp\/v2\/product"}],"about":[{"href":"https:\/\/roveyayinevi.com.tr\/index.php\/wp-json\/wp\/v2\/types\/product"}],"wp:attachment":[{"href":"https:\/\/roveyayinevi.com.tr\/index.php\/wp-json\/wp\/v2\/media?parent=709063"}],"wp:term":[{"taxonomy":"product_brand","embeddable":true,"href":"https:\/\/roveyayinevi.com.tr\/index.php\/wp-json\/wp\/v2\/product_brand?post=709063"},{"taxonomy":"product_cat","embeddable":true,"href":"https:\/\/roveyayinevi.com.tr\/index.php\/wp-json\/wp\/v2\/product_cat?post=709063"},{"taxonomy":"product_tag","embeddable":true,"href":"https:\/\/roveyayinevi.com.tr\/index.php\/wp-json\/wp\/v2\/product_tag?post=709063"}],"curies":[{"name":"wp","href":"https:\/\/api.w.org\/{rel}","templated":true}]}}