{"id":709062,"date":"2025-08-27T16:21:31","date_gmt":"2025-08-27T13:21:31","guid":{"rendered":"https:\/\/roveyayinevi.com.tr\/index.php\/urun\/mustafa-kemalin-isyan-muhtirasi\/"},"modified":"2026-04-16T02:17:40","modified_gmt":"2026-04-15T23:17:40","slug":"mustafa-kemalin-isyan-muhtirasi","status":"publish","type":"product","link":"https:\/\/roveyayinevi.com.tr\/index.php\/urun\/mustafa-kemalin-isyan-muhtirasi\/","title":{"rendered":"Mustafa Kemal\u2019in \u0130syan Muht\u0131ras\u0131"},"content":{"rendered":"<p>Bu kitap, Mustafa Kemal\u2019i Milli M\u00fccadele\u2019nin liderli\u011fine ta\u015f\u0131yan gizli muht\u0131ran\u0131n bilinmeyen \u00f6yk\u00fcs\u00fcn\u00fc anlat\u0131yor&#8230; 100 y\u0131l \u00f6nce, 20 Eyl\u00fcl 1917\u2019de yaz\u0131lan bu belge okunmadan B\u00fcy\u00fck Nutuk anla\u015f\u0131lmaz. Bu muht\u0131ra, Milli M\u00fccadele\u2019nin \u00f6nceden ilan edilmi\u015f gerek\u00e7esidir, \u00f6ns\u00f6z\u00fcd\u00fcr&#8230; Ayn\u0131 zamanda ileride onun liderli\u011fini yapaca\u011f\u0131 Kurtulu\u015f Sava\u015f\u0131\u2019n\u0131n i\u015faret fi\u015fe\u011fi gibidir&#8230; \u00c7\u00fcnk\u00fc bu muht\u0131ra, Samsun, Erzurum ve Sivas\u2019ta olu\u015fan isyanc\u0131 ruhunen \u00f6nemli belgesidir&#8230; Kerem \u00c7al\u0131\u015fkan\u2019\u0131n incelemesi, bu konuda bir ilk \u00e7al\u0131\u015fma olarak \u00f6nem ta\u015f\u0131yor. Bu kitapta \u015fu sorulara da cevap veriliyor: \u2022 \u0130stanbul\u2019da karanl\u0131k bir darbe giri\u015fimini, nas\u0131l de\u015fifre etti? \u2022 Ni\u00e7in \u015eehzade Vahdettin ile Almanya\u2019ya g\u00f6nderildi? \u2022 Vahdettin tren yolculu\u011fu s\u0131ras\u0131nda ona ne dedi? \u2022 Mustafa Kemal, padi\u015fahtan umudunu ne zaman kesti? \u2022 Padi\u015fah Vahdettin, onu ni\u00e7in Anadolu\u2019ya yollad\u0131? \u2022 20 Eyl\u00fcl Muht\u0131ras\u0131 Mustafa Kemal\u2019\u0131 19 May\u0131s 1919\u2019a nas\u0131l ta\u015f\u0131d\u0131? <\/p>\n","protected":false},"excerpt":{"rendered":"<p>Bu kitap, Mustafa Kemal\u2019i Milli M\u00fccadele\u2019nin liderli\u011fine ta\u015f\u0131yan gizli muht\u0131ran\u0131n bilinmeyen \u00f6yk\u00fcs\u00fcn\u00fc anlat\u0131yor&#8230; 100 y\u0131l \u00f6nce, 20 Eyl\u00fcl 1917\u2019de yaz\u0131lan bu belge okunmadan B\u00fcy\u00fck Nutuk anla\u015f\u0131lmaz.<span class=\"excerpt-hellip\"> [\u2026]<\/span><\/p>\n","protected":false},"featured_media":0,"template":"","meta":{"_monsterinsights_skip_tracking":false,"_monsterinsights_sitenote_active":false,"_monsterinsights_sitenote_note":"","_monsterinsights_sitenote_category":0},"product_brand":[],"product_cat":[13590,12337],"product_tag":[],"class_list":{"0":"post-709062","1":"product","2":"type-product","3":"status-publish","5":"product_cat-arastirma-inceleme-politika-siyaset","6":"product_cat-politika-siyaset","7":"pa_cilt-ciltsiz","8":"pa_tur-kitap","9":"pa_yayinevi-remzi-kitabevi","10":"pa_yazar-kerem-caliskan","12":"first","13":"instock","14":"sale","15":"shipping-taxable","16":"purchasable","17":"product-type-simple"},"_links":{"self":[{"href":"https:\/\/roveyayinevi.com.tr\/index.php\/wp-json\/wp\/v2\/product\/709062","targetHints":{"allow":["GET"]}}],"collection":[{"href":"https:\/\/roveyayinevi.com.tr\/index.php\/wp-json\/wp\/v2\/product"}],"about":[{"href":"https:\/\/roveyayinevi.com.tr\/index.php\/wp-json\/wp\/v2\/types\/product"}],"wp:attachment":[{"href":"https:\/\/roveyayinevi.com.tr\/index.php\/wp-json\/wp\/v2\/media?parent=709062"}],"wp:term":[{"taxonomy":"product_brand","embeddable":true,"href":"https:\/\/roveyayinevi.com.tr\/index.php\/wp-json\/wp\/v2\/product_brand?post=709062"},{"taxonomy":"product_cat","embeddable":true,"href":"https:\/\/roveyayinevi.com.tr\/index.php\/wp-json\/wp\/v2\/product_cat?post=709062"},{"taxonomy":"product_tag","embeddable":true,"href":"https:\/\/roveyayinevi.com.tr\/index.php\/wp-json\/wp\/v2\/product_tag?post=709062"}],"curies":[{"name":"wp","href":"https:\/\/api.w.org\/{rel}","templated":true}]}}