{"id":709060,"date":"2025-08-27T16:21:30","date_gmt":"2025-08-27T13:21:30","guid":{"rendered":"https:\/\/roveyayinevi.com.tr\/index.php\/urun\/eger-bir-kedicige-kek-verirsen\/"},"modified":"2026-04-16T02:17:40","modified_gmt":"2026-04-15T23:17:40","slug":"eger-bir-kedicige-kek-verirsen","status":"publish","type":"product","link":"https:\/\/roveyayinevi.com.tr\/index.php\/urun\/eger-bir-kedicige-kek-verirsen\/","title":{"rendered":"E\u011fer Bir Kedici\u011fe Kek Verirsen"},"content":{"rendered":"<p>Bir kedici\u011fe kek verdiniz diyelim. \u00dcst\u00fcne rengarenk s\u00fcs \u015fekerleri d\u00f6kmek isteyebilir. S\u00fcs \u015fekerlerini ona verince biraz\u0131n\u0131 yere d\u00f6kebilir&#8230;Bu yaramaz kedici\u011fe kek vermenin sonu\u00e7lar\u0131 gen\u00e7 ev sahibi bitap d\u00fc\u015f\u00fcrecek ancak bu keyifli kitab\u0131n her sayfas\u0131nda birbirini takip eden komiklikler k\u00fc\u00e7\u00fck okurlar\u0131 g\u00fcl\u00fcmsetecek.D\u00fcnyada t\u00fcm zamanlar\u0131n en \u00e7ok sevilen \u00e7ocuk kitab\u0131 serilerinden biri olan \u201cE\u011fer\u2026\u201d serisinin ilk \u00fc\u00e7 kitab\u0131n\u0131 \u00e7ocuklar\u0131m\u0131zla bulu\u015fturuyoruz.New York Times \u00c7ok Satanlar \u00fcnvanl\u0131 yazar Laura Numeroff\u2019un kaleme ald\u0131\u011f\u0131, Felicia Bond\u2019un e\u011flenceli resimleriyle s\u00fcsledi\u011fi, on \u00fc\u00e7 dile \u00e7evrilen kitaplar, rengarenk, kaliteli bask\u0131lar\u0131yla \u015fimdi T\u00fcrk\u00e7e\u2019de. <\/p>\n","protected":false},"excerpt":{"rendered":"<p>Bir kedici\u011fe kek verdiniz diyelim. \u00dcst\u00fcne rengarenk s\u00fcs \u015fekerleri d\u00f6kmek isteyebilir. S\u00fcs \u015fekerlerini ona verince biraz\u0131n\u0131 yere d\u00f6kebilir&#8230;Bu yaramaz kedici\u011fe kek vermenin sonu\u00e7lar\u0131 gen\u00e7 ev sahibi<span class=\"excerpt-hellip\"> [\u2026]<\/span><\/p>\n","protected":false},"featured_media":0,"template":"","meta":{"_monsterinsights_skip_tracking":false,"_monsterinsights_sitenote_active":false,"_monsterinsights_sitenote_note":"","_monsterinsights_sitenote_category":0},"product_brand":[],"product_cat":[12913,12274],"product_tag":[],"class_list":{"0":"post-709060","1":"product","2":"type-product","3":"status-publish","5":"product_cat-3-6-yas-kitaplari","6":"product_cat-cocuk-ve-genclik-kitaplari","7":"pa_cilt-ciltsiz","8":"pa_tur-kitap","9":"pa_yayinevi-bilgi-yayinevi-cocuk","10":"pa_yazar-laura-numeroff","12":"first","13":"instock","14":"sale","15":"shipping-taxable","16":"purchasable","17":"product-type-simple"},"_links":{"self":[{"href":"https:\/\/roveyayinevi.com.tr\/index.php\/wp-json\/wp\/v2\/product\/709060","targetHints":{"allow":["GET"]}}],"collection":[{"href":"https:\/\/roveyayinevi.com.tr\/index.php\/wp-json\/wp\/v2\/product"}],"about":[{"href":"https:\/\/roveyayinevi.com.tr\/index.php\/wp-json\/wp\/v2\/types\/product"}],"wp:attachment":[{"href":"https:\/\/roveyayinevi.com.tr\/index.php\/wp-json\/wp\/v2\/media?parent=709060"}],"wp:term":[{"taxonomy":"product_brand","embeddable":true,"href":"https:\/\/roveyayinevi.com.tr\/index.php\/wp-json\/wp\/v2\/product_brand?post=709060"},{"taxonomy":"product_cat","embeddable":true,"href":"https:\/\/roveyayinevi.com.tr\/index.php\/wp-json\/wp\/v2\/product_cat?post=709060"},{"taxonomy":"product_tag","embeddable":true,"href":"https:\/\/roveyayinevi.com.tr\/index.php\/wp-json\/wp\/v2\/product_tag?post=709060"}],"curies":[{"name":"wp","href":"https:\/\/api.w.org\/{rel}","templated":true}]}}