{"id":709054,"date":"2025-08-27T16:21:27","date_gmt":"2025-08-27T13:21:27","guid":{"rendered":"https:\/\/roveyayinevi.com.tr\/index.php\/urun\/yoksulluk-insan-haklari-ve-sosyal-hizmetler\/"},"modified":"2026-04-16T02:17:39","modified_gmt":"2026-04-15T23:17:39","slug":"yoksulluk-insan-haklari-ve-sosyal-hizmetler","status":"publish","type":"product","link":"https:\/\/roveyayinevi.com.tr\/index.php\/urun\/yoksulluk-insan-haklari-ve-sosyal-hizmetler\/","title":{"rendered":"Yoksulluk, \u0130nsan Haklar\u0131 ve Sosyal Hizmetler"},"content":{"rendered":"<p>Elinizdeki kitap, piyasa sisteminin &#8220;Refah Devleti&#8221; diye adland\u0131r\u0131lan bir d\u00f6nemini, yoksulluk ve d\u0131\u015flanma sorunlar\u0131 bak\u0131m\u0131ndan \u00e7\u00f6z\u00fcmleyen ve de\u011ferlendiren bir eser. Yoksulluk ve insan haklar\u0131yla ilgili tart\u0131\u015fmalarda piyasa sisteminin s\u00fcrekli g\u00f6z ard\u0131 edilen bu yap\u0131s\u0131n\u0131 g\u00f6rebilmek i\u00e7in, dayat\u0131lan insan haklar\u0131 anlay\u0131\u015flar\u0131n\u0131n \u00f6tesinde, &#8220;insan nedir ve neden haklar\u0131 vard\u0131r?&#8221;, &#8220;bu haklar\u0131n korunmas\u0131n\u0131n gereklilikleri ve yollar\u0131 nelerdir?&#8221; sorular\u0131n\u0131n yan\u0131t\u0131n\u0131 verebilecek, mevcut insan haklar\u0131 anlay\u0131\u015f\u0131n\u0131n d\u0131\u015f\u0131nda insan haklar\u0131 yakla\u015f\u0131mlar\u0131 ve kavramla\u015ft\u0131rmalar\u0131na ihtiya\u00e7 vard\u0131r. Kitap, bu ve benzeri sorulara yan\u0131t verme \u00e7abas\u0131nda. Kitapta, piyasa sistemi ve yaratt\u0131\u011f\u0131 \u00e7eli\u015fkiler: Yoksulluk, sosyal d\u0131\u015flanma ve sosyal hizmetler aras\u0131ndaki ili\u015fki, gerilim ve etkile\u015fimler, refah devleti ba\u011flam\u0131nda \u00e7\u00f6z\u00fcmlenmektedir. Ta\u015f\u011f\u0131n, yoksulluk, insan haklar\u0131 ve sosyal hizmetler aras\u0131nda kurulan ili\u015fkide, dayat\u0131lan insan haklar\u0131 anlay\u0131\u015f\u0131 ve piyasa sisteminin insan haklar\u0131n\u0131 koruyacak en ideal sistem oldu\u011fu iddias\u0131n\u0131n \u00e7eli\u015fkilerini vurgulamaktad\u0131r. \ufffcTan\u0131t\u0131m Metni<\/p>\n","protected":false},"excerpt":{"rendered":"<p>Elinizdeki kitap, piyasa sisteminin &#8220;Refah Devleti&#8221; diye adland\u0131r\u0131lan bir d\u00f6nemini, yoksulluk ve d\u0131\u015flanma sorunlar\u0131 bak\u0131m\u0131ndan \u00e7\u00f6z\u00fcmleyen ve de\u011ferlendiren bir eser. Yoksulluk ve insan haklar\u0131yla ilgili tart\u0131\u015fmalarda<span class=\"excerpt-hellip\"> [\u2026]<\/span><\/p>\n","protected":false},"featured_media":0,"template":"","meta":{"_monsterinsights_skip_tracking":false,"_monsterinsights_sitenote_active":false,"_monsterinsights_sitenote_note":"","_monsterinsights_sitenote_category":0},"product_brand":[],"product_cat":[12835,12324],"product_tag":[],"class_list":{"0":"post-709054","1":"product","2":"type-product","3":"status-publish","5":"product_cat-genel-sosyoloji","6":"product_cat-sosyoloji","7":"pa_cilt-ciltsiz","8":"pa_tur-kitap","9":"pa_yayinevi-nika-yayinevi","10":"pa_yazar-nese-sahin-tasgin","12":"first","13":"instock","14":"sale","15":"shipping-taxable","16":"purchasable","17":"product-type-simple"},"_links":{"self":[{"href":"https:\/\/roveyayinevi.com.tr\/index.php\/wp-json\/wp\/v2\/product\/709054","targetHints":{"allow":["GET"]}}],"collection":[{"href":"https:\/\/roveyayinevi.com.tr\/index.php\/wp-json\/wp\/v2\/product"}],"about":[{"href":"https:\/\/roveyayinevi.com.tr\/index.php\/wp-json\/wp\/v2\/types\/product"}],"wp:attachment":[{"href":"https:\/\/roveyayinevi.com.tr\/index.php\/wp-json\/wp\/v2\/media?parent=709054"}],"wp:term":[{"taxonomy":"product_brand","embeddable":true,"href":"https:\/\/roveyayinevi.com.tr\/index.php\/wp-json\/wp\/v2\/product_brand?post=709054"},{"taxonomy":"product_cat","embeddable":true,"href":"https:\/\/roveyayinevi.com.tr\/index.php\/wp-json\/wp\/v2\/product_cat?post=709054"},{"taxonomy":"product_tag","embeddable":true,"href":"https:\/\/roveyayinevi.com.tr\/index.php\/wp-json\/wp\/v2\/product_tag?post=709054"}],"curies":[{"name":"wp","href":"https:\/\/api.w.org\/{rel}","templated":true}]}}