{"id":709051,"date":"2025-08-27T16:21:25","date_gmt":"2025-08-27T13:21:25","guid":{"rendered":"https:\/\/roveyayinevi.com.tr\/index.php\/urun\/efsane-cengo-14\/"},"modified":"2026-04-13T02:22:10","modified_gmt":"2026-04-12T23:22:10","slug":"efsane-cengo-14","status":"publish","type":"product","link":"https:\/\/roveyayinevi.com.tr\/index.php\/urun\/efsane-cengo-14\/","title":{"rendered":"Efsane Cengo &#8211; 14"},"content":{"rendered":"<p>Yazar L\u00fctf\u00fc Akdo\u011fan, yaratt\u0131\u011f\u0131 kahraman\u0131 Efsane Cengo&#8217;yu, engin bilgisiyle, \u00fclkemizin de ya\u015fad\u0131\u011f\u0131, son y\u00fcz y\u0131l tarihsel olaylar\u0131n\u0131n bizzat i\u00e7inde gezdiriyor. Demirel, Nas\u0131r, Bush gibi liderlerle nefes kesen diyaloglar, okuru da bu tarihsel d\u00f6nemde ser\u00fcvenden ser\u00fcvene ko\u015fturuyor.Cengo\u2019nun \u00f6nderli\u011findeki grup bu k\u00f6t\u00fc d\u00fcnyay\u0131 kurtaracak form\u00fcl\u00fc KOB Projesi&#8217;nde (Kafkaslar-Ortado\u011fu-Balkanlar) bulmu\u015ftur. Gelece\u011fin d\u00fcnyas\u0131n\u0131 ancak b\u00f6yle kurabilece\u011fine, insanl\u0131\u011f\u0131 b\u00f6yle kurtaraca\u011f\u0131na inanan kahraman\u0131m\u0131z\u0131n sonu, i\u00e7inde ya\u015fad\u0131\u011f\u0131m\u0131z d\u00fcnyan\u0131n so\u011fuk ger\u00e7ekleriyle okuru sars\u0131c\u0131 bi\u00e7imde y\u00fczle\u015ftiriyor.Baz\u0131 sat\u0131rlarda k\u0131z\u0131p baz\u0131lar\u0131nda sevece\u011fimiz Efsane Cengo, her okuyucuda belle\u011finden silemeyece\u011fi bir bilin\u00e7 ve duygusal iz b\u0131rakacak nitelikte. L\u00fctf\u00fc Akdo\u011fan\u2019\u0131n, olduk\u00e7a de\u011ferli tarihi bilgilere sahip olan, ak\u0131c\u0131 ve s\u00fcr\u00fckleyici bir dille kaleme ald\u0131\u011f\u0131 bu kitab\u0131, edebiyat\u0131m\u0131za yeni bir soluk getirirken, her ku\u015fak i\u00e7in vazge\u00e7ilmez bir kaynak olarak kalacak. <\/p>\n","protected":false},"excerpt":{"rendered":"<p>Yazar L\u00fctf\u00fc Akdo\u011fan, yaratt\u0131\u011f\u0131 kahraman\u0131 Efsane Cengo&#8217;yu, engin bilgisiyle, \u00fclkemizin de ya\u015fad\u0131\u011f\u0131, son y\u00fcz y\u0131l tarihsel olaylar\u0131n\u0131n bizzat i\u00e7inde gezdiriyor. Demirel, Nas\u0131r, Bush gibi liderlerle nefes<span class=\"excerpt-hellip\"> [\u2026]<\/span><\/p>\n","protected":false},"featured_media":0,"template":"","meta":{"_monsterinsights_skip_tracking":false,"_monsterinsights_sitenote_active":false,"_monsterinsights_sitenote_note":"","_monsterinsights_sitenote_category":0},"product_brand":[],"product_cat":[12291,12711],"product_tag":[],"class_list":{"0":"post-709051","1":"product","2":"type-product","3":"status-publish","5":"product_cat-edebiyat","6":"product_cat-roman-oyku","7":"pa_cilt-ciltsiz","8":"pa_tur-kitap","9":"pa_yayinevi-boyalikus-yayinlari","10":"pa_yazar-lutfu-akdogan","12":"first","13":"instock","14":"sale","15":"shipping-taxable","16":"purchasable","17":"product-type-simple"},"_links":{"self":[{"href":"https:\/\/roveyayinevi.com.tr\/index.php\/wp-json\/wp\/v2\/product\/709051","targetHints":{"allow":["GET"]}}],"collection":[{"href":"https:\/\/roveyayinevi.com.tr\/index.php\/wp-json\/wp\/v2\/product"}],"about":[{"href":"https:\/\/roveyayinevi.com.tr\/index.php\/wp-json\/wp\/v2\/types\/product"}],"wp:attachment":[{"href":"https:\/\/roveyayinevi.com.tr\/index.php\/wp-json\/wp\/v2\/media?parent=709051"}],"wp:term":[{"taxonomy":"product_brand","embeddable":true,"href":"https:\/\/roveyayinevi.com.tr\/index.php\/wp-json\/wp\/v2\/product_brand?post=709051"},{"taxonomy":"product_cat","embeddable":true,"href":"https:\/\/roveyayinevi.com.tr\/index.php\/wp-json\/wp\/v2\/product_cat?post=709051"},{"taxonomy":"product_tag","embeddable":true,"href":"https:\/\/roveyayinevi.com.tr\/index.php\/wp-json\/wp\/v2\/product_tag?post=709051"}],"curies":[{"name":"wp","href":"https:\/\/api.w.org\/{rel}","templated":true}]}}