{"id":709050,"date":"2025-08-27T16:21:25","date_gmt":"2025-08-27T13:21:25","guid":{"rendered":"https:\/\/roveyayinevi.com.tr\/index.php\/urun\/p-kknin-kurulus-yillari\/"},"modified":"2026-04-16T02:17:39","modified_gmt":"2026-04-15T23:17:39","slug":"p-kknin-kurulus-yillari","status":"publish","type":"product","link":"https:\/\/roveyayinevi.com.tr\/index.php\/urun\/p-kknin-kurulus-yillari\/","title":{"rendered":"P KK&#8217;n\u0131n Kurulu\u015f Y\u0131llar\u0131"},"content":{"rendered":"<p>Kendisi de K\u00fcrt k\u00f6kenli olan Bayram Yurt\u00e7i\u00e7ek, 50 y\u0131ll\u0131k Ayd\u0131nl\u0131k\u00e7\u0131 gelene\u011fin b\u00f6l\u00fcc\u00fcl\u00fck ve P KK&#8217;yla m\u00fccadele prati\u011finin i\u00e7inden gelen biri. Bu \u00e7al\u0131\u015fmas\u0131nda P KK&#8217;n\u0131n kurulu\u015f d\u00f6nemi \u00fczerindeki s\u0131r perdesini kald\u0131r\u0131yor. Konu hakk\u0131ndaki yay\u0131nlar\u0131 bir kuyumcu titizli\u011fiyle inceleyen yazar P KK&#8217;n\u0131n bir\u00e7ok y\u00f6netici kadrosuyla g\u00f6r\u00fc\u015fmeler yapm\u0131\u015f biri olarak tecr\u00fcbelerini okurla payla\u015f\u0131yor. A bdullah \u00d6*calan&#8217;\u0131n P KK&#8217;y\u0131 kurmadan \u00f6nceki ya\u015fam\u0131n\u0131 mercek alt\u0131na al\u0131yor. K\u00fcrdistan&#8217;\u0131n s\u00f6m\u00fcrge oldu\u011fu teorisinin K\u00fcrt gruplar\u0131n\u0131n ve kimi T\u00fcrkiye solu \u00f6rg\u00fctlerinin aras\u0131nda nas\u0131l ortaya \u00e7\u0131kt\u0131\u011f\u0131n\u0131 ve bu yanl\u0131\u015f teorinin bu \u00f6rg\u00fctleri nas\u0131l emperyalizmin i\u015fbirlik\u00e7isi mevzilere s\u00fcr\u00fckledi\u011fini ortaya koyuyor. \u00d6*calan&#8217;\u0131n Kom\u00fcnizmle M\u00fccadele Derne\u011fi&#8217;ne gidip gelmesi \u00d6*calan&#8217;\u0131n T\u00fcrkiye Fikir Ajans\u0131&#8217;nda \u00e7al\u0131\u015fmas\u0131 Refik Korkud kimdir? \u00d6*calan&#8217;\u0131n kara kutusu Pilot Necati P KK liderlerinden Haki Karer&#8217;in \u00f6ld\u00fcr\u00fclmesinin s\u0131rr\u0131 Babas\u0131 M\u0130T ajan\u0131 olan Kesire&#8217;nin A bdullah \u00d6*calan&#8217;la evlili\u011fi T\u00fcrkiye&#8217;nin istikrars\u0131zla\u015ft\u0131r\u0131lmas\u0131 operasyonunda Apocular\u0131n rol\u00fc 1980&#8217;e kadar neden sadece solculara sald\u0131rd\u0131lar? \u00d6*calan&#8217;\u0131n Suriye&#8217;ye ge\u00e7i\u015fi P KK&#8217;n\u0131n Suriye&#8217;de yeniden \u015fekillenmesi Irak Sava\u015f\u0131 ve ABD-P KK ili\u015fkileri Ayr\u0131 \u00f6rg\u00fctlenmenin T\u00fcrkiye emek\u00e7i hareketi \u00fczerindeki b\u00f6l\u00fcc\u00fc rol\u00fc <\/p>\n","protected":false},"excerpt":{"rendered":"<p>Kendisi de K\u00fcrt k\u00f6kenli olan Bayram Yurt\u00e7i\u00e7ek, 50 y\u0131ll\u0131k Ayd\u0131nl\u0131k\u00e7\u0131 gelene\u011fin b\u00f6l\u00fcc\u00fcl\u00fck ve P KK&#8217;yla m\u00fccadele prati\u011finin i\u00e7inden gelen biri. Bu \u00e7al\u0131\u015fmas\u0131nda P KK&#8217;n\u0131n kurulu\u015f d\u00f6nemi<span class=\"excerpt-hellip\"> [\u2026]<\/span><\/p>\n","protected":false},"featured_media":0,"template":"","meta":{"_monsterinsights_skip_tracking":false,"_monsterinsights_sitenote_active":false,"_monsterinsights_sitenote_note":"","_monsterinsights_sitenote_category":0},"product_brand":[],"product_cat":[13590,12337],"product_tag":[],"class_list":{"0":"post-709050","1":"product","2":"type-product","3":"status-publish","5":"product_cat-arastirma-inceleme-politika-siyaset","6":"product_cat-politika-siyaset","7":"pa_cilt-ciltsiz","8":"pa_tur-kitap","9":"pa_yayinevi-kaynak-yayinlari","10":"pa_yazar-bayram-yurtcicek","12":"first","13":"instock","14":"sale","15":"shipping-taxable","16":"purchasable","17":"product-type-simple"},"_links":{"self":[{"href":"https:\/\/roveyayinevi.com.tr\/index.php\/wp-json\/wp\/v2\/product\/709050","targetHints":{"allow":["GET"]}}],"collection":[{"href":"https:\/\/roveyayinevi.com.tr\/index.php\/wp-json\/wp\/v2\/product"}],"about":[{"href":"https:\/\/roveyayinevi.com.tr\/index.php\/wp-json\/wp\/v2\/types\/product"}],"wp:attachment":[{"href":"https:\/\/roveyayinevi.com.tr\/index.php\/wp-json\/wp\/v2\/media?parent=709050"}],"wp:term":[{"taxonomy":"product_brand","embeddable":true,"href":"https:\/\/roveyayinevi.com.tr\/index.php\/wp-json\/wp\/v2\/product_brand?post=709050"},{"taxonomy":"product_cat","embeddable":true,"href":"https:\/\/roveyayinevi.com.tr\/index.php\/wp-json\/wp\/v2\/product_cat?post=709050"},{"taxonomy":"product_tag","embeddable":true,"href":"https:\/\/roveyayinevi.com.tr\/index.php\/wp-json\/wp\/v2\/product_tag?post=709050"}],"curies":[{"name":"wp","href":"https:\/\/api.w.org\/{rel}","templated":true}]}}