{"id":709047,"date":"2025-08-27T16:21:23","date_gmt":"2025-08-27T13:21:23","guid":{"rendered":"https:\/\/roveyayinevi.com.tr\/index.php\/urun\/365-oyku\/"},"modified":"2026-04-16T02:17:39","modified_gmt":"2026-04-15T23:17:39","slug":"365-oyku","status":"publish","type":"product","link":"https:\/\/roveyayinevi.com.tr\/index.php\/urun\/365-oyku\/","title":{"rendered":"365 \u00d6yk\u00fc"},"content":{"rendered":"<p>Uyku saatini \u00e7o\u011funuz ve sizin i\u00e7in t\u00fcm y\u0131l boyunca e\u011flenceli bir hale getiren 365 \u00f6yk\u00fcl\u00fck se\u00e7kin bir derleme!  Arkada\u015f\u0131 tav\u015fana b\u00fcy\u00fck bir s\u00fcrpriz haz\u0131rlayan sincap, kuzeye yolculuk etmeye haz\u0131rlanan beyaz balina ailesi, zor durumdaki kartala yard\u0131m eden sevimli tav\u015fan, nefis turtalar haz\u0131rlayan beyaz g\u00fcvercin, yaln\u0131zl\u0131ktan \u00e7ok s\u0131k\u0131l\u0131p kendine arkada\u015f arayan kara bayku\u015f ve daha pek \u00e7ok hayvan dostumuzun ba\u015f\u0131ndan ge\u00e7en heyecan verici maceralar\u0131 dinlerken \u00e7ocuklar renkli bir d\u00fcnyan\u0131n kap\u0131lar\u0131n\u0131 aralayacak ve kendilerini tatl\u0131 d\u00fc\u015flerin kollar\u0131na b\u0131rakacaklar.  \u00c7ocuklar\u0131n merak duygusunu uyand\u0131ran, hayal d\u00fcnyalar\u0131n\u0131 zenginle\u015ftiren, empati yeteneklerini geli\u015ftiren, \u00f6\u011fretici ve duygu y\u00fckl\u00fc bu \u00f6yk\u00fcler sayesinde \u00e7ocu\u011funuzla beraber kaliteli zaman ge\u00e7irip okuma saatinin ve birlikte olman\u0131n keyfini ya\u015fayacaks\u0131n\u0131z.  Anneler, babalar ve \u00e7ocuklar\u2026 Haydi herkes yerini als\u0131n, sevimli kahramanlar\u0131m\u0131z sizleri bekliyor! <\/p>\n","protected":false},"excerpt":{"rendered":"<p>Uyku saatini \u00e7o\u011funuz ve sizin i\u00e7in t\u00fcm y\u0131l boyunca e\u011flenceli bir hale getiren 365 \u00f6yk\u00fcl\u00fck se\u00e7kin bir derleme! Arkada\u015f\u0131 tav\u015fana b\u00fcy\u00fck bir s\u00fcrpriz haz\u0131rlayan sincap, kuzeye<span class=\"excerpt-hellip\"> [\u2026]<\/span><\/p>\n","protected":false},"featured_media":0,"template":"","meta":{"_monsterinsights_skip_tracking":false,"_monsterinsights_sitenote_active":false,"_monsterinsights_sitenote_note":"","_monsterinsights_sitenote_category":0},"product_brand":[],"product_cat":[12274,12523],"product_tag":[],"class_list":{"0":"post-709047","1":"product","2":"type-product","3":"status-publish","5":"product_cat-cocuk-ve-genclik-kitaplari","6":"product_cat-masallar","7":"pa_cilt-ciltsiz","8":"pa_tur-kitap","9":"pa_yayinevi-1001-cicek-kitaplar","10":"pa_yazar-catherine-tessandier","12":"first","13":"instock","14":"sale","15":"shipping-taxable","16":"purchasable","17":"product-type-simple"},"_links":{"self":[{"href":"https:\/\/roveyayinevi.com.tr\/index.php\/wp-json\/wp\/v2\/product\/709047","targetHints":{"allow":["GET"]}}],"collection":[{"href":"https:\/\/roveyayinevi.com.tr\/index.php\/wp-json\/wp\/v2\/product"}],"about":[{"href":"https:\/\/roveyayinevi.com.tr\/index.php\/wp-json\/wp\/v2\/types\/product"}],"wp:attachment":[{"href":"https:\/\/roveyayinevi.com.tr\/index.php\/wp-json\/wp\/v2\/media?parent=709047"}],"wp:term":[{"taxonomy":"product_brand","embeddable":true,"href":"https:\/\/roveyayinevi.com.tr\/index.php\/wp-json\/wp\/v2\/product_brand?post=709047"},{"taxonomy":"product_cat","embeddable":true,"href":"https:\/\/roveyayinevi.com.tr\/index.php\/wp-json\/wp\/v2\/product_cat?post=709047"},{"taxonomy":"product_tag","embeddable":true,"href":"https:\/\/roveyayinevi.com.tr\/index.php\/wp-json\/wp\/v2\/product_tag?post=709047"}],"curies":[{"name":"wp","href":"https:\/\/api.w.org\/{rel}","templated":true}]}}