{"id":709046,"date":"2025-08-27T16:21:23","date_gmt":"2025-08-27T13:21:23","guid":{"rendered":"https:\/\/roveyayinevi.com.tr\/index.php\/urun\/bir-solukta-evren-ve-dunya-tarihi\/"},"modified":"2026-04-16T02:17:39","modified_gmt":"2026-04-15T23:17:39","slug":"bir-solukta-evren-ve-dunya-tarihi","status":"publish","type":"product","link":"https:\/\/roveyayinevi.com.tr\/index.php\/urun\/bir-solukta-evren-ve-dunya-tarihi\/","title":{"rendered":"Bir Solukta Evren Ve D\u00fcnya Tarihi"},"content":{"rendered":"<p>Bilim ba\u015f d\u00f6nd\u00fcr\u00fcc\u00fc bir h\u0131zla geli\u015firken d\u00fcnya tarihinin canl\u0131lar\u0131n evrimiyle ve canl\u0131lar\u0131n evriminin de evrenin olu\u015fumuyla \u00e7ok yak\u0131ndan ilintili oldu\u011fu apa\u00e7\u0131k ortaya \u00e7\u0131k\u0131yor. \u0130nsan\u0131n ve uygarl\u0131\u011f\u0131n do\u011fu\u015fu ile geli\u015fimini iyi anlayabilmek i\u00e7in evrenin nas\u0131l meydana geldi\u011fini, y\u0131ld\u0131z ve gezegenlerin nas\u0131l olu\u015ftu\u011funu, D\u00fcnya\u2019n\u0131n neden ya\u015fam\u0131n ortaya \u00e7\u0131kmas\u0131na elveri\u015fli ko\u015fullara sahip oldu\u011funu kavramak gerek.  Bir Solukta Evren ve D\u00fcnya Tarihi\u2019ni a\u015fa\u011f\u0131daki konu ba\u015fl\u0131klar\u0131 alt\u0131nda okuyacaks\u0131n\u0131z: \u2022 Evrenin ve D\u00fcnya\u2019n\u0131n olu\u015fumu \u2022 Canl\u0131lar\u0131n ortaya \u00e7\u0131k\u0131\u015f\u0131 \u2022 \u0130nsan\u0131n d\u00fcnyaya egemen olmas\u0131 \u2022 Uygarl\u0131\u011f\u0131n do\u011fu\u015fu \u2022 Bat\u0131\u2019n\u0131n y\u00fckseli\u015fi \u2022 Modern d\u00fcnyan\u0131n olu\u015fumu <\/p>\n","protected":false},"excerpt":{"rendered":"<p>Bilim ba\u015f d\u00f6nd\u00fcr\u00fcc\u00fc bir h\u0131zla geli\u015firken d\u00fcnya tarihinin canl\u0131lar\u0131n evrimiyle ve canl\u0131lar\u0131n evriminin de evrenin olu\u015fumuyla \u00e7ok yak\u0131ndan ilintili oldu\u011fu apa\u00e7\u0131k ortaya \u00e7\u0131k\u0131yor. \u0130nsan\u0131n ve uygarl\u0131\u011f\u0131n<span class=\"excerpt-hellip\"> [\u2026]<\/span><\/p>\n","protected":false},"featured_media":0,"template":"","meta":{"_monsterinsights_skip_tracking":false,"_monsterinsights_sitenote_active":false,"_monsterinsights_sitenote_note":"","_monsterinsights_sitenote_category":0},"product_brand":[],"product_cat":[12305,12304],"product_tag":[],"class_list":{"0":"post-709046","1":"product","2":"type-product","3":"status-publish","5":"product_cat-dunya-tarihi","6":"product_cat-tarih","7":"pa_cilt-ciltsiz","8":"pa_tur-kitap","9":"pa_yayinevi-say-yayinlari","10":"pa_yazar-ian-crofton","12":"first","13":"instock","14":"sale","15":"shipping-taxable","16":"purchasable","17":"product-type-simple"},"_links":{"self":[{"href":"https:\/\/roveyayinevi.com.tr\/index.php\/wp-json\/wp\/v2\/product\/709046","targetHints":{"allow":["GET"]}}],"collection":[{"href":"https:\/\/roveyayinevi.com.tr\/index.php\/wp-json\/wp\/v2\/product"}],"about":[{"href":"https:\/\/roveyayinevi.com.tr\/index.php\/wp-json\/wp\/v2\/types\/product"}],"wp:attachment":[{"href":"https:\/\/roveyayinevi.com.tr\/index.php\/wp-json\/wp\/v2\/media?parent=709046"}],"wp:term":[{"taxonomy":"product_brand","embeddable":true,"href":"https:\/\/roveyayinevi.com.tr\/index.php\/wp-json\/wp\/v2\/product_brand?post=709046"},{"taxonomy":"product_cat","embeddable":true,"href":"https:\/\/roveyayinevi.com.tr\/index.php\/wp-json\/wp\/v2\/product_cat?post=709046"},{"taxonomy":"product_tag","embeddable":true,"href":"https:\/\/roveyayinevi.com.tr\/index.php\/wp-json\/wp\/v2\/product_tag?post=709046"}],"curies":[{"name":"wp","href":"https:\/\/api.w.org\/{rel}","templated":true}]}}