{"id":709045,"date":"2025-08-27T16:21:22","date_gmt":"2025-08-27T13:21:22","guid":{"rendered":"https:\/\/roveyayinevi.com.tr\/index.php\/urun\/vahsiler-futbol-takimi-6-kahraman-raban\/"},"modified":"2026-04-16T02:17:39","modified_gmt":"2026-04-15T23:17:39","slug":"vahsiler-futbol-takimi-6-kahraman-raban","status":"publish","type":"product","link":"https:\/\/roveyayinevi.com.tr\/index.php\/urun\/vahsiler-futbol-takimi-6-kahraman-raban\/","title":{"rendered":"Vah\u015filer Futbol Tak\u0131m\u0131 6 &#8211; Kahraman Raban"},"content":{"rendered":"<p>Raban kendini son derece i\u015fe yaramaz hissediyor ve tak\u0131m arkada\u015flar\u0131n\u0131n art\u0131k ona ihtiya\u00e7lar\u0131 olmad\u0131\u011f\u0131n\u0131 d\u00fc\u015f\u00fcn\u00fcyordu. Willi ona futbol kahinlerine dan\u0131\u015fmas\u0131n\u0131 \u00f6nerdi. Raban y\u0131lba\u015f\u0131 gecesi gizlice stadyuma s\u00fcz\u00fcld\u00fc; di\u011fer vah\u015filer de \u00f6yle. Birdenbire \u0131\u015f\u0131klar yand\u0131 ve gelmi\u015f ge\u00e7mi\u015f en b\u00fcy\u00fck futbolcular sahaya \u00e7\u0131kt\u0131lar. Sonra Raban&#8217;\u0131 kendileriyle birlikte oynamaya davet ettiler. Vah\u015filer Tak\u0131m\u0131&#8217;n\u0131 meraktan \u00e7atlatan nokta ise tak\u0131mlar\u0131n\u0131n gelece\u011fini belirleyecek olan kehanetin i\u00e7lerinden hangisine bildirilece\u011fi ve en \u00f6nemlisi bu kehanetin ne diyece\u011fiydi. <\/p>\n","protected":false},"excerpt":{"rendered":"<p>Raban kendini son derece i\u015fe yaramaz hissediyor ve tak\u0131m arkada\u015flar\u0131n\u0131n art\u0131k ona ihtiya\u00e7lar\u0131 olmad\u0131\u011f\u0131n\u0131 d\u00fc\u015f\u00fcn\u00fcyordu. Willi ona futbol kahinlerine dan\u0131\u015fmas\u0131n\u0131 \u00f6nerdi. Raban y\u0131lba\u015f\u0131 gecesi gizlice stadyuma<span class=\"excerpt-hellip\"> [\u2026]<\/span><\/p>\n","protected":false},"featured_media":0,"template":"","meta":{"_monsterinsights_skip_tracking":false,"_monsterinsights_sitenote_active":false,"_monsterinsights_sitenote_note":"","_monsterinsights_sitenote_category":0},"product_brand":[],"product_cat":[12275,12274],"product_tag":[],"class_list":{"0":"post-709045","1":"product","2":"type-product","3":"status-publish","5":"product_cat-6-12-yas-kitaplari","6":"product_cat-cocuk-ve-genclik-kitaplari","7":"pa_cilt-ciltli","8":"pa_tur-kitap","9":"pa_yayinevi-epsilon-yayinlari","10":"pa_yazar-joachim-masannek","12":"first","13":"instock","14":"sale","15":"shipping-taxable","16":"purchasable","17":"product-type-simple"},"_links":{"self":[{"href":"https:\/\/roveyayinevi.com.tr\/index.php\/wp-json\/wp\/v2\/product\/709045","targetHints":{"allow":["GET"]}}],"collection":[{"href":"https:\/\/roveyayinevi.com.tr\/index.php\/wp-json\/wp\/v2\/product"}],"about":[{"href":"https:\/\/roveyayinevi.com.tr\/index.php\/wp-json\/wp\/v2\/types\/product"}],"wp:attachment":[{"href":"https:\/\/roveyayinevi.com.tr\/index.php\/wp-json\/wp\/v2\/media?parent=709045"}],"wp:term":[{"taxonomy":"product_brand","embeddable":true,"href":"https:\/\/roveyayinevi.com.tr\/index.php\/wp-json\/wp\/v2\/product_brand?post=709045"},{"taxonomy":"product_cat","embeddable":true,"href":"https:\/\/roveyayinevi.com.tr\/index.php\/wp-json\/wp\/v2\/product_cat?post=709045"},{"taxonomy":"product_tag","embeddable":true,"href":"https:\/\/roveyayinevi.com.tr\/index.php\/wp-json\/wp\/v2\/product_tag?post=709045"}],"curies":[{"name":"wp","href":"https:\/\/api.w.org\/{rel}","templated":true}]}}