{"id":709044,"date":"2025-08-27T16:21:22","date_gmt":"2025-08-27T13:21:22","guid":{"rendered":"https:\/\/roveyayinevi.com.tr\/index.php\/urun\/vahsiler-futbol-takimi-3-korkusuz-vanessa\/"},"modified":"2026-04-06T02:28:51","modified_gmt":"2026-04-05T23:28:51","slug":"vahsiler-futbol-takimi-3-korkusuz-vanessa","status":"publish","type":"product","link":"https:\/\/roveyayinevi.com.tr\/index.php\/urun\/vahsiler-futbol-takimi-3-korkusuz-vanessa\/","title":{"rendered":"Vah\u015filer Futbol Tak\u0131m\u0131 3 &#8211; Korkusuz Vanessa"},"content":{"rendered":"<p>Vanessa&#8217;n\u0131n hayat\u0131 futboldu. B\u00fct\u00fcn g\u00fcn \u00fcst\u00fcnde futbol formas\u0131yla dola\u015f\u0131yor ve erkek milli tak\u0131m\u0131nda oynayan ilk k\u0131z olmak istiyordu. Oynad\u0131\u011f\u0131 k\u0131z futbol tak\u0131m\u0131na sinir oluyordu. Onlarla birlikte ba\u015far\u0131l\u0131 olmas\u0131na imk\u00e2n yoktu. Yeni ta\u015f\u0131nd\u0131klar\u0131 \u015fehirde babas\u0131, Vanessa&#8217;n\u0131n antrenmanlar\u0131na kat\u0131labilece\u011fi bir erkek futbol tak\u0131m\u0131 ayarlad\u0131. Bu, Vah\u015filer Futbol Tak\u0131m\u0131&#8217;yd\u0131. Bizimkilerin ise tak\u0131ma bir k\u0131z almaya hi\u00e7 niyetleri yoktu do\u011frusu. Antrenmanda \u00f6yle bir oynad\u0131lar ki, Vanessa neye u\u011frad\u0131\u011f\u0131n\u0131 \u015fa\u015f\u0131rd\u0131. Ama Vanessa \u00f6yle kolay kolay pes edecek gibi de\u011fildi. B\u00fct\u00fcn tak\u0131m\u0131 bir futbol turnuvas\u0131na davet etti. Bakal\u0131m kim kime g\u00fcn\u00fcn\u00fc g\u00f6sterecekti! <\/p>\n","protected":false},"excerpt":{"rendered":"<p>Vanessa&#8217;n\u0131n hayat\u0131 futboldu. B\u00fct\u00fcn g\u00fcn \u00fcst\u00fcnde futbol formas\u0131yla dola\u015f\u0131yor ve erkek milli tak\u0131m\u0131nda oynayan ilk k\u0131z olmak istiyordu. Oynad\u0131\u011f\u0131 k\u0131z futbol tak\u0131m\u0131na sinir oluyordu. Onlarla birlikte<span class=\"excerpt-hellip\"> [\u2026]<\/span><\/p>\n","protected":false},"featured_media":0,"template":"","meta":{"_monsterinsights_skip_tracking":false,"_monsterinsights_sitenote_active":false,"_monsterinsights_sitenote_note":"","_monsterinsights_sitenote_category":0},"product_brand":[],"product_cat":[12275,12274],"product_tag":[],"class_list":{"0":"post-709044","1":"product","2":"type-product","3":"status-publish","5":"product_cat-6-12-yas-kitaplari","6":"product_cat-cocuk-ve-genclik-kitaplari","7":"pa_cilt-ciltli","8":"pa_tur-kitap","9":"pa_yayinevi-epsilon-yayinlari","10":"pa_yazar-joachim-masannek","12":"first","13":"instock","14":"sale","15":"shipping-taxable","16":"purchasable","17":"product-type-simple"},"_links":{"self":[{"href":"https:\/\/roveyayinevi.com.tr\/index.php\/wp-json\/wp\/v2\/product\/709044","targetHints":{"allow":["GET"]}}],"collection":[{"href":"https:\/\/roveyayinevi.com.tr\/index.php\/wp-json\/wp\/v2\/product"}],"about":[{"href":"https:\/\/roveyayinevi.com.tr\/index.php\/wp-json\/wp\/v2\/types\/product"}],"wp:attachment":[{"href":"https:\/\/roveyayinevi.com.tr\/index.php\/wp-json\/wp\/v2\/media?parent=709044"}],"wp:term":[{"taxonomy":"product_brand","embeddable":true,"href":"https:\/\/roveyayinevi.com.tr\/index.php\/wp-json\/wp\/v2\/product_brand?post=709044"},{"taxonomy":"product_cat","embeddable":true,"href":"https:\/\/roveyayinevi.com.tr\/index.php\/wp-json\/wp\/v2\/product_cat?post=709044"},{"taxonomy":"product_tag","embeddable":true,"href":"https:\/\/roveyayinevi.com.tr\/index.php\/wp-json\/wp\/v2\/product_tag?post=709044"}],"curies":[{"name":"wp","href":"https:\/\/api.w.org\/{rel}","templated":true}]}}