{"id":709043,"date":"2025-08-27T16:21:21","date_gmt":"2025-08-27T13:21:21","guid":{"rendered":"https:\/\/roveyayinevi.com.tr\/index.php\/urun\/vahsiler-futbol-takimi-5-lokomotif-deniz\/"},"modified":"2026-04-16T02:17:39","modified_gmt":"2026-04-15T23:17:39","slug":"vahsiler-futbol-takimi-5-lokomotif-deniz","status":"publish","type":"product","link":"https:\/\/roveyayinevi.com.tr\/index.php\/urun\/vahsiler-futbol-takimi-5-lokomotif-deniz\/","title":{"rendered":"Vah\u015filer Futbol Tak\u0131m\u0131 5 &#8211; Lokomotif Deniz"},"content":{"rendered":"<p>Tak\u0131m\u0131yla girdi\u011fi \u015fampiyonluk yar\u0131\u015f\u0131nda Lokomotif Deniz&#8217;in kar\u015f\u0131s\u0131na Vah\u015filer Tak\u0131m\u0131 \u00e7\u0131kt\u0131. Deniz, Vah\u015filer Tak\u0131m\u0131&#8217;n\u0131 \u00f6ylesine be\u011fenmi\u015fti ki, hi\u00e7 d\u00fc\u015f\u00fcnmeden Willi&#8217;nin onu davet etti\u011fi deneme antrenman\u0131na gitti. Fabi ve Leon, yetene\u011fi apa\u00e7\u0131k ortada oldu\u011fu halde Deniz&#8217;i tak\u0131mda istemediler. Sebep, Deniz&#8217;in tak\u0131mlar\u0131na uymamas\u0131yd\u0131. Fakat di\u011ferleri yeni oyuncunun tak\u0131ma al\u0131nmas\u0131ndan yana oy kulland\u0131 ve Leon ile Fabi tak\u0131mdan ayr\u0131lmak zorunda kald\u0131. Ancak liderleri olmadan Vah\u015filer Tak\u0131m\u0131 nas\u0131l bir hi\u00e7 ise, Leon ve Fabi de tak\u0131mlar\u0131 olmadan birer hi\u00e7ti. B\u00f6ylece her ikisi de Deniz&#8217;i kabullendi ve \u015funu anlad\u0131lar: Yeni bir oyuncu, ger\u00e7ekten iyi bir tak\u0131m\u0131 bozmaz, aksine yaln\u0131zca g\u00fc\u00e7lendirir. <\/p>\n","protected":false},"excerpt":{"rendered":"<p>Tak\u0131m\u0131yla girdi\u011fi \u015fampiyonluk yar\u0131\u015f\u0131nda Lokomotif Deniz&#8217;in kar\u015f\u0131s\u0131na Vah\u015filer Tak\u0131m\u0131 \u00e7\u0131kt\u0131. Deniz, Vah\u015filer Tak\u0131m\u0131&#8217;n\u0131 \u00f6ylesine be\u011fenmi\u015fti ki, hi\u00e7 d\u00fc\u015f\u00fcnmeden Willi&#8217;nin onu davet etti\u011fi deneme antrenman\u0131na gitti. Fabi<span class=\"excerpt-hellip\"> [\u2026]<\/span><\/p>\n","protected":false},"featured_media":0,"template":"","meta":{"_monsterinsights_skip_tracking":false,"_monsterinsights_sitenote_active":false,"_monsterinsights_sitenote_note":"","_monsterinsights_sitenote_category":0},"product_brand":[],"product_cat":[12275,12274],"product_tag":[],"class_list":{"0":"post-709043","1":"product","2":"type-product","3":"status-publish","5":"product_cat-6-12-yas-kitaplari","6":"product_cat-cocuk-ve-genclik-kitaplari","7":"pa_cilt-ciltli","8":"pa_tur-kitap","9":"pa_yayinevi-epsilon-yayinlari","10":"pa_yazar-joachim-masannek","12":"first","13":"instock","14":"sale","15":"shipping-taxable","16":"purchasable","17":"product-type-simple"},"_links":{"self":[{"href":"https:\/\/roveyayinevi.com.tr\/index.php\/wp-json\/wp\/v2\/product\/709043","targetHints":{"allow":["GET"]}}],"collection":[{"href":"https:\/\/roveyayinevi.com.tr\/index.php\/wp-json\/wp\/v2\/product"}],"about":[{"href":"https:\/\/roveyayinevi.com.tr\/index.php\/wp-json\/wp\/v2\/types\/product"}],"wp:attachment":[{"href":"https:\/\/roveyayinevi.com.tr\/index.php\/wp-json\/wp\/v2\/media?parent=709043"}],"wp:term":[{"taxonomy":"product_brand","embeddable":true,"href":"https:\/\/roveyayinevi.com.tr\/index.php\/wp-json\/wp\/v2\/product_brand?post=709043"},{"taxonomy":"product_cat","embeddable":true,"href":"https:\/\/roveyayinevi.com.tr\/index.php\/wp-json\/wp\/v2\/product_cat?post=709043"},{"taxonomy":"product_tag","embeddable":true,"href":"https:\/\/roveyayinevi.com.tr\/index.php\/wp-json\/wp\/v2\/product_tag?post=709043"}],"curies":[{"name":"wp","href":"https:\/\/api.w.org\/{rel}","templated":true}]}}