{"id":709042,"date":"2025-08-27T16:21:21","date_gmt":"2025-08-27T13:21:21","guid":{"rendered":"https:\/\/roveyayinevi.com.tr\/index.php\/urun\/vahsiler-futbol-takimi-2-firtina-felix\/"},"modified":"2026-04-16T02:17:39","modified_gmt":"2026-04-15T23:17:39","slug":"vahsiler-futbol-takimi-2-firtina-felix","status":"publish","type":"product","link":"https:\/\/roveyayinevi.com.tr\/index.php\/urun\/vahsiler-futbol-takimi-2-firtina-felix\/","title":{"rendered":"Vah\u015filer Futbol Tak\u0131m\u0131 2 &#8211; F\u0131rt\u0131na Felix"},"content":{"rendered":"<p>Felix&#8217;in s\u0131n\u0131f\u0131na yeni bir \u00f6\u011frenci gelmi\u015fti. Rocce isimli bu \u00e7ocuk, Bayern M\u00fcnih&#8217;te oynayan Brezilyal\u0131 bir futbol y\u0131ld\u0131z\u0131n\u0131n o\u011fluydu. Di\u011ferleri hemen Rocce&#8217;ye kucak a\u00e7t\u0131lar, fakat Felix onu \u00e7ok kibirli bulmu\u015ftu. Sonra Rocce ne kadar iyi futbol oynad\u0131\u011f\u0131n\u0131 kan\u0131tlad\u0131. \u00dcstelik Vah\u015filer Tak\u0131m\u0131&#8217;nda oynamak istiyordu. Derken antrenmanlara gelmemeye ba\u015flad\u0131, \u00e7\u00fcnk\u00fc babas\u0131 onun bir sokak tak\u0131m\u0131nda de\u011fil, kendi gibi Bayern&#8217;de oynamas\u0131n\u0131 istiyordu. Vah\u015filer Tak\u0131m\u0131&#8217;ndakiler bu duruma \u00e7ok sinirlendi ve hepsi kafa kafaya verdi. Tak\u0131m y\u00f6netmeli\u011fi ve formalar haz\u0131rland\u0131, s\u0131k\u0131 antrenmanlar yap\u0131ld\u0131. Art\u0131k Vah\u015filer Tak\u0131m\u0131, Bayern M\u00fcnih&#8217;le oynamaya haz\u0131rd\u0131! <\/p>\n","protected":false},"excerpt":{"rendered":"<p>Felix&#8217;in s\u0131n\u0131f\u0131na yeni bir \u00f6\u011frenci gelmi\u015fti. Rocce isimli bu \u00e7ocuk, Bayern M\u00fcnih&#8217;te oynayan Brezilyal\u0131 bir futbol y\u0131ld\u0131z\u0131n\u0131n o\u011fluydu. Di\u011ferleri hemen Rocce&#8217;ye kucak a\u00e7t\u0131lar, fakat Felix onu<span class=\"excerpt-hellip\"> [\u2026]<\/span><\/p>\n","protected":false},"featured_media":0,"template":"","meta":{"_monsterinsights_skip_tracking":false,"_monsterinsights_sitenote_active":false,"_monsterinsights_sitenote_note":"","_monsterinsights_sitenote_category":0},"product_brand":[],"product_cat":[12275,12274],"product_tag":[],"class_list":{"0":"post-709042","1":"product","2":"type-product","3":"status-publish","5":"product_cat-6-12-yas-kitaplari","6":"product_cat-cocuk-ve-genclik-kitaplari","7":"pa_cilt-ciltli","8":"pa_tur-kitap","9":"pa_yayinevi-epsilon-yayinlari","10":"pa_yazar-joachim-masannek","12":"first","13":"instock","14":"sale","15":"shipping-taxable","16":"purchasable","17":"product-type-simple"},"_links":{"self":[{"href":"https:\/\/roveyayinevi.com.tr\/index.php\/wp-json\/wp\/v2\/product\/709042","targetHints":{"allow":["GET"]}}],"collection":[{"href":"https:\/\/roveyayinevi.com.tr\/index.php\/wp-json\/wp\/v2\/product"}],"about":[{"href":"https:\/\/roveyayinevi.com.tr\/index.php\/wp-json\/wp\/v2\/types\/product"}],"wp:attachment":[{"href":"https:\/\/roveyayinevi.com.tr\/index.php\/wp-json\/wp\/v2\/media?parent=709042"}],"wp:term":[{"taxonomy":"product_brand","embeddable":true,"href":"https:\/\/roveyayinevi.com.tr\/index.php\/wp-json\/wp\/v2\/product_brand?post=709042"},{"taxonomy":"product_cat","embeddable":true,"href":"https:\/\/roveyayinevi.com.tr\/index.php\/wp-json\/wp\/v2\/product_cat?post=709042"},{"taxonomy":"product_tag","embeddable":true,"href":"https:\/\/roveyayinevi.com.tr\/index.php\/wp-json\/wp\/v2\/product_tag?post=709042"}],"curies":[{"name":"wp","href":"https:\/\/api.w.org\/{rel}","templated":true}]}}