{"id":709041,"date":"2025-08-27T16:21:20","date_gmt":"2025-08-27T13:21:20","guid":{"rendered":"https:\/\/roveyayinevi.com.tr\/index.php\/urun\/vahsiler-futbol-takimi-4-dort-kisiye-bedel-juli\/"},"modified":"2026-04-16T02:17:39","modified_gmt":"2026-04-15T23:17:39","slug":"vahsiler-futbol-takimi-4-dort-kisiye-bedel-juli","status":"publish","type":"product","link":"https:\/\/roveyayinevi.com.tr\/index.php\/urun\/vahsiler-futbol-takimi-4-dort-kisiye-bedel-juli\/","title":{"rendered":"Vah\u015filer Futbol Tak\u0131m\u0131 4 &#8211; D\u00f6rt Ki\u015fiye Bedel Juli"},"content":{"rendered":"<p>Tatilden d\u00f6nd\u00fcklerinde Vah\u015filer Tak\u0131m\u0131&#8217;n\u0131 \u00fc\u00e7 s\u00fcrpriz bekliyordu. \u0130lki: Top sahalar\u0131 art\u0131k top sahas\u0131 de\u011fil, ger\u00e7ek bir stadyumdu! \u0130kincisi: Antren\u00f6rleri Willi oraya harika bir \u0131\u015f\u0131k sistemi kurmu\u015ftu! \u00dc\u00e7\u00fcnc\u00fc s\u00fcrpriz de vah\u015fi futbolcular\u0131m\u0131z\u0131n art\u0131k ger\u00e7ek bir ligde oynayacak olmalar\u0131yd\u0131. Elbette bu durumdan hepsi gurur duyuyordu. Juli bunu en \u00e7ok babas\u0131na anlatmay\u0131 istiyordu. Ne var ki babas\u0131 art\u0131k onlarla oturmuyordu ve Juli onun nerede ya\u015fad\u0131\u011f\u0131n\u0131 bilmiyordu. Juli babas\u0131n\u0131 ararken \u015ei\u015fko Michi ve onun \u00e7etesinin ellerine d\u00fc\u015ft\u00fc. Ona \u015fantaj yapmaya kalkt\u0131lar. Arkada\u015flar\u0131 elbette Juli&#8217;ye arka \u00e7\u0131kt\u0131lar ve \u015ei\u015fko Michi&#8217;ye meydan okudular. \u015eato&#8217;daki sava\u015fta her \u015feylerini ortaya koydular. <\/p>\n","protected":false},"excerpt":{"rendered":"<p>Tatilden d\u00f6nd\u00fcklerinde Vah\u015filer Tak\u0131m\u0131&#8217;n\u0131 \u00fc\u00e7 s\u00fcrpriz bekliyordu. \u0130lki: Top sahalar\u0131 art\u0131k top sahas\u0131 de\u011fil, ger\u00e7ek bir stadyumdu! \u0130kincisi: Antren\u00f6rleri Willi oraya harika bir \u0131\u015f\u0131k sistemi kurmu\u015ftu!<span class=\"excerpt-hellip\"> [\u2026]<\/span><\/p>\n","protected":false},"featured_media":0,"template":"","meta":{"_monsterinsights_skip_tracking":false,"_monsterinsights_sitenote_active":false,"_monsterinsights_sitenote_note":"","_monsterinsights_sitenote_category":0},"product_brand":[],"product_cat":[12275,12274],"product_tag":[],"class_list":{"0":"post-709041","1":"product","2":"type-product","3":"status-publish","5":"product_cat-6-12-yas-kitaplari","6":"product_cat-cocuk-ve-genclik-kitaplari","7":"pa_cilt-ciltli","8":"pa_tur-kitap","9":"pa_yayinevi-epsilon-yayinlari","10":"pa_yazar-joachim-masannek","12":"first","13":"instock","14":"sale","15":"shipping-taxable","16":"purchasable","17":"product-type-simple"},"_links":{"self":[{"href":"https:\/\/roveyayinevi.com.tr\/index.php\/wp-json\/wp\/v2\/product\/709041","targetHints":{"allow":["GET"]}}],"collection":[{"href":"https:\/\/roveyayinevi.com.tr\/index.php\/wp-json\/wp\/v2\/product"}],"about":[{"href":"https:\/\/roveyayinevi.com.tr\/index.php\/wp-json\/wp\/v2\/types\/product"}],"wp:attachment":[{"href":"https:\/\/roveyayinevi.com.tr\/index.php\/wp-json\/wp\/v2\/media?parent=709041"}],"wp:term":[{"taxonomy":"product_brand","embeddable":true,"href":"https:\/\/roveyayinevi.com.tr\/index.php\/wp-json\/wp\/v2\/product_brand?post=709041"},{"taxonomy":"product_cat","embeddable":true,"href":"https:\/\/roveyayinevi.com.tr\/index.php\/wp-json\/wp\/v2\/product_cat?post=709041"},{"taxonomy":"product_tag","embeddable":true,"href":"https:\/\/roveyayinevi.com.tr\/index.php\/wp-json\/wp\/v2\/product_tag?post=709041"}],"curies":[{"name":"wp","href":"https:\/\/api.w.org\/{rel}","templated":true}]}}