{"id":709040,"date":"2025-08-27T16:21:20","date_gmt":"2025-08-27T13:21:20","guid":{"rendered":"https:\/\/roveyayinevi.com.tr\/index.php\/urun\/mutluluk-2-0\/"},"modified":"2026-04-13T02:22:10","modified_gmt":"2026-04-12T23:22:10","slug":"mutluluk-2-0","status":"publish","type":"product","link":"https:\/\/roveyayinevi.com.tr\/index.php\/urun\/mutluluk-2-0\/","title":{"rendered":"Mutluluk 2.0"},"content":{"rendered":"<p>Mutluluk 2.0, mutlulu\u011fa dair fikirlerinizi tepe taklak edecek. Bildiklerinizi, \u00f6\u011fretilenleri, mutlu olmak i\u00e7in yapman\u0131z gerekenleri yeniden d\u00fczenlemeye, d\u00fc\u015f\u00fcnmeye haz\u0131rl\u0131kl\u0131 olun. \u00d6nemli olan sahip olmad\u0131\u011f\u0131n bir mutlulu\u011fun pe\u015finde ko\u015fmak m\u0131, yoksa yan\u0131ndaki mutlulu\u011fu fark edebilmek mi? Mutlu olmak i\u00e7in \u00f6nce kendisiyle bar\u0131\u015f\u0131k olmas\u0131 gerekmiyor mu ki\u015finin? Peki ya hayat\u0131n bize verdikleriyle yetinebiliyor muyuz?T\u00fcm bu sorulara ve daha bir\u00e7ok soruya cevap veriyor yazarlar bu kitapta;\u201cMutluluk 2.0 ile mutlulu\u011fa dair var olan bilgi kirlili\u011fini temizleyerek g\u00fcncel ara\u015ft\u0131rmalarca destekli, uygulanabilir bilgileri sizlere yal\u0131n bir dille sunmak istiyoruz. Genel olarak vermek istedi\u011fimiz mesajsa \u00e7ok a\u00e7\u0131k: Neredeyse hepimizin, e\u011fer istiyorsa, daha sa\u011fl\u0131kl\u0131 bir duygusal ya\u015fam geli\u015ftirebilmesi, daha kaliteli bir ya\u015fam s\u00fcrebilmesi ve potansiyelini kullanarak hedeflerine ula\u015fabilmesi m\u00fcmk\u00fcnd\u00fcr.\u201dElma yay\u0131nevi mutluluk kavram\u0131n\u0131n yeni modeliyle kar\u015f\u0131n\u0131zda. \u00d6rneklerle, \u00f6nerilerle ve uzman g\u00f6r\u00fc\u015flerle Mutluluk 2.0 sizler i\u00e7in\u2026 <\/p>\n","protected":false},"excerpt":{"rendered":"<p>Mutluluk 2.0, mutlulu\u011fa dair fikirlerinizi tepe taklak edecek. Bildiklerinizi, \u00f6\u011fretilenleri, mutlu olmak i\u00e7in yapman\u0131z gerekenleri yeniden d\u00fczenlemeye, d\u00fc\u015f\u00fcnmeye haz\u0131rl\u0131kl\u0131 olun. \u00d6nemli olan sahip olmad\u0131\u011f\u0131n bir mutlulu\u011fun<span class=\"excerpt-hellip\"> [\u2026]<\/span><\/p>\n","protected":false},"featured_media":0,"template":"","meta":{"_monsterinsights_skip_tracking":false,"_monsterinsights_sitenote_active":false,"_monsterinsights_sitenote_note":"","_monsterinsights_sitenote_category":0},"product_brand":[],"product_cat":[12364,12376],"product_tag":[],"class_list":{"0":"post-709040","1":"product","2":"type-product","3":"status-publish","5":"product_cat-genel-konular","6":"product_cat-kisisel-gelisim","7":"pa_cilt-ciltsiz","8":"pa_tur-kitap","9":"pa_yayinevi-elma-yayinevi","10":"pa_yazar-gokce-bulgan","11":"pa_yazar-selda-koydemir","13":"first","14":"instock","15":"sale","16":"shipping-taxable","17":"purchasable","18":"product-type-simple"},"_links":{"self":[{"href":"https:\/\/roveyayinevi.com.tr\/index.php\/wp-json\/wp\/v2\/product\/709040","targetHints":{"allow":["GET"]}}],"collection":[{"href":"https:\/\/roveyayinevi.com.tr\/index.php\/wp-json\/wp\/v2\/product"}],"about":[{"href":"https:\/\/roveyayinevi.com.tr\/index.php\/wp-json\/wp\/v2\/types\/product"}],"wp:attachment":[{"href":"https:\/\/roveyayinevi.com.tr\/index.php\/wp-json\/wp\/v2\/media?parent=709040"}],"wp:term":[{"taxonomy":"product_brand","embeddable":true,"href":"https:\/\/roveyayinevi.com.tr\/index.php\/wp-json\/wp\/v2\/product_brand?post=709040"},{"taxonomy":"product_cat","embeddable":true,"href":"https:\/\/roveyayinevi.com.tr\/index.php\/wp-json\/wp\/v2\/product_cat?post=709040"},{"taxonomy":"product_tag","embeddable":true,"href":"https:\/\/roveyayinevi.com.tr\/index.php\/wp-json\/wp\/v2\/product_tag?post=709040"}],"curies":[{"name":"wp","href":"https:\/\/api.w.org\/{rel}","templated":true}]}}