{"id":709037,"date":"2025-08-27T16:21:18","date_gmt":"2025-08-27T13:21:18","guid":{"rendered":"https:\/\/roveyayinevi.com.tr\/index.php\/urun\/ama-ben-saclarimi-seviyorum\/"},"modified":"2026-04-16T02:17:39","modified_gmt":"2026-04-15T23:17:39","slug":"ama-ben-saclarimi-seviyorum","status":"publish","type":"product","link":"https:\/\/roveyayinevi.com.tr\/index.php\/urun\/ama-ben-saclarimi-seviyorum\/","title":{"rendered":"Ama Ben Sa\u00e7lar\u0131m\u0131 Seviyorum"},"content":{"rendered":"<p>Kendisi minik ama fikirleri kocaman bir \u00e7ocuktur Defne. \u00dcstelik biraz da inat\u00e7\u0131d\u0131r. \u0130nad\u0131ndan m\u0131d\u0131r, yoksa sa\u00e7lar\u0131n\u0131 \u00e7ok sevmesinden midir bilinmez ama ayaklar\u0131na dolanan sa\u00e7lar\u0131n\u0131 bir t\u00fcrl\u00fc kestirmek istemez&#8230; Peki ama Defne sonsuza kadar sa\u00e7lar\u0131n\u0131 uzatamaz ki! Sorgulayan ve sa\u00e7lar\u0131n\u0131 kestirmemek i\u00e7in bin bir t\u00fcrl\u00fc parlak fikirler bulan Defne&#8217;yi, annesi nas\u0131l ikna edecek dersiniz&#8230; Sa\u00e7lar\u0131n\u0131 \u00e7ok ama \u00e7ok seven Defne ile s\u0131cac\u0131k bir \u00f6yk\u00fc sizi bekliyor. \ufffcTan\u0131t\u0131m Metni<\/p>\n","protected":false},"excerpt":{"rendered":"<p>Kendisi minik ama fikirleri kocaman bir \u00e7ocuktur Defne. \u00dcstelik biraz da inat\u00e7\u0131d\u0131r. \u0130nad\u0131ndan m\u0131d\u0131r, yoksa sa\u00e7lar\u0131n\u0131 \u00e7ok sevmesinden midir bilinmez ama ayaklar\u0131na dolanan sa\u00e7lar\u0131n\u0131 bir t\u00fcrl\u00fc<span class=\"excerpt-hellip\"> [\u2026]<\/span><\/p>\n","protected":false},"featured_media":0,"template":"","meta":{"_monsterinsights_skip_tracking":false,"_monsterinsights_sitenote_active":false,"_monsterinsights_sitenote_note":"","_monsterinsights_sitenote_category":0},"product_brand":[],"product_cat":[12913,12274],"product_tag":[],"class_list":{"0":"post-709037","1":"product","2":"type-product","3":"status-publish","5":"product_cat-3-6-yas-kitaplari","6":"product_cat-cocuk-ve-genclik-kitaplari","7":"pa_cilt-ciltsiz","8":"pa_tur-kitap","9":"pa_yayinevi-timas-cocuk","10":"pa_yazar-gursoy-duzenli","12":"first","13":"instock","14":"sale","15":"shipping-taxable","16":"purchasable","17":"product-type-simple"},"_links":{"self":[{"href":"https:\/\/roveyayinevi.com.tr\/index.php\/wp-json\/wp\/v2\/product\/709037","targetHints":{"allow":["GET"]}}],"collection":[{"href":"https:\/\/roveyayinevi.com.tr\/index.php\/wp-json\/wp\/v2\/product"}],"about":[{"href":"https:\/\/roveyayinevi.com.tr\/index.php\/wp-json\/wp\/v2\/types\/product"}],"wp:attachment":[{"href":"https:\/\/roveyayinevi.com.tr\/index.php\/wp-json\/wp\/v2\/media?parent=709037"}],"wp:term":[{"taxonomy":"product_brand","embeddable":true,"href":"https:\/\/roveyayinevi.com.tr\/index.php\/wp-json\/wp\/v2\/product_brand?post=709037"},{"taxonomy":"product_cat","embeddable":true,"href":"https:\/\/roveyayinevi.com.tr\/index.php\/wp-json\/wp\/v2\/product_cat?post=709037"},{"taxonomy":"product_tag","embeddable":true,"href":"https:\/\/roveyayinevi.com.tr\/index.php\/wp-json\/wp\/v2\/product_tag?post=709037"}],"curies":[{"name":"wp","href":"https:\/\/api.w.org\/{rel}","templated":true}]}}